{"id":62396,"date":"2025-12-30T18:52:37","date_gmt":"2025-12-30T18:52:37","guid":{"rendered":"https:\/\/modesthanim.com\/product\/kadin-dantel-detayli-elbise-12653elb-stone\/"},"modified":"2026-02-10T20:07:41","modified_gmt":"2026-02-10T20:07:41","slug":"kadin-dantel-detayli-elbise-12653elb-stone","status":"publish","type":"product","link":"https:\/\/mod.wisdar.net\/tr\/urun\/kadin-dantel-detayli-elbise-12653elb-stone\/","title":{"rendered":"Kad\u0131n Dantel Detayl\u0131 Elbise \u2013 12653ELB \u2013 STONE"},"content":{"rendered":"<p>A\u00e7\u0131klama : Zarif dantel detaylar\u0131yla feminen bir hava kazanan bu elbise, \u00f6zel g\u00fcnlerden g\u00fcnl\u00fck \u015f\u0131kl\u0131\u011fa kadar \u00e7ok y\u00f6nl\u00fc bir kullan\u0131m sunar. Hafif kuma\u015f\u0131 ve konforlu kesimiyle modern \u015f\u0131kl\u0131\u011f\u0131 zarif bir dokunu\u015fla bir araya getirir.<\/p>\n<p>\u00d6l\u00e7\u00fc Tablosu<br \/>\nBeden\tG\u00f6\u011f\u00fcs (cm)\tBel (cm)\tBasen (cm)\tBoy (cm)<br \/>\nS\t48\t\u2013\t\u2013\t134,5<br \/>\nM\t50\t\u2013\t\u2013\t135<br \/>\nL\t52\t\u2013\t\u2013\t135,5<br \/>\nXL\t54\t\u2013\t\u2013\t136<\/p>\n<p>\u2014 Technical Details \u2014<br \/>\nKuma\u015f: \u00d6rme<br \/>\nBoy: Uzun<br \/>\nKal\u0131p: Regular<br \/>\nYa\u015f Grubu: Yeti\u015fkin<br \/>\nDesen: Garnili<br \/>\nKuma\u015f \u0130\u00e7eri\u011fi: 100% POLYESTER<\/p>\n","protected":false},"excerpt":{"rendered":"<p>A\u00e7\u0131klama : Zarif dantel detaylar\u0131yla feminen bir hava kazanan bu elbise, \u00f6zel g\u00fcnlerden g\u00fcnl\u00fck \u015f\u0131kl\u0131\u011fa kadar \u00e7ok y\u00f6nl\u00fc bir kullan\u0131m sunar. Hafif kuma\u015f\u0131 ve konforlu kesimiyle modern \u015f\u0131kl\u0131\u011f\u0131 zarif bir dokunu\u015fla bir araya getirir. \u00d6l\u00e7\u00fc Tablosu Beden G\u00f6\u011f\u00fcs (cm) Bel (cm) Basen (cm) Boy (cm) S 48 \u2013 \u2013 134,5 M 50 \u2013 \u2013 135 [&hellip;]<\/p>\n","protected":false},"featured_media":62395,"comment_status":"open","ping_status":"closed","template":"","meta":[],"product_brand":[],"product_cat":[6249,1933],"product_tag":[6770,6772,6750,6745],"class_list":{"0":"post-62396","1":"product","2":"type-product","3":"status-publish","4":"has-post-thumbnail","6":"product_cat-elbiseler","7":"product_cat-gunluk-ve-gunduz-elbiseleri","8":"product_tag-gunluk-giyim","9":"product_tag-ozel-gun","10":"product_tag-polyester-elbise","11":"product_tag-zarif-elbise","12":"pa_brand-puane","13":"pa_color-stone","14":"pa_size-l","15":"pa_size-m","16":"pa_size-s","17":"pa_size-xl","19":"first","20":"instock","21":"shipping-taxable","22":"purchasable","23":"product-type-variable"},"_links":{"self":[{"href":"https:\/\/mod.wisdar.net\/tr\/wp-json\/wp\/v2\/product\/62396","targetHints":{"allow":["GET"]}}],"collection":[{"href":"https:\/\/mod.wisdar.net\/tr\/wp-json\/wp\/v2\/product"}],"about":[{"href":"https:\/\/mod.wisdar.net\/tr\/wp-json\/wp\/v2\/types\/product"}],"replies":[{"embeddable":true,"href":"https:\/\/mod.wisdar.net\/tr\/wp-json\/wp\/v2\/comments?post=62396"}],"wp:featuredmedia":[{"embeddable":true,"href":"https:\/\/mod.wisdar.net\/tr\/wp-json\/wp\/v2\/media\/62395"}],"wp:attachment":[{"href":"https:\/\/mod.wisdar.net\/tr\/wp-json\/wp\/v2\/media?parent=62396"}],"wp:term":[{"taxonomy":"product_brand","embeddable":true,"href":"https:\/\/mod.wisdar.net\/tr\/wp-json\/wp\/v2\/product_brand?post=62396"},{"taxonomy":"product_cat","embeddable":true,"href":"https:\/\/mod.wisdar.net\/tr\/wp-json\/wp\/v2\/product_cat?post=62396"},{"taxonomy":"product_tag","embeddable":true,"href":"https:\/\/mod.wisdar.net\/tr\/wp-json\/wp\/v2\/product_tag?post=62396"}],"curies":[{"name":"wp","href":"https:\/\/api.w.org\/{rel}","templated":true}]}}