{"id":62419,"date":"2025-12-15T08:37:09","date_gmt":"2025-12-15T08:37:09","guid":{"rendered":"https:\/\/modesthanim.com\/product\/organze-kap-elbise-lacivert\/"},"modified":"2026-02-23T11:10:37","modified_gmt":"2026-02-23T11:10:37","slug":"organze-kap-elbise-lacivert","status":"publish","type":"product","link":"https:\/\/mod.wisdar.net\/tr\/urun\/organze-kap-elbise-lacivert\/","title":{"rendered":"Organze Kap Elbise Lacivert"},"content":{"rendered":"<p>Organze Kap Elbise&#8217;nin i\u00e7erisinde \u201cD\u00fcz Kuplu Elbise\u201d yer almaktad\u0131r. Organze Kap Elbise ve D\u00fcz Kuplu Elbise ayr\u0131 ayr\u0131 sat\u0131lmaktad\u0131r. \u00dcr\u00fcn tek olarak sat\u0131lmaktad\u0131r. Elde y\u0131kanmaz kuru temizleme yap\u0131n\u0131z.<\/p>\n<p>\u2014 Teknik Detaylar \u2014<br \/>\nSezon: YAZ<br \/>\nCinsiyet: Kad\u0131n<br \/>\nMalzeme: Pes<br \/>\nKuma\u015f \u0130\u00e7eri\u011fi: %100 Pes<br \/>\nKal\u0131p: Tam Kal\u0131p<br \/>\nKol Boyu: Uzun Kollu<br \/>\nYaka Tipi: G\u00f6mlek Yaka<br \/>\nManken \u00d6l\u00e7\u00fcleri: 1,77<br \/>\nMankenin Giydi\u011fi Beden: S Beden<br \/>\nA\u00e7\u0131klama: Elde y\u0131kanmaz kuru temizleme yap\u0131n\u0131z.<\/p>\n","protected":false},"excerpt":{"rendered":"<p>Organze Kap Elbise&#8217;nin i\u00e7erisinde \u201cD\u00fcz Kuplu Elbise\u201d yer almaktad\u0131r. Organze Kap Elbise ve D\u00fcz Kuplu Elbise ayr\u0131 ayr\u0131 sat\u0131lmaktad\u0131r. \u00dcr\u00fcn tek olarak sat\u0131lmaktad\u0131r. Elde y\u0131kanmaz kuru temizleme yap\u0131n\u0131z. \u2014 Teknik Detaylar \u2014 Sezon: YAZ Cinsiyet: Kad\u0131n Malzeme: Pes Kuma\u015f \u0130\u00e7eri\u011fi: %100 Pes Kal\u0131p: Tam Kal\u0131p Kol Boyu: Uzun Kollu Yaka Tipi: G\u00f6mlek Yaka Manken \u00d6l\u00e7\u00fcleri: [&hellip;]<\/p>\n","protected":false},"featured_media":62413,"comment_status":"open","ping_status":"closed","template":"","meta":[],"product_brand":[],"product_cat":[6249,1936],"product_tag":[7523,7845,7526],"class_list":{"0":"post-62419","1":"product","2":"type-product","3":"status-publish","4":"has-post-thumbnail","6":"product_cat-elbiseler","7":"product_cat-resmi-ve-aksam-elbiseleri","8":"product_tag-dress","9":"product_tag-kadin","10":"product_tag-long-sleeve","11":"pa_brand-minik-terzi","12":"pa_color-lacivert","13":"pa_size-l","14":"pa_size-m","15":"pa_size-s","17":"first","18":"instock","19":"sale","20":"shipping-taxable","21":"purchasable","22":"product-type-variable"},"_links":{"self":[{"href":"https:\/\/mod.wisdar.net\/tr\/wp-json\/wp\/v2\/product\/62419","targetHints":{"allow":["GET"]}}],"collection":[{"href":"https:\/\/mod.wisdar.net\/tr\/wp-json\/wp\/v2\/product"}],"about":[{"href":"https:\/\/mod.wisdar.net\/tr\/wp-json\/wp\/v2\/types\/product"}],"replies":[{"embeddable":true,"href":"https:\/\/mod.wisdar.net\/tr\/wp-json\/wp\/v2\/comments?post=62419"}],"wp:featuredmedia":[{"embeddable":true,"href":"https:\/\/mod.wisdar.net\/tr\/wp-json\/wp\/v2\/media\/62413"}],"wp:attachment":[{"href":"https:\/\/mod.wisdar.net\/tr\/wp-json\/wp\/v2\/media?parent=62419"}],"wp:term":[{"taxonomy":"product_brand","embeddable":true,"href":"https:\/\/mod.wisdar.net\/tr\/wp-json\/wp\/v2\/product_brand?post=62419"},{"taxonomy":"product_cat","embeddable":true,"href":"https:\/\/mod.wisdar.net\/tr\/wp-json\/wp\/v2\/product_cat?post=62419"},{"taxonomy":"product_tag","embeddable":true,"href":"https:\/\/mod.wisdar.net\/tr\/wp-json\/wp\/v2\/product_tag?post=62419"}],"curies":[{"name":"wp","href":"https:\/\/api.w.org\/{rel}","templated":true}]}}