{"id":62443,"date":"2025-11-07T20:16:06","date_gmt":"2025-11-02T14:11:01","guid":{"rendered":"https:\/\/modesthanim.com\/product\/haki-renkli-goz-detayli-pantolon-takim\/"},"modified":"2026-04-02T22:05:19","modified_gmt":"2026-04-02T22:05:19","slug":"haki-renkli-goz-detayli-pantolon-takim","status":"publish","type":"product","link":"https:\/\/mod.wisdar.net\/tr\/urun\/haki-renkli-goz-detayli-pantolon-takim\/","title":{"rendered":"Haki Renkli G\u00f6z Detayl\u0131 Pantolon Tak\u0131m"},"content":{"rendered":"<p>Modal kar\u0131\u015f\u0131ml\u0131 kuma\u015ftan \u00fcretilen bu pantolon tak\u0131m\u0131, bisiklet yaka, \u00f6n pat, g\u00f6z detayl\u0131 kapama, geni\u015f man\u015fetli uzun kollu ve cepli, \u00e7ok katl\u0131 pilili elastik bel pantolon \u00f6zelliklerine sahiptir.<\/p>\n<p>Beden 1 (36-38) \u00dcST Uzunluk: 71 cm, Omuz Geni\u015fli\u011fi: 42 cm, Kol Uzunlu\u011fu: 62 cm, G\u00f6\u011f\u00fcs: 52 cm, Bel: 49 cm.<br \/>\nPANTOLON Uzunluk: 104 cm, Bel: 34 cm, Kal\u00e7a: 37 cm.<\/p>\n<p>Beden 2 (40-42) \u00dcST Uzunluk: 72 cm, Omuz Geni\u015fli\u011fi: 44 cm, Kol Uzunlu\u011fu: 64 cm, G\u00f6\u011f\u00fcs: 55 cm, Bel: 52 cm.<br \/>\nPANTOLON Uzunluk: 105 cm, Bel: 37 cm, Kal\u00e7a: 41 cm.<\/p>\n","protected":false},"excerpt":{"rendered":"<p>Modal kar\u0131\u015f\u0131ml\u0131 kuma\u015ftan \u00fcretilen bu pantolon tak\u0131m\u0131, bisiklet yaka, \u00f6n pat, g\u00f6z detayl\u0131 kapama, geni\u015f man\u015fetli uzun kollu ve cepli, \u00e7ok katl\u0131 pilili elastik bel pantolon \u00f6zelliklerine sahiptir. Beden 1 (36-38) \u00dcST Uzunluk: 71 cm, Omuz Geni\u015fli\u011fi: 42 cm, Kol Uzunlu\u011fu: 62 cm, G\u00f6\u011f\u00fcs: 52 cm, Bel: 49 cm. PANTOLON Uzunluk: 104 cm, Bel: 34 [&hellip;]<\/p>\n","protected":false},"featured_media":62433,"comment_status":"open","ping_status":"closed","template":"","meta":[],"product_brand":[],"product_cat":[1900],"product_tag":[7547],"class_list":{"0":"post-62443","1":"product","2":"type-product","3":"status-publish","4":"has-post-thumbnail","6":"product_cat-koordinatlar-setler","7":"product_tag-kadin-giyim","8":"pa_brand-fahhar","9":"pa_color-haki","10":"pa_size-1-36-38","11":"pa_size-2-40-42","13":"first","14":"outofstock","15":"shipping-taxable","16":"product-type-variable"},"_links":{"self":[{"href":"https:\/\/mod.wisdar.net\/tr\/wp-json\/wp\/v2\/product\/62443","targetHints":{"allow":["GET"]}}],"collection":[{"href":"https:\/\/mod.wisdar.net\/tr\/wp-json\/wp\/v2\/product"}],"about":[{"href":"https:\/\/mod.wisdar.net\/tr\/wp-json\/wp\/v2\/types\/product"}],"replies":[{"embeddable":true,"href":"https:\/\/mod.wisdar.net\/tr\/wp-json\/wp\/v2\/comments?post=62443"}],"wp:featuredmedia":[{"embeddable":true,"href":"https:\/\/mod.wisdar.net\/tr\/wp-json\/wp\/v2\/media\/62433"}],"wp:attachment":[{"href":"https:\/\/mod.wisdar.net\/tr\/wp-json\/wp\/v2\/media?parent=62443"}],"wp:term":[{"taxonomy":"product_brand","embeddable":true,"href":"https:\/\/mod.wisdar.net\/tr\/wp-json\/wp\/v2\/product_brand?post=62443"},{"taxonomy":"product_cat","embeddable":true,"href":"https:\/\/mod.wisdar.net\/tr\/wp-json\/wp\/v2\/product_cat?post=62443"},{"taxonomy":"product_tag","embeddable":true,"href":"https:\/\/mod.wisdar.net\/tr\/wp-json\/wp\/v2\/product_tag?post=62443"}],"curies":[{"name":"wp","href":"https:\/\/api.w.org\/{rel}","templated":true}]}}