{"id":62470,"date":"2025-11-07T20:16:06","date_gmt":"2025-11-02T14:10:17","guid":{"rendered":"https:\/\/modesthanim.com\/product\/sari-renkte-basic-modal-gomlek-takimi\/"},"modified":"2026-04-03T18:42:55","modified_gmt":"2026-04-03T18:42:55","slug":"sari-renkte-basic-modal-gomlek-takimi","status":"publish","type":"product","link":"https:\/\/mod.wisdar.net\/tr\/urun\/sari-renkte-basic-modal-gomlek-takimi\/","title":{"rendered":"Sar\u0131 Renkte Basic Modal G\u00f6mlek Tak\u0131m\u0131"},"content":{"rendered":"<p>Ak\u0131c\u0131 dokuma modal kuma\u015ftan \u00fcretilmi\u015f bu tak\u0131m, g\u00f6mlek yaka, d\u00fc\u011fmeli \u00f6n k\u0131s\u0131m, uzun kollar ve elastik beli ve cepli, rahat kesim pantolon i\u00e7erir. Beden 1 (36-38) \u00dcST \u00d6n Uzunluk: 72 cm, Arka Uzunluk: 80 cm, Omuz Geni\u015fli\u011fi: 43 cm, Kol Uzunlu\u011fu: 57 cm, G\u00f6\u011f\u00fcs: 50 cm, Bel: 56 cm ALT Uzunluk: 92 cm, Normal Bel: 29 cm, Esnek Bel: 46 cm, Kal\u00e7a: 49 cm. Beden 2 (40-42) \u00dcST \u00d6n Uzunluk: 73 cm, Arka Uzunluk: 81 cm, Omuz Geni\u015fli\u011fi: 44 cm, Kol Uzunlu\u011fu: 57 cm, G\u00f6\u011f\u00fcs: 52 cm, Bel: 56 cm. ALT Uzunluk: 94 cm, Normal Bel: 31 cm, Esnek Bel: 48 cm, Kal\u00e7a: 54 cm.<\/p>\n","protected":false},"excerpt":{"rendered":"<p>Ak\u0131c\u0131 dokuma modal kuma\u015ftan \u00fcretilmi\u015f bu tak\u0131m, g\u00f6mlek yaka, d\u00fc\u011fmeli \u00f6n k\u0131s\u0131m, uzun kollar ve elastik beli ve cepli, rahat kesim pantolon i\u00e7erir. Beden 1 (36-38) \u00dcST \u00d6n Uzunluk: 72 cm, Arka Uzunluk: 80 cm, Omuz Geni\u015fli\u011fi: 43 cm, Kol Uzunlu\u011fu: 57 cm, G\u00f6\u011f\u00fcs: 50 cm, Bel: 56 cm ALT Uzunluk: 92 cm, Normal Bel: [&hellip;]<\/p>\n","protected":false},"featured_media":62459,"comment_status":"open","ping_status":"closed","template":"","meta":[],"product_brand":[],"product_cat":[],"product_tag":[],"class_list":{"0":"post-62470","1":"product","2":"type-product","3":"status-publish","4":"has-post-thumbnail","7":"first","8":"instock","9":"sale","10":"shipping-taxable","11":"purchasable","12":"product-type-variable"},"_links":{"self":[{"href":"https:\/\/mod.wisdar.net\/tr\/wp-json\/wp\/v2\/product\/62470","targetHints":{"allow":["GET"]}}],"collection":[{"href":"https:\/\/mod.wisdar.net\/tr\/wp-json\/wp\/v2\/product"}],"about":[{"href":"https:\/\/mod.wisdar.net\/tr\/wp-json\/wp\/v2\/types\/product"}],"replies":[{"embeddable":true,"href":"https:\/\/mod.wisdar.net\/tr\/wp-json\/wp\/v2\/comments?post=62470"}],"wp:featuredmedia":[{"embeddable":true,"href":"https:\/\/mod.wisdar.net\/tr\/wp-json\/wp\/v2\/media\/62459"}],"wp:attachment":[{"href":"https:\/\/mod.wisdar.net\/tr\/wp-json\/wp\/v2\/media?parent=62470"}],"wp:term":[{"taxonomy":"product_brand","embeddable":true,"href":"https:\/\/mod.wisdar.net\/tr\/wp-json\/wp\/v2\/product_brand?post=62470"},{"taxonomy":"product_cat","embeddable":true,"href":"https:\/\/mod.wisdar.net\/tr\/wp-json\/wp\/v2\/product_cat?post=62470"},{"taxonomy":"product_tag","embeddable":true,"href":"https:\/\/mod.wisdar.net\/tr\/wp-json\/wp\/v2\/product_tag?post=62470"}],"curies":[{"name":"wp","href":"https:\/\/api.w.org\/{rel}","templated":true}]}}