{"id":62484,"date":"2025-11-07T20:16:06","date_gmt":"2025-11-02T14:08:17","guid":{"rendered":"https:\/\/modesthanim.com\/product\/yosun-yesili-tencel-modal-palazzo-takimi\/"},"modified":"2026-04-10T18:52:17","modified_gmt":"2026-04-10T18:52:17","slug":"yosun-yesili-tencel-modal-palazzo-takimi","status":"publish","type":"product","link":"https:\/\/mod.wisdar.net\/tr\/urun\/yosun-yesili-tencel-modal-palazzo-takimi\/","title":{"rendered":"Yosun Ye\u015fili Tencel Modal Palazzo Tak\u0131m\u0131"},"content":{"rendered":"<p>Beden 1 (36-38) \u00dcST \u00d6n Uzunluk: 65 cm, Arka Uzunluk: 70 cm, Omuz Geni\u015fli\u011fi: 62 cm, Kol Uzunlu\u011fu: 46 cm, G\u00f6\u011f\u00fcs: 60 cm, Kal\u00e7a: 60 cm. ALT Uzunluk: 97 cm, Gev\u015fek Bel: 29 cm, Gerilmi\u015f Bel: 50 cm, Kal\u00e7a: 52 cm.<\/p>\n<p>Beden 2 (40-42) \u00dcST \u00d6n Uzunluk: 67 cm, Arka Uzunluk: 73 cm, Omuz Geni\u015fli\u011fi: 63 cm, Kol Uzunlu\u011fu: 46 cm, G\u00f6\u011f\u00fcs: 60 cm, Kal\u00e7a: 61 cm. ALT Uzunluk: 105 cm, Gev\u015fek Bel: 30 cm, Gerilmi\u015f Bel: 51 cm, Kal\u00e7a: 53 cm.<\/p>\n","protected":false},"excerpt":{"rendered":"<p>Beden 1 (36-38) \u00dcST \u00d6n Uzunluk: 65 cm, Arka Uzunluk: 70 cm, Omuz Geni\u015fli\u011fi: 62 cm, Kol Uzunlu\u011fu: 46 cm, G\u00f6\u011f\u00fcs: 60 cm, Kal\u00e7a: 60 cm. ALT Uzunluk: 97 cm, Gev\u015fek Bel: 29 cm, Gerilmi\u015f Bel: 50 cm, Kal\u00e7a: 52 cm. Beden 2 (40-42) \u00dcST \u00d6n Uzunluk: 67 cm, Arka Uzunluk: 73 cm, Omuz Geni\u015fli\u011fi: [&hellip;]<\/p>\n","protected":false},"featured_media":62473,"comment_status":"open","ping_status":"closed","template":"","meta":[],"product_brand":[],"product_cat":[1900],"product_tag":[7376],"class_list":{"0":"post-62484","1":"product","2":"type-product","3":"status-publish","4":"has-post-thumbnail","6":"product_cat-koordinatlar-setler","7":"product_tag-modal","8":"pa_brand-fahhar","9":"pa_color-kuf-yesili","10":"pa_size-1-36-38","11":"pa_size-2-40-42","13":"first","14":"instock","15":"sale","16":"shipping-taxable","17":"purchasable","18":"product-type-variable"},"_links":{"self":[{"href":"https:\/\/mod.wisdar.net\/tr\/wp-json\/wp\/v2\/product\/62484","targetHints":{"allow":["GET"]}}],"collection":[{"href":"https:\/\/mod.wisdar.net\/tr\/wp-json\/wp\/v2\/product"}],"about":[{"href":"https:\/\/mod.wisdar.net\/tr\/wp-json\/wp\/v2\/types\/product"}],"replies":[{"embeddable":true,"href":"https:\/\/mod.wisdar.net\/tr\/wp-json\/wp\/v2\/comments?post=62484"}],"wp:featuredmedia":[{"embeddable":true,"href":"https:\/\/mod.wisdar.net\/tr\/wp-json\/wp\/v2\/media\/62473"}],"wp:attachment":[{"href":"https:\/\/mod.wisdar.net\/tr\/wp-json\/wp\/v2\/media?parent=62484"}],"wp:term":[{"taxonomy":"product_brand","embeddable":true,"href":"https:\/\/mod.wisdar.net\/tr\/wp-json\/wp\/v2\/product_brand?post=62484"},{"taxonomy":"product_cat","embeddable":true,"href":"https:\/\/mod.wisdar.net\/tr\/wp-json\/wp\/v2\/product_cat?post=62484"},{"taxonomy":"product_tag","embeddable":true,"href":"https:\/\/mod.wisdar.net\/tr\/wp-json\/wp\/v2\/product_tag?post=62484"}],"curies":[{"name":"wp","href":"https:\/\/api.w.org\/{rel}","templated":true}]}}