{"id":62507,"date":"2025-11-07T20:16:06","date_gmt":"2025-11-02T14:07:04","guid":{"rendered":"https:\/\/modesthanim.com\/product\/lyocell-keten-gomlek-ve-pantolon-takimi\/"},"modified":"2026-04-10T18:50:45","modified_gmt":"2026-04-10T18:50:45","slug":"lyocell-keten-gomlek-ve-pantolon-takimi","status":"publish","type":"product","link":"https:\/\/mod.wisdar.net\/tr\/urun\/lyocell-keten-gomlek-ve-pantolon-takimi\/","title":{"rendered":"Lyocell Keten G\u00f6mlek ve Pantolon Tak\u0131m\u0131"},"content":{"rendered":"<p>Y\u00fczde 70 lyocell ve y\u00fczde 30 keten kar\u0131\u015f\u0131m\u0131 kuma\u015ftan \u00fcretilmi\u015f bu tak\u0131m, yaka detayl\u0131 d\u00fc\u011fmeli g\u00f6mlek, yan cepler ve belirgin k\u0131vr\u0131m detaylar\u0131 ile birlikte, \u00f6n kapakl\u0131, fermuarl\u0131 ve d\u00fc\u011fmeli, cepli elastik arka palazzo pantolonlar\u0131 i\u00e7erir. Beden 1 (36-38): \u00d6n Uzunluk: 73 cm, Arka Uzunluk: 77 cm, Kol Uzunlu\u011fu: 54 cm, Omuz Geni\u015fli\u011fi: 49 cm, G\u00f6\u011f\u00fcs: 56 cm, Bel: 59 cm, Kal\u00e7a: 67 cm. Pantolon Uzunlu\u011fu: 105 cm, Normal Bel: 30 cm, Esnek Bel: 39 cm. Beden 2 (40-42): \u00d6n Uzunluk: 75 cm, Arka Uzunluk: 78 cm, Kol Uzunlu\u011fu: 55 cm, Omuz Geni\u015fli\u011fi: 50 cm, G\u00f6\u011f\u00fcs: 60 cm, Bel: 62 cm, Kal\u00e7a: 68 cm. Pantolon Uzunlu\u011fu: 107 cm, Normal Bel: 33 cm, Esnek Bel: 42 cm.<\/p>\n","protected":false},"excerpt":{"rendered":"<p>Y\u00fczde 70 lyocell ve y\u00fczde 30 keten kar\u0131\u015f\u0131m\u0131 kuma\u015ftan \u00fcretilmi\u015f bu tak\u0131m, yaka detayl\u0131 d\u00fc\u011fmeli g\u00f6mlek, yan cepler ve belirgin k\u0131vr\u0131m detaylar\u0131 ile birlikte, \u00f6n kapakl\u0131, fermuarl\u0131 ve d\u00fc\u011fmeli, cepli elastik arka palazzo pantolonlar\u0131 i\u00e7erir. Beden 1 (36-38): \u00d6n Uzunluk: 73 cm, Arka Uzunluk: 77 cm, Kol Uzunlu\u011fu: 54 cm, Omuz Geni\u015fli\u011fi: 49 cm, G\u00f6\u011f\u00fcs: [&hellip;]<\/p>\n","protected":false},"featured_media":62501,"comment_status":"open","ping_status":"closed","template":"","meta":[],"product_brand":[],"product_cat":[1900],"product_tag":[61,3129,3192,3014,3028,3392,3029],"class_list":{"0":"post-62507","1":"product","2":"type-product","3":"status-publish","4":"has-post-thumbnail","6":"product_cat-koordinatlar-setler","7":"product_tag-fashion","8":"product_tag-linen","9":"product_tag-lyocell","10":"product_tag-pants","11":"product_tag-set","12":"product_tag-shirt","13":"product_tag-women","14":"pa_brand-fahhar","15":"pa_color-tas","16":"pa_size-1-36-38","17":"pa_size-2-40-42","19":"first","20":"instock","21":"sale","22":"shipping-taxable","23":"purchasable","24":"product-type-variable"},"_links":{"self":[{"href":"https:\/\/mod.wisdar.net\/tr\/wp-json\/wp\/v2\/product\/62507","targetHints":{"allow":["GET"]}}],"collection":[{"href":"https:\/\/mod.wisdar.net\/tr\/wp-json\/wp\/v2\/product"}],"about":[{"href":"https:\/\/mod.wisdar.net\/tr\/wp-json\/wp\/v2\/types\/product"}],"replies":[{"embeddable":true,"href":"https:\/\/mod.wisdar.net\/tr\/wp-json\/wp\/v2\/comments?post=62507"}],"wp:featuredmedia":[{"embeddable":true,"href":"https:\/\/mod.wisdar.net\/tr\/wp-json\/wp\/v2\/media\/62501"}],"wp:attachment":[{"href":"https:\/\/mod.wisdar.net\/tr\/wp-json\/wp\/v2\/media?parent=62507"}],"wp:term":[{"taxonomy":"product_brand","embeddable":true,"href":"https:\/\/mod.wisdar.net\/tr\/wp-json\/wp\/v2\/product_brand?post=62507"},{"taxonomy":"product_cat","embeddable":true,"href":"https:\/\/mod.wisdar.net\/tr\/wp-json\/wp\/v2\/product_cat?post=62507"},{"taxonomy":"product_tag","embeddable":true,"href":"https:\/\/mod.wisdar.net\/tr\/wp-json\/wp\/v2\/product_tag?post=62507"}],"curies":[{"name":"wp","href":"https:\/\/api.w.org\/{rel}","templated":true}]}}