{"id":62537,"date":"2025-11-07T20:16:06","date_gmt":"2025-11-02T14:05:01","guid":{"rendered":"https:\/\/modesthanim.com\/product\/ekru-vual-ceket-elbise-takimi\/"},"modified":"2026-04-10T18:43:25","modified_gmt":"2026-04-10T18:43:25","slug":"ekru-vual-ceket-elbise-takimi","status":"publish","type":"product","link":"https:\/\/mod.wisdar.net\/tr\/urun\/ekru-vual-ceket-elbise-takimi\/","title":{"rendered":"Ekru Vual Ceket Elbise Tak\u0131m\u0131"},"content":{"rendered":"<p>Y\u00fczde y\u00fcz pamuk vual kuma\u015ftan \u00fcretilmi\u015f bu tak\u0131m, geni\u015f kollu bir k\u0131sa ceket ve arkadan fermuarl\u0131 kal\u0131n ask\u0131l\u0131 bir elbise i\u00e7erir.<\/p>\n<p>Beden 36 \u00d6l\u00e7\u00fcleri: Uzunluk: 143 cm, Kol Uzunlu\u011fu: 61 cm, Omuz Geni\u015fli\u011fi: 39 cm, G\u00f6\u011f\u00fcs: 47 cm, Bel: 42 cm.<\/p>\n","protected":false},"excerpt":{"rendered":"<p>Y\u00fczde y\u00fcz pamuk vual kuma\u015ftan \u00fcretilmi\u015f bu tak\u0131m, geni\u015f kollu bir k\u0131sa ceket ve arkadan fermuarl\u0131 kal\u0131n ask\u0131l\u0131 bir elbise i\u00e7erir. Beden 36 \u00d6l\u00e7\u00fcleri: Uzunluk: 143 cm, Kol Uzunlu\u011fu: 61 cm, Omuz Geni\u015fli\u011fi: 39 cm, G\u00f6\u011f\u00fcs: 47 cm, Bel: 42 cm.<\/p>\n","protected":false},"featured_media":62533,"comment_status":"open","ping_status":"closed","template":"","meta":[],"product_brand":[],"product_cat":[1900],"product_tag":[6757],"class_list":{"0":"post-62537","1":"product","2":"type-product","3":"status-publish","4":"has-post-thumbnail","6":"product_cat-koordinatlar-setler","7":"product_tag-ekru","8":"pa_brand-fahhar","9":"pa_color-ekru","10":"pa_size-1-36-38","11":"pa_size-2-40-42","13":"first","14":"instock","15":"sale","16":"shipping-taxable","17":"purchasable","18":"product-type-variable"},"_links":{"self":[{"href":"https:\/\/mod.wisdar.net\/tr\/wp-json\/wp\/v2\/product\/62537","targetHints":{"allow":["GET"]}}],"collection":[{"href":"https:\/\/mod.wisdar.net\/tr\/wp-json\/wp\/v2\/product"}],"about":[{"href":"https:\/\/mod.wisdar.net\/tr\/wp-json\/wp\/v2\/types\/product"}],"replies":[{"embeddable":true,"href":"https:\/\/mod.wisdar.net\/tr\/wp-json\/wp\/v2\/comments?post=62537"}],"wp:featuredmedia":[{"embeddable":true,"href":"https:\/\/mod.wisdar.net\/tr\/wp-json\/wp\/v2\/media\/62533"}],"wp:attachment":[{"href":"https:\/\/mod.wisdar.net\/tr\/wp-json\/wp\/v2\/media?parent=62537"}],"wp:term":[{"taxonomy":"product_brand","embeddable":true,"href":"https:\/\/mod.wisdar.net\/tr\/wp-json\/wp\/v2\/product_brand?post=62537"},{"taxonomy":"product_cat","embeddable":true,"href":"https:\/\/mod.wisdar.net\/tr\/wp-json\/wp\/v2\/product_cat?post=62537"},{"taxonomy":"product_tag","embeddable":true,"href":"https:\/\/mod.wisdar.net\/tr\/wp-json\/wp\/v2\/product_tag?post=62537"}],"curies":[{"name":"wp","href":"https:\/\/api.w.org\/{rel}","templated":true}]}}