{"id":62555,"date":"2025-11-02T14:03:06","date_gmt":"2025-11-02T14:03:06","guid":{"rendered":"https:\/\/modesthanim.com\/product\/avokado-yesili-jakarli-kadin-takimi\/"},"modified":"2026-04-10T18:42:00","modified_gmt":"2026-04-10T18:42:00","slug":"avokado-yesili-jakarli-kadin-takimi","status":"publish","type":"product","link":"https:\/\/mod.wisdar.net\/tr\/urun\/avokado-yesili-jakarli-kadin-takimi\/","title":{"rendered":"Avokado Ye\u015fili Jakarl\u0131 Kad\u0131n Tak\u0131m\u0131"},"content":{"rendered":"<p>Model \u00d6l\u00e7\u00fcleri Boy: 1.75 cm, Beden: 36. BEDEN 1 (36\/38) Etek Uzunlu\u011fu: 95 cm, Sabit Bel: 32 cm, Bel: 40 cm, Kal\u00e7a: 65 cm, Kol Uzunlu\u011fu: 59 cm, Omuz Geni\u015fli\u011fi: 38 cm, G\u00f6\u011f\u00fcs: 47 cm, \u00dcst Uzunluk: 46 cm BEDEN 2 (40\/42) Etek Uzunlu\u011fu: 96 cm, Sabit Bel: 34 cm, Bel: 42 cm, Kal\u00e7a: 67 cm, Kol Uzunlu\u011fu: 60 cm, Omuz Geni\u015fli\u011fi: 40 cm, G\u00f6\u011f\u00fcs: 48 cm, \u00dcst Uzunluk: 47 cm<\/p>\n","protected":false},"excerpt":{"rendered":"<p>Model \u00d6l\u00e7\u00fcleri Boy: 1.75 cm, Beden: 36. BEDEN 1 (36\/38) Etek Uzunlu\u011fu: 95 cm, Sabit Bel: 32 cm, Bel: 40 cm, Kal\u00e7a: 65 cm, Kol Uzunlu\u011fu: 59 cm, Omuz Geni\u015fli\u011fi: 38 cm, G\u00f6\u011f\u00fcs: 47 cm, \u00dcst Uzunluk: 46 cm BEDEN 2 (40\/42) Etek Uzunlu\u011fu: 96 cm, Sabit Bel: 34 cm, Bel: 42 cm, Kal\u00e7a: 67 [&hellip;]<\/p>\n","protected":false},"featured_media":62547,"comment_status":"open","ping_status":"closed","template":"","meta":[],"product_brand":[],"product_cat":[1900],"product_tag":[6908],"class_list":{"0":"post-62555","1":"product","2":"type-product","3":"status-publish","4":"has-post-thumbnail","6":"product_cat-koordinatlar-setler","7":"product_tag-kadin-takim","8":"pa_brand-fahhar","9":"pa_color-avakado-yesili","10":"pa_size-1-36-38","11":"pa_size-2-40-42","13":"first","14":"instock","15":"sale","16":"shipping-taxable","17":"purchasable","18":"product-type-variable"},"_links":{"self":[{"href":"https:\/\/mod.wisdar.net\/tr\/wp-json\/wp\/v2\/product\/62555","targetHints":{"allow":["GET"]}}],"collection":[{"href":"https:\/\/mod.wisdar.net\/tr\/wp-json\/wp\/v2\/product"}],"about":[{"href":"https:\/\/mod.wisdar.net\/tr\/wp-json\/wp\/v2\/types\/product"}],"replies":[{"embeddable":true,"href":"https:\/\/mod.wisdar.net\/tr\/wp-json\/wp\/v2\/comments?post=62555"}],"wp:featuredmedia":[{"embeddable":true,"href":"https:\/\/mod.wisdar.net\/tr\/wp-json\/wp\/v2\/media\/62547"}],"wp:attachment":[{"href":"https:\/\/mod.wisdar.net\/tr\/wp-json\/wp\/v2\/media?parent=62555"}],"wp:term":[{"taxonomy":"product_brand","embeddable":true,"href":"https:\/\/mod.wisdar.net\/tr\/wp-json\/wp\/v2\/product_brand?post=62555"},{"taxonomy":"product_cat","embeddable":true,"href":"https:\/\/mod.wisdar.net\/tr\/wp-json\/wp\/v2\/product_cat?post=62555"},{"taxonomy":"product_tag","embeddable":true,"href":"https:\/\/mod.wisdar.net\/tr\/wp-json\/wp\/v2\/product_tag?post=62555"}],"curies":[{"name":"wp","href":"https:\/\/api.w.org\/{rel}","templated":true}]}}