{"id":62569,"date":"2025-11-07T20:16:06","date_gmt":"2025-11-02T13:55:40","guid":{"rendered":"https:\/\/modesthanim.com\/product\/kusgozlu-modal-etek-takim-pembe\/"},"modified":"2026-04-10T18:41:23","modified_gmt":"2026-04-10T18:41:23","slug":"kusgozlu-modal-etek-takim-pembe","status":"publish","type":"product","link":"https:\/\/mod.wisdar.net\/tr\/urun\/kusgozlu-modal-etek-takim-pembe\/","title":{"rendered":"Ku\u015fg\u00f6zl\u00fc Modal Etek Tak\u0131m Pembe"},"content":{"rendered":"<p>Modal d\u00f6k\u00fcml\u00fc dokuma kuma\u015ftan, \u00f6n\u00fc patl\u0131, ku\u015fg\u00f6zl\u00fc biye kapamal\u0131, geni\u015f kollu \u00fcst ve beli lastikli, yandan cepli, maxi boy etek tak\u0131m.<\/p>\n<p>1(36-38)BEDEN \u00dcst Uzunluk:50 cm, \u0130ki Omuz Aras\u0131 Mesafe: 42 cm , Kol Uzunlu\u011fu: 58 cm, G\u00f6\u011f\u00fcs:49 cm , Bel: 56 cm.<br \/>\n ETEK Uzunluk: 91 cm, Normal Bel:29 cm, Elle A\u00e7\u0131lm\u0131\u015f Bel: 45 cm, Basen:66 cm.<\/p>\n<p>2(40-42)BEDEN \u00dcST Uzunluk:51cm, \u0130ki Omuz Aras\u0131 Mesafe: 43cm , Kol Uzunlu\u011fu:60cm, G\u00f6\u011f\u00fcs:55cm , Bel:57cm.<br \/>\nETEK Uzunluk: 94 cm , Normal Bel: 30cm , Elle A\u00e7\u0131lm\u0131\u015f Bel:46cm , Basen:68 cm.<\/p>\n","protected":false},"excerpt":{"rendered":"<p>Modal d\u00f6k\u00fcml\u00fc dokuma kuma\u015ftan, \u00f6n\u00fc patl\u0131, ku\u015fg\u00f6zl\u00fc biye kapamal\u0131, geni\u015f kollu \u00fcst ve beli lastikli, yandan cepli, maxi boy etek tak\u0131m. 1(36-38)BEDEN \u00dcst Uzunluk:50 cm, \u0130ki Omuz Aras\u0131 Mesafe: 42 cm , Kol Uzunlu\u011fu: 58 cm, G\u00f6\u011f\u00fcs:49 cm , Bel: 56 cm. ETEK Uzunluk: 91 cm, Normal Bel:29 cm, Elle A\u00e7\u0131lm\u0131\u015f Bel: 45 cm, Basen:66 [&hellip;]<\/p>\n","protected":false},"featured_media":62558,"comment_status":"open","ping_status":"closed","template":"","meta":[],"product_brand":[],"product_cat":[1900],"product_tag":[8398,7547],"class_list":{"0":"post-62569","1":"product","2":"type-product","3":"status-publish","4":"has-post-thumbnail","6":"product_cat-koordinatlar-setler","7":"product_tag-etek-takim","8":"product_tag-kadin-giyim","9":"pa_brand-fahhar","10":"pa_color-pembe","11":"pa_size-1-36-38","12":"pa_size-2-40-42","14":"first","15":"instock","16":"sale","17":"shipping-taxable","18":"purchasable","19":"product-type-variable"},"_links":{"self":[{"href":"https:\/\/mod.wisdar.net\/tr\/wp-json\/wp\/v2\/product\/62569","targetHints":{"allow":["GET"]}}],"collection":[{"href":"https:\/\/mod.wisdar.net\/tr\/wp-json\/wp\/v2\/product"}],"about":[{"href":"https:\/\/mod.wisdar.net\/tr\/wp-json\/wp\/v2\/types\/product"}],"replies":[{"embeddable":true,"href":"https:\/\/mod.wisdar.net\/tr\/wp-json\/wp\/v2\/comments?post=62569"}],"wp:featuredmedia":[{"embeddable":true,"href":"https:\/\/mod.wisdar.net\/tr\/wp-json\/wp\/v2\/media\/62558"}],"wp:attachment":[{"href":"https:\/\/mod.wisdar.net\/tr\/wp-json\/wp\/v2\/media?parent=62569"}],"wp:term":[{"taxonomy":"product_brand","embeddable":true,"href":"https:\/\/mod.wisdar.net\/tr\/wp-json\/wp\/v2\/product_brand?post=62569"},{"taxonomy":"product_cat","embeddable":true,"href":"https:\/\/mod.wisdar.net\/tr\/wp-json\/wp\/v2\/product_cat?post=62569"},{"taxonomy":"product_tag","embeddable":true,"href":"https:\/\/mod.wisdar.net\/tr\/wp-json\/wp\/v2\/product_tag?post=62569"}],"curies":[{"name":"wp","href":"https:\/\/api.w.org\/{rel}","templated":true}]}}