{"id":62578,"date":"2025-11-07T21:26:30","date_gmt":"2025-11-07T21:26:30","guid":{"rendered":"https:\/\/modesthanim.com\/product\/ftz-women-kadin-naturel-takim-naturel-31164\/"},"modified":"2026-04-03T18:32:05","modified_gmt":"2026-04-03T18:32:05","slug":"ftz-women-kadin-naturel-takim-naturel-31164","status":"publish","type":"product","link":"https:\/\/mod.wisdar.net\/tr\/urun\/ftz-women-kadin-naturel-takim-naturel-31164\/","title":{"rendered":"FTZ Women Kad\u0131n Naturel Tak\u0131m  Naturel 31164"},"content":{"rendered":"<p>Kuma\u015f : %30 Viskon %20 Pamuk %50 Akrilik<br \/>\nKol : 42 cm<br \/>\nYaka Tipi : G\u00f6mlek Yaka<br \/>\nDesen : D\u00fcz<br \/>\nKal\u0131p : Rahat Kal\u0131p<br \/>\nModel \u00d6l\u00e7\u00fcs\u00fc<br \/>\nBeden: 36  Boy: 1.77 cm    G\u00f6\u011f\u00fcs: 85 cm    Bel: 62 cm   Kal\u00e7a: 92 cm<br \/>\n\u00dcr\u00fcn \u00d6l\u00e7\u00fcs\u00fc<br \/>\nBoy: 75 cm    G\u00f6\u011f\u00fcs: 55 cm    Bel: 35 cm   Kal\u00e7a: 44 cm<br \/>\nY\u0131kama Talimat\u0131 :<br \/>\n\u2013 Makine ile So\u011fuk Y\u0131kama Yap\u0131n\u0131z (30C veya 65F ile 85F)<br \/>\n\u2013 Kurutma Makinesinde Kurutulamaz<br \/>\n\u2013 Kuru Temizleme , Trikloretilen Ay\u0131r\u0131\u00e7\u0131s\u0131yla Az \u00c7\u00f6z\u00fcc\u00fc Kullan\u0131n\u0131z<br \/>\n\u2013 D\u00fc\u015f\u00fck Is\u0131da \u00dct\u00fcleme Yap\u0131n\u0131z<br \/>\n\u2013 \u00c7ama\u015f\u0131r Suyu Kullanmay\u0131n\u0131z<\/p>\n<p>\u2014 Technical Details \u2014<br \/>\nKuma\u015f Tipi: NATUREL<br \/>\nKal\u0131p: Regular<br \/>\nKal\u0131p \u00d6zellikleri: Regular<br \/>\nBoy: 75<br \/>\nDesen: D\u00fcz<br \/>\nAstar Durumu: Astars\u0131z<br \/>\nBel: 35<br \/>\nCep: Var<br \/>\nKal\u0131nl\u0131k: Orta<br \/>\nKemer Ku\u015fak Durumu: Ba\u011fc\u0131kl\u0131<br \/>\nKol Boyu: 42<br \/>\nKol Tipi: Standart<br \/>\nMateryal: Viskon Kar\u0131\u015f\u0131ml\u0131<br \/>\nPar\u00e7a Say\u0131s\u0131: 2<br \/>\nBeden Aral\u0131\u011f\u0131: 38\/44<\/p>\n","protected":false},"excerpt":{"rendered":"<p>Kuma\u015f : %30 Viskon %20 Pamuk %50 Akrilik Kol : 42 cm Yaka Tipi : G\u00f6mlek Yaka Desen : D\u00fcz Kal\u0131p : Rahat Kal\u0131p Model \u00d6l\u00e7\u00fcs\u00fc Beden: 36 Boy: 1.77 cm G\u00f6\u011f\u00fcs: 85 cm Bel: 62 cm Kal\u00e7a: 92 cm \u00dcr\u00fcn \u00d6l\u00e7\u00fcs\u00fc Boy: 75 cm G\u00f6\u011f\u00fcs: 55 cm Bel: 35 cm Kal\u00e7a: 44 cm Y\u0131kama [&hellip;]<\/p>\n","protected":false},"featured_media":62572,"comment_status":"open","ping_status":"closed","template":"","meta":[],"product_brand":[],"product_cat":[1900],"product_tag":[3638,3784,3674,2995,3637,3636,3029],"class_list":{"0":"post-62578","1":"product","2":"type-product","3":"status-publish","4":"has-post-thumbnail","6":"product_cat-koordinatlar-setler","7":"product_tag-collection","8":"product_tag-ftz","9":"product_tag-natural","10":"product_tag-suit","11":"product_tag-top-group","12":"product_tag-two-piece","13":"product_tag-women","14":"pa_brand-ftz-women","15":"pa_color-naturel","16":"pa_size-4706","17":"pa_size-4711","18":"pa_size-4713","19":"pa_size-4751","21":"first","22":"outofstock","23":"shipping-taxable","24":"product-type-variable"},"_links":{"self":[{"href":"https:\/\/mod.wisdar.net\/tr\/wp-json\/wp\/v2\/product\/62578","targetHints":{"allow":["GET"]}}],"collection":[{"href":"https:\/\/mod.wisdar.net\/tr\/wp-json\/wp\/v2\/product"}],"about":[{"href":"https:\/\/mod.wisdar.net\/tr\/wp-json\/wp\/v2\/types\/product"}],"replies":[{"embeddable":true,"href":"https:\/\/mod.wisdar.net\/tr\/wp-json\/wp\/v2\/comments?post=62578"}],"wp:featuredmedia":[{"embeddable":true,"href":"https:\/\/mod.wisdar.net\/tr\/wp-json\/wp\/v2\/media\/62572"}],"wp:attachment":[{"href":"https:\/\/mod.wisdar.net\/tr\/wp-json\/wp\/v2\/media?parent=62578"}],"wp:term":[{"taxonomy":"product_brand","embeddable":true,"href":"https:\/\/mod.wisdar.net\/tr\/wp-json\/wp\/v2\/product_brand?post=62578"},{"taxonomy":"product_cat","embeddable":true,"href":"https:\/\/mod.wisdar.net\/tr\/wp-json\/wp\/v2\/product_cat?post=62578"},{"taxonomy":"product_tag","embeddable":true,"href":"https:\/\/mod.wisdar.net\/tr\/wp-json\/wp\/v2\/product_tag?post=62578"}],"curies":[{"name":"wp","href":"https:\/\/api.w.org\/{rel}","templated":true}]}}