{"id":62601,"date":"2025-11-12T18:18:36","date_gmt":"2025-11-12T18:18:36","guid":{"rendered":"https:\/\/modesthanim.com\/product\/ftz-kadin-bordo-modal-kumas-pantolon-takimi-30716\/"},"modified":"2026-03-26T07:21:46","modified_gmt":"2026-03-26T07:21:46","slug":"ftz-kadin-bordo-modal-kumas-pantolon-takimi-30716","status":"publish","type":"product","link":"https:\/\/mod.wisdar.net\/tr\/urun\/ftz-kadin-bordo-modal-kumas-pantolon-takimi-30716\/","title":{"rendered":"FTZ Kad\u0131n Bordo Modal Kuma\u015f Pantolon Tak\u0131m\u0131 30716"},"content":{"rendered":"<p>Kuma\u015f: %30 Viskon, %20 Pamuk, %50 Akrilik<br \/>\nKol: 47 cm<br \/>\nYaka Tipi: Dik Yaka<br \/>\nDesen: D\u00fcz<br \/>\nKal\u0131p: Rahat Kal\u0131p<br \/>\nModel \u00d6l\u00e7\u00fcleri<br \/>\nBeden: 36 Boy: 1.73 cm G\u00f6\u011f\u00fcs: 85 cm Bel: 63 cm Kal\u00e7a: 95 cm<br \/>\n\u00dcr\u00fcn \u00d6l\u00e7\u00fcleri<br \/>\nUzunluk: 80 cm G\u00f6\u011f\u00fcs: 57 cm Bel: 37 cm Kal\u00e7a: 52 cm<br \/>\nY\u0131kama Talimatlar\u0131:<br \/>\n\u2013 So\u011fuk y\u0131kay\u0131n (30C veya 65F ile 85F)<br \/>\n\u2013 Kurutma makinesinde kurutmay\u0131n<br \/>\n\u2013 Az Trichloroethylene ile kuru temizleme yap\u0131n<br \/>\n\u2013 D\u00fc\u015f\u00fck s\u0131cakl\u0131kta \u00fct\u00fcleyin<br \/>\n\u2013 \u00c7ama\u015f\u0131r suyu kullanmay\u0131n<\/p>\n<p>\u2014 Teknik Detaylar \u2014<br \/>\nKuma\u015f Tipi: Modal<br \/>\nKal\u0131p: Normal<br \/>\nKal\u0131p \u00d6zellikleri: Normal<br \/>\nUzunluk: 80<br \/>\nDesen: D\u00fcz<br \/>\nAstar Durumu: Astars\u0131z<br \/>\nBel: 37<br \/>\nCepler: Evet<br \/>\nKal\u0131nl\u0131k: \u0130nce<br \/>\nKemer Ge\u00e7irme Durumu: Kemer ge\u00e7irmesiz<br \/>\nKol Uzunlu\u011fu: 47<br \/>\nKol Tipi: Standart<br \/>\nMalzeme: Viskon Kar\u0131\u015f\u0131m\u0131<br \/>\nPar\u00e7a Say\u0131s\u0131: 2<br \/>\nBeden Aral\u0131\u011f\u0131: 38\/44<\/p>\n","protected":false},"excerpt":{"rendered":"<p>Kuma\u015f: %30 Viskon, %20 Pamuk, %50 Akrilik Kol: 47 cm Yaka Tipi: Dik Yaka Desen: D\u00fcz Kal\u0131p: Rahat Kal\u0131p Model \u00d6l\u00e7\u00fcleri Beden: 36 Boy: 1.73 cm G\u00f6\u011f\u00fcs: 85 cm Bel: 63 cm Kal\u00e7a: 95 cm \u00dcr\u00fcn \u00d6l\u00e7\u00fcleri Uzunluk: 80 cm G\u00f6\u011f\u00fcs: 57 cm Bel: 37 cm Kal\u00e7a: 52 cm Y\u0131kama Talimatlar\u0131: \u2013 So\u011fuk y\u0131kay\u0131n (30C [&hellip;]<\/p>\n","protected":false},"featured_media":62595,"comment_status":"open","ping_status":"closed","template":"","meta":[],"product_brand":[],"product_cat":[1900],"product_tag":[7150,7376],"class_list":{"0":"post-62601","1":"product","2":"type-product","3":"status-publish","4":"has-post-thumbnail","6":"product_cat-koordinatlar-setler","7":"product_tag-bordo","8":"product_tag-modal","9":"pa_brand-ftz-women","10":"pa_color-bordo","11":"pa_size-4706","12":"pa_size-4711","13":"pa_size-4713","14":"pa_size-4751","16":"first","17":"instock","18":"sale","19":"shipping-taxable","20":"purchasable","21":"product-type-variable"},"_links":{"self":[{"href":"https:\/\/mod.wisdar.net\/tr\/wp-json\/wp\/v2\/product\/62601","targetHints":{"allow":["GET"]}}],"collection":[{"href":"https:\/\/mod.wisdar.net\/tr\/wp-json\/wp\/v2\/product"}],"about":[{"href":"https:\/\/mod.wisdar.net\/tr\/wp-json\/wp\/v2\/types\/product"}],"replies":[{"embeddable":true,"href":"https:\/\/mod.wisdar.net\/tr\/wp-json\/wp\/v2\/comments?post=62601"}],"wp:featuredmedia":[{"embeddable":true,"href":"https:\/\/mod.wisdar.net\/tr\/wp-json\/wp\/v2\/media\/62595"}],"wp:attachment":[{"href":"https:\/\/mod.wisdar.net\/tr\/wp-json\/wp\/v2\/media?parent=62601"}],"wp:term":[{"taxonomy":"product_brand","embeddable":true,"href":"https:\/\/mod.wisdar.net\/tr\/wp-json\/wp\/v2\/product_brand?post=62601"},{"taxonomy":"product_cat","embeddable":true,"href":"https:\/\/mod.wisdar.net\/tr\/wp-json\/wp\/v2\/product_cat?post=62601"},{"taxonomy":"product_tag","embeddable":true,"href":"https:\/\/mod.wisdar.net\/tr\/wp-json\/wp\/v2\/product_tag?post=62601"}],"curies":[{"name":"wp","href":"https:\/\/api.w.org\/{rel}","templated":true}]}}