{"id":62612,"date":"2025-11-02T13:48:28","date_gmt":"2025-11-02T13:48:28","guid":{"rendered":"https:\/\/modesthanim.com\/product\/ftz-kadin-lacivert-etekli-takim-elbise-31140\/"},"modified":"2026-03-26T05:51:44","modified_gmt":"2026-03-26T05:51:44","slug":"ftz-kadin-lacivert-etekli-takim-elbise-31140","status":"publish","type":"product","link":"https:\/\/mod.wisdar.net\/tr\/urun\/ftz-kadin-lacivert-etekli-takim-elbise-31140\/","title":{"rendered":"FTZ Kad\u0131n Lacivert Etekli Tak\u0131m Elbise 31140"},"content":{"rendered":"<p>Kuma\u015f: %30 Viskon %20 Pamuk %50 Akrilik<br \/>\nKol Uzunlu\u011fu: 44 cm<br \/>\nYaka Tipi: Dik Yaka<br \/>\nDesen: D\u00fcz<br \/>\nKal\u0131p: Standart<br \/>\nModel \u00d6l\u00e7\u00fcleri<br \/>\nBeden: 36 Boy: 1.80 cm G\u00f6\u011f\u00fcs: 82 cm Bel: 60 cm Kal\u00e7a: 91 cm<br \/>\n\u00dcr\u00fcn \u00d6l\u00e7\u00fcleri<br \/>\nUzunluk: 58 cm G\u00f6\u011f\u00fcs: 56 cm Bel: 36 cm Kal\u00e7a: 42 cm<br \/>\nY\u0131kama Talimatlar\u0131:<br \/>\n\u2013 So\u011fuk y\u0131kama (30C veya 65F ile 85F)<br \/>\n\u2013 Kurutma makinesinde kurutmay\u0131n\u0131z<br \/>\n\u2013 Kuru temizleme, Trichloroethylene ile hafif solvent kullan\u0131n\u0131z<br \/>\n\u2013 D\u00fc\u015f\u00fck s\u0131cakl\u0131kta \u00fct\u00fcleyiniz<br \/>\n\u2013 \u00c7ama\u015f\u0131r suyu kullanmay\u0131n\u0131z<\/p>\n<p>\u2014 Teknik Detaylar \u2014<br \/>\nKuma\u015f Tipi: Kuma\u015f<br \/>\nKal\u0131p: D\u00fczenli<br \/>\nKal\u0131p \u00d6zellikleri: D\u00fczenli<br \/>\nUzunluk: 58<br \/>\nDesen: D\u00fcz<br \/>\nAstar Durumu: Astarl\u0131<br \/>\nBel: 36<br \/>\nCepler: Evet<br \/>\nKal\u0131nl\u0131k: Orta<br \/>\nKemer Ge\u00e7irme Durumu: Ba\u011fc\u0131kl\u0131<br \/>\nKol Uzunlu\u011fu: 44<br \/>\nKol Tipi: Standart<br \/>\nMalzeme: Viskon Kar\u0131\u015f\u0131m\u0131<br \/>\nPar\u00e7a Say\u0131s\u0131: 2<br \/>\nBeden Aral\u0131\u011f\u0131: 38\/44<\/p>\n","protected":false},"excerpt":{"rendered":"<p>Kuma\u015f: %30 Viskon %20 Pamuk %50 Akrilik Kol Uzunlu\u011fu: 44 cm Yaka Tipi: Dik Yaka Desen: D\u00fcz Kal\u0131p: Standart Model \u00d6l\u00e7\u00fcleri Beden: 36 Boy: 1.80 cm G\u00f6\u011f\u00fcs: 82 cm Bel: 60 cm Kal\u00e7a: 91 cm \u00dcr\u00fcn \u00d6l\u00e7\u00fcleri Uzunluk: 58 cm G\u00f6\u011f\u00fcs: 56 cm Bel: 36 cm Kal\u00e7a: 42 cm Y\u0131kama Talimatlar\u0131: \u2013 So\u011fuk y\u0131kama (30C [&hellip;]<\/p>\n","protected":false},"featured_media":62606,"comment_status":"open","ping_status":"closed","template":"","meta":[],"product_brand":[],"product_cat":[1900],"product_tag":[7238],"class_list":{"0":"post-62612","1":"product","2":"type-product","3":"status-publish","4":"has-post-thumbnail","6":"product_cat-koordinatlar-setler","7":"product_tag-lacivert","8":"pa_brand-ftz-women","9":"pa_color-lacivert","10":"pa_size-4706","11":"pa_size-4711","12":"pa_size-4713","13":"pa_size-4751","15":"first","16":"instock","17":"sale","18":"shipping-taxable","19":"purchasable","20":"product-type-variable"},"_links":{"self":[{"href":"https:\/\/mod.wisdar.net\/tr\/wp-json\/wp\/v2\/product\/62612","targetHints":{"allow":["GET"]}}],"collection":[{"href":"https:\/\/mod.wisdar.net\/tr\/wp-json\/wp\/v2\/product"}],"about":[{"href":"https:\/\/mod.wisdar.net\/tr\/wp-json\/wp\/v2\/types\/product"}],"replies":[{"embeddable":true,"href":"https:\/\/mod.wisdar.net\/tr\/wp-json\/wp\/v2\/comments?post=62612"}],"wp:featuredmedia":[{"embeddable":true,"href":"https:\/\/mod.wisdar.net\/tr\/wp-json\/wp\/v2\/media\/62606"}],"wp:attachment":[{"href":"https:\/\/mod.wisdar.net\/tr\/wp-json\/wp\/v2\/media?parent=62612"}],"wp:term":[{"taxonomy":"product_brand","embeddable":true,"href":"https:\/\/mod.wisdar.net\/tr\/wp-json\/wp\/v2\/product_brand?post=62612"},{"taxonomy":"product_cat","embeddable":true,"href":"https:\/\/mod.wisdar.net\/tr\/wp-json\/wp\/v2\/product_cat?post=62612"},{"taxonomy":"product_tag","embeddable":true,"href":"https:\/\/mod.wisdar.net\/tr\/wp-json\/wp\/v2\/product_tag?post=62612"}],"curies":[{"name":"wp","href":"https:\/\/api.w.org\/{rel}","templated":true}]}}