{"id":62624,"date":"2025-11-12T18:16:39","date_gmt":"2025-11-12T18:16:39","guid":{"rendered":"https:\/\/modesthanim.com\/product\/ftz-kadin-bej-kupra-takim-31124\/"},"modified":"2026-02-13T19:35:19","modified_gmt":"2026-02-13T19:35:19","slug":"ftz-kadin-bej-kupra-takim-31124","status":"publish","type":"product","link":"https:\/\/mod.wisdar.net\/tr\/urun\/ftz-kadin-bej-kupra-takim-31124\/","title":{"rendered":"FTZ Kad\u0131n Bej Kupra Tak\u0131m 31124"},"content":{"rendered":"<p>Kuma\u015f: Kupra<br \/>\nKol Uzunlu\u011fu: 61 cm<br \/>\nYaka Tipi: G\u00f6mlek Yaka<br \/>\nDesen: D\u00fcz<br \/>\nKal\u0131p: Rahat Kesim<br \/>\nModel \u00d6l\u00e7\u00fcleri<br \/>\nBeden: 36 Boy: 1.77 cm G\u00f6\u011f\u00fcs: 85 cm Bel: 62 cm Kal\u00e7a: 92 cm<br \/>\n\u00dcr\u00fcn \u00d6l\u00e7\u00fcleri<br \/>\nUzunluk: 74 cm G\u00f6\u011f\u00fcs: 55 cm Bel: 38 cm Kal\u00e7a: 62 cm<br \/>\nY\u0131kama Talimatlar\u0131:<br \/>\n\u2013 So\u011fuk y\u0131kama (30C veya 65F ile 85F)<br \/>\n\u2013 Kurutma makinesinde kurutmay\u0131n\u0131z<br \/>\n\u2013 Az Trichloroethylene solventi ile kuru temizleme yap\u0131n\u0131z<br \/>\n\u2013 D\u00fc\u015f\u00fck s\u0131cakl\u0131kta \u00fct\u00fcleyiniz<br \/>\n\u2013 \u00c7ama\u015f\u0131r suyu kullanmay\u0131n\u0131z<\/p>\n<p>\u2014 Teknik Detaylar \u2014<br \/>\nKuma\u015f Tipi: TANSEL<br \/>\nKal\u0131p: D\u00fczenli<br \/>\nKal\u0131p \u00d6zellikleri: D\u00fczenli<br \/>\nUzunluk: 74<br \/>\nDesen: D\u00fcz<br \/>\nAstar Durumu: Astars\u0131z<br \/>\nBel: 38<br \/>\nCepler: Evet<br \/>\nKal\u0131nl\u0131k: \u0130nce<br \/>\nKemer Ge\u00e7irme Durumu: Kemersiz<br \/>\nKol Uzunlu\u011fu: 61<br \/>\nKol Tipi: Standart<br \/>\nMalzeme: Viskon Kar\u0131\u015f\u0131m\u0131<br \/>\nPar\u00e7a Say\u0131s\u0131: 2<br \/>\nBeden Aral\u0131\u011f\u0131: (38-40\/42-44)<\/p>\n","protected":false},"excerpt":{"rendered":"<p>Kuma\u015f: Kupra Kol Uzunlu\u011fu: 61 cm Yaka Tipi: G\u00f6mlek Yaka Desen: D\u00fcz Kal\u0131p: Rahat Kesim Model \u00d6l\u00e7\u00fcleri Beden: 36 Boy: 1.77 cm G\u00f6\u011f\u00fcs: 85 cm Bel: 62 cm Kal\u00e7a: 92 cm \u00dcr\u00fcn \u00d6l\u00e7\u00fcleri Uzunluk: 74 cm G\u00f6\u011f\u00fcs: 55 cm Bel: 38 cm Kal\u00e7a: 62 cm Y\u0131kama Talimatlar\u0131: \u2013 So\u011fuk y\u0131kama (30C veya 65F ile 85F) [&hellip;]<\/p>\n","protected":false},"featured_media":62617,"comment_status":"open","ping_status":"closed","template":"","meta":[],"product_brand":[],"product_cat":[1900],"product_tag":[6753],"class_list":{"0":"post-62624","1":"product","2":"type-product","3":"status-publish","4":"has-post-thumbnail","6":"product_cat-koordinatlar-setler","7":"product_tag-bej","8":"pa_brand-ftz-women","9":"pa_color-beige","10":"pa_size-4706","11":"pa_size-4711","12":"pa_size-4713","13":"pa_size-4751","15":"first","16":"instock","17":"sale","18":"shipping-taxable","19":"purchasable","20":"product-type-variable"},"_links":{"self":[{"href":"https:\/\/mod.wisdar.net\/tr\/wp-json\/wp\/v2\/product\/62624","targetHints":{"allow":["GET"]}}],"collection":[{"href":"https:\/\/mod.wisdar.net\/tr\/wp-json\/wp\/v2\/product"}],"about":[{"href":"https:\/\/mod.wisdar.net\/tr\/wp-json\/wp\/v2\/types\/product"}],"replies":[{"embeddable":true,"href":"https:\/\/mod.wisdar.net\/tr\/wp-json\/wp\/v2\/comments?post=62624"}],"wp:featuredmedia":[{"embeddable":true,"href":"https:\/\/mod.wisdar.net\/tr\/wp-json\/wp\/v2\/media\/62617"}],"wp:attachment":[{"href":"https:\/\/mod.wisdar.net\/tr\/wp-json\/wp\/v2\/media?parent=62624"}],"wp:term":[{"taxonomy":"product_brand","embeddable":true,"href":"https:\/\/mod.wisdar.net\/tr\/wp-json\/wp\/v2\/product_brand?post=62624"},{"taxonomy":"product_cat","embeddable":true,"href":"https:\/\/mod.wisdar.net\/tr\/wp-json\/wp\/v2\/product_cat?post=62624"},{"taxonomy":"product_tag","embeddable":true,"href":"https:\/\/mod.wisdar.net\/tr\/wp-json\/wp\/v2\/product_tag?post=62624"}],"curies":[{"name":"wp","href":"https:\/\/api.w.org\/{rel}","templated":true}]}}