{"id":62636,"date":"2025-11-12T18:14:58","date_gmt":"2025-11-12T18:14:58","guid":{"rendered":"https:\/\/modesthanim.com\/product\/ftz-kadin-siyah-takim-30508-2\/"},"modified":"2026-04-02T22:04:31","modified_gmt":"2026-04-02T22:04:31","slug":"ftz-kadin-siyah-takim-30508-2","status":"publish","type":"product","link":"https:\/\/mod.wisdar.net\/tr\/urun\/ftz-kadin-siyah-takim-30508-2\/","title":{"rendered":"FTZ Kad\u0131n Siyah Tak\u0131m 30508-2"},"content":{"rendered":"<p>Kuma\u015f: %30 Viskon, %20 Pamuk, %50 Akrilik<br \/>\nKol: 33 cm<br \/>\nYaka Tipi: D\u00fcz<br \/>\nDesen: D\u00fcz<br \/>\nKal\u0131p: Rahat Kesim<br \/>\nModel \u00d6l\u00e7\u00fcleri<br \/>\nBeden: 36 Boy: 1.80 cm G\u00f6\u011f\u00fcs: 82 cm Bel: 60 cm Kal\u00e7a: 91 cm<br \/>\n\u00dcr\u00fcn \u00d6l\u00e7\u00fcleri<br \/>\nUzunluk: 76 cm G\u00f6\u011f\u00fcs: 50 cm Bel: 52 cm Kal\u00e7a: 57 cm<br \/>\nY\u0131kama Talimatlar\u0131:<br \/>\n\u2013 So\u011fuk y\u0131kay\u0131n (30C veya 65F ile 85F)<br \/>\n\u2013 Kurutma makinesinde kurutmay\u0131n<br \/>\n\u2013 Az Trichloroethylene ile kuru temizleme yap\u0131n<br \/>\n\u2013 D\u00fc\u015f\u00fck s\u0131cakl\u0131kta \u00fct\u00fcleyin<br \/>\n\u2013 \u00c7ama\u015f\u0131r suyu kullanmay\u0131n<\/p>\n<p>\u2014 Teknik Detaylar \u2014<br \/>\nKuma\u015f Tipi: \u0130ki iplik<br \/>\nKal\u0131p: Normal Kesim<br \/>\nKal\u0131p \u00d6zellikleri: Normal Kesim<br \/>\nUzunluk: 80<br \/>\nDesen: D\u00fcz<br \/>\nAstar Durumu: Astars\u0131z<br \/>\nBel: 35<br \/>\nCepler: Var<br \/>\nKal\u0131nl\u0131k: \u0130nce<br \/>\nKemer Ge\u00e7irme Durumu: Kemersiz<br \/>\nKol Uzunlu\u011fu: 33<br \/>\nKol Tipi: Standart<br \/>\nMalzeme: Viskon Kar\u0131\u015f\u0131m\u0131<br \/>\nPar\u00e7a Say\u0131s\u0131: 2<br \/>\nBeden Aral\u0131\u011f\u0131: 38\/44<\/p>\n","protected":false},"excerpt":{"rendered":"<p>Kuma\u015f: %30 Viskon, %20 Pamuk, %50 Akrilik Kol: 33 cm Yaka Tipi: D\u00fcz Desen: D\u00fcz Kal\u0131p: Rahat Kesim Model \u00d6l\u00e7\u00fcleri Beden: 36 Boy: 1.80 cm G\u00f6\u011f\u00fcs: 82 cm Bel: 60 cm Kal\u00e7a: 91 cm \u00dcr\u00fcn \u00d6l\u00e7\u00fcleri Uzunluk: 76 cm G\u00f6\u011f\u00fcs: 50 cm Bel: 52 cm Kal\u00e7a: 57 cm Y\u0131kama Talimatlar\u0131: \u2013 So\u011fuk y\u0131kay\u0131n (30C veya [&hellip;]<\/p>\n","protected":false},"featured_media":62629,"comment_status":"open","ping_status":"closed","template":"","meta":[],"product_brand":[],"product_cat":[1900],"product_tag":[6908,6882,8374],"class_list":{"0":"post-62636","1":"product","2":"type-product","3":"status-publish","4":"has-post-thumbnail","6":"product_cat-koordinatlar-setler","7":"product_tag-kadin-takim","8":"product_tag-rahat-kesim-2","9":"product_tag-siyah-takim-elbise","10":"pa_brand-ftz-women","11":"pa_color-siyah","12":"pa_size-4706","13":"pa_size-4711","14":"pa_size-4713","15":"pa_size-4751","17":"first","18":"outofstock","19":"shipping-taxable","20":"product-type-variable"},"_links":{"self":[{"href":"https:\/\/mod.wisdar.net\/tr\/wp-json\/wp\/v2\/product\/62636","targetHints":{"allow":["GET"]}}],"collection":[{"href":"https:\/\/mod.wisdar.net\/tr\/wp-json\/wp\/v2\/product"}],"about":[{"href":"https:\/\/mod.wisdar.net\/tr\/wp-json\/wp\/v2\/types\/product"}],"replies":[{"embeddable":true,"href":"https:\/\/mod.wisdar.net\/tr\/wp-json\/wp\/v2\/comments?post=62636"}],"wp:featuredmedia":[{"embeddable":true,"href":"https:\/\/mod.wisdar.net\/tr\/wp-json\/wp\/v2\/media\/62629"}],"wp:attachment":[{"href":"https:\/\/mod.wisdar.net\/tr\/wp-json\/wp\/v2\/media?parent=62636"}],"wp:term":[{"taxonomy":"product_brand","embeddable":true,"href":"https:\/\/mod.wisdar.net\/tr\/wp-json\/wp\/v2\/product_brand?post=62636"},{"taxonomy":"product_cat","embeddable":true,"href":"https:\/\/mod.wisdar.net\/tr\/wp-json\/wp\/v2\/product_cat?post=62636"},{"taxonomy":"product_tag","embeddable":true,"href":"https:\/\/mod.wisdar.net\/tr\/wp-json\/wp\/v2\/product_tag?post=62636"}],"curies":[{"name":"wp","href":"https:\/\/api.w.org\/{rel}","templated":true}]}}