{"id":62648,"date":"2025-11-12T18:14:11","date_gmt":"2025-11-12T18:14:11","guid":{"rendered":"https:\/\/modesthanim.com\/product\/ftz-kadin-tugla-kirmizi-pantolon-takimi-31078\/"},"modified":"2026-03-26T07:05:26","modified_gmt":"2026-03-26T07:05:26","slug":"ftz-kadin-tugla-kirmizi-pantolon-takimi-31078","status":"publish","type":"product","link":"https:\/\/mod.wisdar.net\/tr\/urun\/ftz-kadin-tugla-kirmizi-pantolon-takimi-31078\/","title":{"rendered":"FTZ Kad\u0131n Tu\u011fla K\u0131rm\u0131z\u0131 Pantolon Tak\u0131m\u0131 31078"},"content":{"rendered":"<p>Kuma\u015f: %30 Viskon, %20 Pamuk, %50 Akrilik<br \/>\nKol: 40 cm<br \/>\nYaka Tipi: G\u00f6mlek Yakas\u0131<br \/>\nDesen: D\u00fcz<br \/>\nKal\u0131p: Rahat Kesim<br \/>\nModel \u00d6l\u00e7\u00fcleri<br \/>\nBeden: 36 Boy: 1.77 cm G\u00f6\u011f\u00fcs: 85 cm Bel: 62 cm Kal\u00e7a: 92 cm<br \/>\n\u00dcr\u00fcn \u00d6l\u00e7\u00fcleri<br \/>\nUzunluk: 77 cm G\u00f6\u011f\u00fcs: 59 cm Bel: 38 cm Kal\u00e7a: 50 cm<br \/>\nY\u0131kama Talimatlar\u0131:<br \/>\n\u2013 So\u011fuk y\u0131kay\u0131n (30C veya 65F ile 85F)<br \/>\n\u2013 Kurutma makinesinde kurutmay\u0131n<br \/>\n\u2013 Kuru temizleme, Trichloroethylene ile hafif solvent kullan\u0131n<br \/>\n\u2013 D\u00fc\u015f\u00fck s\u0131cakl\u0131kta \u00fct\u00fcleyin<br \/>\n\u2013 \u00c7ama\u015f\u0131r suyu kullanmay\u0131n<\/p>\n<p>\u2014 Teknik Detaylar \u2014<br \/>\nKuma\u015f Tipi: Bellen<br \/>\nKal\u0131p: D\u00fczenli<br \/>\nKal\u0131p \u00d6zellikleri: D\u00fczenli<br \/>\nUzunluk: 77<br \/>\nDesen: D\u00fcz<br \/>\nAstar: Astars\u0131z<br \/>\nBel: 38<br \/>\nCepler: Evet<br \/>\nKal\u0131nl\u0131k: \u0130nce<br \/>\nKemer Durumu: Ba\u011fc\u0131kl\u0131<br \/>\nKol Uzunlu\u011fu: 40<br \/>\nKol Tipi: Standart<br \/>\nMalzeme: Viskon Kar\u0131\u015f\u0131m\u0131<br \/>\nPar\u00e7a Say\u0131s\u0131: 2<br \/>\nBeden Aral\u0131\u011f\u0131: 38\/44<\/p>\n","protected":false},"excerpt":{"rendered":"<p>Kuma\u015f: %30 Viskon, %20 Pamuk, %50 Akrilik Kol: 40 cm Yaka Tipi: G\u00f6mlek Yakas\u0131 Desen: D\u00fcz Kal\u0131p: Rahat Kesim Model \u00d6l\u00e7\u00fcleri Beden: 36 Boy: 1.77 cm G\u00f6\u011f\u00fcs: 85 cm Bel: 62 cm Kal\u00e7a: 92 cm \u00dcr\u00fcn \u00d6l\u00e7\u00fcleri Uzunluk: 77 cm G\u00f6\u011f\u00fcs: 59 cm Bel: 38 cm Kal\u00e7a: 50 cm Y\u0131kama Talimatlar\u0131: \u2013 So\u011fuk y\u0131kay\u0131n (30C [&hellip;]<\/p>\n","protected":false},"featured_media":62641,"comment_status":"open","ping_status":"closed","template":"","meta":[],"product_brand":[],"product_cat":[1900],"product_tag":[6908,6882],"class_list":{"0":"post-62648","1":"product","2":"type-product","3":"status-publish","4":"has-post-thumbnail","6":"product_cat-koordinatlar-setler","7":"product_tag-kadin-takim","8":"product_tag-rahat-kesim-2","9":"pa_brand-ftz-women","10":"pa_color-kiremit","11":"pa_size-4706","12":"pa_size-4711","13":"pa_size-4713","14":"pa_size-4751","16":"first","17":"outofstock","18":"shipping-taxable","19":"product-type-variable"},"_links":{"self":[{"href":"https:\/\/mod.wisdar.net\/tr\/wp-json\/wp\/v2\/product\/62648","targetHints":{"allow":["GET"]}}],"collection":[{"href":"https:\/\/mod.wisdar.net\/tr\/wp-json\/wp\/v2\/product"}],"about":[{"href":"https:\/\/mod.wisdar.net\/tr\/wp-json\/wp\/v2\/types\/product"}],"replies":[{"embeddable":true,"href":"https:\/\/mod.wisdar.net\/tr\/wp-json\/wp\/v2\/comments?post=62648"}],"wp:featuredmedia":[{"embeddable":true,"href":"https:\/\/mod.wisdar.net\/tr\/wp-json\/wp\/v2\/media\/62641"}],"wp:attachment":[{"href":"https:\/\/mod.wisdar.net\/tr\/wp-json\/wp\/v2\/media?parent=62648"}],"wp:term":[{"taxonomy":"product_brand","embeddable":true,"href":"https:\/\/mod.wisdar.net\/tr\/wp-json\/wp\/v2\/product_brand?post=62648"},{"taxonomy":"product_cat","embeddable":true,"href":"https:\/\/mod.wisdar.net\/tr\/wp-json\/wp\/v2\/product_cat?post=62648"},{"taxonomy":"product_tag","embeddable":true,"href":"https:\/\/mod.wisdar.net\/tr\/wp-json\/wp\/v2\/product_tag?post=62648"}],"curies":[{"name":"wp","href":"https:\/\/api.w.org\/{rel}","templated":true}]}}