{"id":62670,"date":"2025-11-02T13:36:44","date_gmt":"2025-11-02T13:36:44","guid":{"rendered":"https:\/\/modesthanim.com\/product\/ftz-women-kadin-cupra-pantolonlu-takim-beige-31059\/"},"modified":"2026-04-10T18:32:41","modified_gmt":"2026-04-10T18:32:41","slug":"ftz-women-kadin-cupra-pantolonlu-takim-beige-31059","status":"publish","type":"product","link":"https:\/\/mod.wisdar.net\/tr\/urun\/ftz-women-kadin-cupra-pantolonlu-takim-beige-31059\/","title":{"rendered":"FTZ Women Kad\u0131n Cupra Pantolonlu Tak\u0131m  Beige 31059"},"content":{"rendered":"<p>Kuma\u015f : %30 Viskon %20 Pamuk %50 Akrilik<br \/>\nKol : 46\u00a0cm<br \/>\nYaka Tipi : G\u00f6mlek Yaka<br \/>\nDesen : D\u00fcz<br \/>\nKal\u0131p : Rahat\u00a0Kal\u0131p<br \/>\nModel \u00d6l\u00e7\u00fcs\u00fc<br \/>\nBeden: 36\u00a0 Boy: 1.80\u00a0cm\u00a0 \u00a0 G\u00f6\u011f\u00fcs: 82\u00a0cm\u00a0 \u00a0 Bel: 60 cm\u00a0 \u00a0Kal\u00e7a: 91\u00a0cm<br \/>\n\u00dcr\u00fcn \u00d6l\u00e7\u00fcs\u00fc<br \/>\nBoy: 78\u00a0cm\u00a0 \u00a0 G\u00f6\u011f\u00fcs: 53\u00a0cm\u00a0 \u00a0 Bel: 33\u00a0cm\u00a0 \u00a0Kal\u00e7a: 46\u00a0cm<br \/>\nY\u0131kama Talimat\u0131 :<br \/>\n\u2013 Makine ile So\u011fuk Y\u0131kama Yap\u0131n\u0131z (30C veya 65F ile 85F)<br \/>\n\u2013 Kurutma Makinesinde Kurutulamaz<br \/>\n\u2013 Kuru Temizleme , Trikloretilen Ay\u0131r\u0131\u00e7\u0131s\u0131yla Az \u00c7\u00f6z\u00fcc\u00fc Kullan\u0131n\u0131z<br \/>\n\u2013 D\u00fc\u015f\u00fck Is\u0131da \u00dct\u00fcleme Yap\u0131n\u0131z<br \/>\n\u2013 \u00c7ama\u015f\u0131r Suyu Kullanmay\u0131n\u0131z<\/p>\n<p>\u2014 Technical Details \u2014<br \/>\nKuma\u015f Tipi: CAPELLA KUMA\u015e<br \/>\nKal\u0131p: Regular<br \/>\nKal\u0131p \u00d6zellikleri: Regular<br \/>\nBoy: 78<br \/>\nDesen: D\u00fcz<br \/>\nAstar Durumu: Astars\u0131z<br \/>\nBel: 33<br \/>\nCep: Var<br \/>\nKal\u0131nl\u0131k: \u0130nce<br \/>\nKemer Ku\u015fak Durumu: Kemersiz<br \/>\nKol Boyu: 46<br \/>\nKol Tipi: Standart<br \/>\nMateryal: Viskon Kar\u0131\u015f\u0131ml\u0131<br \/>\nPar\u00e7a Say\u0131s\u0131: 2<br \/>\nBeden Aral\u0131\u011f\u0131: 38\/44<\/p>\n","protected":false},"excerpt":{"rendered":"<p>Kuma\u015f : %30 Viskon %20 Pamuk %50 Akrilik Kol : 46\u00a0cm Yaka Tipi : G\u00f6mlek Yaka Desen : D\u00fcz Kal\u0131p : Rahat\u00a0Kal\u0131p Model \u00d6l\u00e7\u00fcs\u00fc Beden: 36\u00a0 Boy: 1.80\u00a0cm\u00a0 \u00a0 G\u00f6\u011f\u00fcs: 82\u00a0cm\u00a0 \u00a0 Bel: 60 cm\u00a0 \u00a0Kal\u00e7a: 91\u00a0cm \u00dcr\u00fcn \u00d6l\u00e7\u00fcs\u00fc Boy: 78\u00a0cm\u00a0 \u00a0 G\u00f6\u011f\u00fcs: 53\u00a0cm\u00a0 \u00a0 Bel: 33\u00a0cm\u00a0 \u00a0Kal\u00e7a: 46\u00a0cm Y\u0131kama Talimat\u0131 : \u2013 Makine ile [&hellip;]<\/p>\n","protected":false},"featured_media":62664,"comment_status":"open","ping_status":"closed","template":"","meta":[],"product_brand":[],"product_cat":[1900],"product_tag":[6839,7426,6908],"class_list":{"0":"post-62670","1":"product","2":"type-product","3":"status-publish","4":"has-post-thumbnail","6":"product_cat-koordinatlar-setler","7":"product_tag-cupro-kumas","8":"product_tag-gunluk-giyim-3","9":"product_tag-kadin-takim","10":"pa_brand-ftz-women","11":"pa_color-beige","12":"pa_size-4706","13":"pa_size-4711","14":"pa_size-4713","15":"pa_size-4751","17":"first","18":"instock","19":"sale","20":"shipping-taxable","21":"purchasable","22":"product-type-variable"},"_links":{"self":[{"href":"https:\/\/mod.wisdar.net\/tr\/wp-json\/wp\/v2\/product\/62670","targetHints":{"allow":["GET"]}}],"collection":[{"href":"https:\/\/mod.wisdar.net\/tr\/wp-json\/wp\/v2\/product"}],"about":[{"href":"https:\/\/mod.wisdar.net\/tr\/wp-json\/wp\/v2\/types\/product"}],"replies":[{"embeddable":true,"href":"https:\/\/mod.wisdar.net\/tr\/wp-json\/wp\/v2\/comments?post=62670"}],"wp:featuredmedia":[{"embeddable":true,"href":"https:\/\/mod.wisdar.net\/tr\/wp-json\/wp\/v2\/media\/62664"}],"wp:attachment":[{"href":"https:\/\/mod.wisdar.net\/tr\/wp-json\/wp\/v2\/media?parent=62670"}],"wp:term":[{"taxonomy":"product_brand","embeddable":true,"href":"https:\/\/mod.wisdar.net\/tr\/wp-json\/wp\/v2\/product_brand?post=62670"},{"taxonomy":"product_cat","embeddable":true,"href":"https:\/\/mod.wisdar.net\/tr\/wp-json\/wp\/v2\/product_cat?post=62670"},{"taxonomy":"product_tag","embeddable":true,"href":"https:\/\/mod.wisdar.net\/tr\/wp-json\/wp\/v2\/product_tag?post=62670"}],"curies":[{"name":"wp","href":"https:\/\/api.w.org\/{rel}","templated":true}]}}