{"id":62680,"date":"2025-11-02T15:27:33","date_gmt":"2025-11-02T15:27:33","guid":{"rendered":"https:\/\/modesthanim.com\/product\/ftz-kadin-modal-takimi-terakota-31036\/"},"modified":"2026-03-26T06:53:42","modified_gmt":"2026-03-26T06:53:42","slug":"ftz-kadin-modal-takimi-terakota-31036","status":"publish","type":"product","link":"https:\/\/mod.wisdar.net\/tr\/urun\/ftz-kadin-modal-takimi-terakota-31036\/","title":{"rendered":"FTZ Kad\u0131n Modal Tak\u0131m\u0131, Terakota 31036"},"content":{"rendered":"<p>Kuma\u015f: %30 Viskon, %20 Pamuk, %50 Akrilik<br \/>\nKol: 43 cm<br \/>\nYaka Tipi: G\u00f6mlek Yakas\u0131<br \/>\nDesen: D\u00fcz<br \/>\nKal\u0131p: Rahat Kesim<br \/>\nModel \u00d6l\u00e7\u00fcleri<br \/>\nBeden: 36 Boy: 1.80 cm G\u00f6\u011f\u00fcs: 82 cm Bel: 60 cm Kal\u00e7a: 91 cm<br \/>\n\u00dcr\u00fcn \u00d6l\u00e7\u00fcleri<br \/>\nUzunluk: 76 cm G\u00f6\u011f\u00fcs: 63 cm Bel: 36 cm Kal\u00e7a: 50 cm<br \/>\nY\u0131kama Talimatlar\u0131:<br \/>\n\u2013 So\u011fuk y\u0131kay\u0131n (30C veya 65F ile 85F)<br \/>\n\u2013 Kurutma makinesinde kurutmay\u0131n<br \/>\n\u2013 Kuru temizleme, Trichloroethylene ile hafif solvent kullan\u0131n<br \/>\n\u2013 D\u00fc\u015f\u00fck s\u0131cakl\u0131kta \u00fct\u00fcleyin<br \/>\n\u2013 \u00c7ama\u015f\u0131r suyu kullanmay\u0131n<\/p>\n<p>\u2014 Teknik Detaylar \u2014<br \/>\nKuma\u015f Tipi: Modal<br \/>\nKal\u0131p: Normal<br \/>\nKal\u0131p \u00d6zellikleri: Normal<br \/>\nUzunluk: 76<br \/>\nDesen: D\u00fcz<br \/>\nAstar Durumu: Astars\u0131z<br \/>\nBel: 36<br \/>\nCepler: Var<br \/>\nKal\u0131nl\u0131k: \u0130nce<br \/>\nKemer Durumu: Kemersiz<br \/>\nKol Uzunlu\u011fu: 43<br \/>\nKol Tipi: Standart<br \/>\nMalzeme: Viskon Kar\u0131\u015f\u0131m\u0131<br \/>\nPar\u00e7a Say\u0131s\u0131: 2<br \/>\nBeden Aral\u0131\u011f\u0131: 38\/44<\/p>\n","protected":false},"excerpt":{"rendered":"<p>Kuma\u015f: %30 Viskon, %20 Pamuk, %50 Akrilik Kol: 43 cm Yaka Tipi: G\u00f6mlek Yakas\u0131 Desen: D\u00fcz Kal\u0131p: Rahat Kesim Model \u00d6l\u00e7\u00fcleri Beden: 36 Boy: 1.80 cm G\u00f6\u011f\u00fcs: 82 cm Bel: 60 cm Kal\u00e7a: 91 cm \u00dcr\u00fcn \u00d6l\u00e7\u00fcleri Uzunluk: 76 cm G\u00f6\u011f\u00fcs: 63 cm Bel: 36 cm Kal\u00e7a: 50 cm Y\u0131kama Talimatlar\u0131: \u2013 So\u011fuk y\u0131kay\u0131n (30C [&hellip;]<\/p>\n","protected":false},"featured_media":62675,"comment_status":"open","ping_status":"closed","template":"","meta":[],"product_brand":[],"product_cat":[1900],"product_tag":[6771,7376,7488,6882],"class_list":{"0":"post-62680","1":"product","2":"type-product","3":"status-publish","4":"has-post-thumbnail","6":"product_cat-koordinatlar-setler","7":"product_tag-gomlek-yaka","8":"product_tag-modal","9":"product_tag-pamuk","10":"product_tag-rahat-kesim-2","11":"pa_brand-ftz-women","12":"pa_color-kiremit","13":"pa_size-4706","14":"pa_size-4711","15":"pa_size-4713","16":"pa_size-4751","18":"first","19":"instock","20":"sale","21":"shipping-taxable","22":"purchasable","23":"product-type-variable"},"_links":{"self":[{"href":"https:\/\/mod.wisdar.net\/tr\/wp-json\/wp\/v2\/product\/62680","targetHints":{"allow":["GET"]}}],"collection":[{"href":"https:\/\/mod.wisdar.net\/tr\/wp-json\/wp\/v2\/product"}],"about":[{"href":"https:\/\/mod.wisdar.net\/tr\/wp-json\/wp\/v2\/types\/product"}],"replies":[{"embeddable":true,"href":"https:\/\/mod.wisdar.net\/tr\/wp-json\/wp\/v2\/comments?post=62680"}],"wp:featuredmedia":[{"embeddable":true,"href":"https:\/\/mod.wisdar.net\/tr\/wp-json\/wp\/v2\/media\/62675"}],"wp:attachment":[{"href":"https:\/\/mod.wisdar.net\/tr\/wp-json\/wp\/v2\/media?parent=62680"}],"wp:term":[{"taxonomy":"product_brand","embeddable":true,"href":"https:\/\/mod.wisdar.net\/tr\/wp-json\/wp\/v2\/product_brand?post=62680"},{"taxonomy":"product_cat","embeddable":true,"href":"https:\/\/mod.wisdar.net\/tr\/wp-json\/wp\/v2\/product_cat?post=62680"},{"taxonomy":"product_tag","embeddable":true,"href":"https:\/\/mod.wisdar.net\/tr\/wp-json\/wp\/v2\/product_tag?post=62680"}],"curies":[{"name":"wp","href":"https:\/\/api.w.org\/{rel}","templated":true}]}}