{"id":62764,"date":"2025-11-05T11:19:03","date_gmt":"2025-11-05T11:19:03","guid":{"rendered":"https:\/\/modesthanim.com\/product\/ftz-kadinlar-icin-siyah-mesh-detayli-takim-30709\/"},"modified":"2026-04-03T18:14:57","modified_gmt":"2026-04-03T18:14:57","slug":"ftz-kadinlar-icin-siyah-mesh-detayli-takim-30709","status":"publish","type":"product","link":"https:\/\/mod.wisdar.net\/tr\/urun\/ftz-kadinlar-icin-siyah-mesh-detayli-takim-30709\/","title":{"rendered":"FTZ Kad\u0131nlar \u0130\u00e7in Siyah Mesh Detayl\u0131 Tak\u0131m 30709"},"content":{"rendered":"<p>Kuma\u015f: %30 Viskon %20 Pamuk %50 Akrilik<br \/>\nKol Uzunlu\u011fu: 46 cm<br \/>\nYaka Tipi: Kap\u00fc\u015fonlu<br \/>\nDesen: D\u00fcz<br \/>\nKal\u0131p: Rahat Kesim<br \/>\nModel \u00d6l\u00e7\u00fcleri<br \/>\nBeden: 36 Boy: 173 cm G\u00f6\u011f\u00fcs: 85 cm Bel: 63 cm Kal\u00e7a: 95 cm<br \/>\n\u00dcr\u00fcn \u00d6l\u00e7\u00fcleri<br \/>\nUzunluk: 81 cm G\u00f6\u011f\u00fcs: 58 cm Bel: 33 cm Kal\u00e7a: 50 cm<br \/>\nY\u0131kama Talimatlar\u0131:<br \/>\n\u2013 So\u011fuk y\u0131kama (30C veya 65F ile 85F)<br \/>\n\u2013 Kurutma makinesinde kurutmay\u0131n\u0131z<br \/>\n\u2013 Kuru temizleme, trichloroethylene ile minimum solvent kullan\u0131m\u0131<br \/>\n\u2013 D\u00fc\u015f\u00fck \u0131s\u0131da \u00fct\u00fcleyiniz<br \/>\n\u2013 \u00c7ama\u015f\u0131r suyu kullanmay\u0131n\u0131z<\/p>\n<p>\u2014 Teknik Detaylar \u2014<br \/>\nKuma\u015f Tipi: Modal<br \/>\nKal\u0131p: Normal<br \/>\nKal\u0131p \u00d6zellikleri: Normal<br \/>\nUzunluk: 81<br \/>\nDesen: D\u00fcz<br \/>\nAstar Durumu: Astars\u0131z<br \/>\nBel: 33<br \/>\nCepler: Var<br \/>\nKal\u0131nl\u0131k: \u0130nce<br \/>\nKemer Ge\u00e7irme Durumu: \u0130pli<br \/>\nKol Uzunlu\u011fu: 48<br \/>\nKol Tipi: Standart<br \/>\nMalzeme: Viskon Kar\u0131\u015f\u0131m\u0131<br \/>\nPar\u00e7a Say\u0131s\u0131: 2<br \/>\nBeden Aral\u0131\u011f\u0131: 38\/44<\/p>\n","protected":false},"excerpt":{"rendered":"<p>Kuma\u015f: %30 Viskon %20 Pamuk %50 Akrilik Kol Uzunlu\u011fu: 46 cm Yaka Tipi: Kap\u00fc\u015fonlu Desen: D\u00fcz Kal\u0131p: Rahat Kesim Model \u00d6l\u00e7\u00fcleri Beden: 36 Boy: 173 cm G\u00f6\u011f\u00fcs: 85 cm Bel: 63 cm Kal\u00e7a: 95 cm \u00dcr\u00fcn \u00d6l\u00e7\u00fcleri Uzunluk: 81 cm G\u00f6\u011f\u00fcs: 58 cm Bel: 33 cm Kal\u00e7a: 50 cm Y\u0131kama Talimatlar\u0131: \u2013 So\u011fuk y\u0131kama (30C [&hellip;]<\/p>\n","protected":false},"featured_media":62757,"comment_status":"open","ping_status":"closed","template":"","meta":[],"product_brand":[],"product_cat":[1900],"product_tag":[7074],"class_list":{"0":"post-62764","1":"product","2":"type-product","3":"status-publish","4":"has-post-thumbnail","6":"product_cat-koordinatlar-setler","7":"product_tag-siyah","8":"pa_brand-ftz-women","9":"pa_color-siyah","10":"pa_size-4706","11":"pa_size-4711","12":"pa_size-4713","13":"pa_size-4751","15":"first","16":"instock","17":"sale","18":"shipping-taxable","19":"purchasable","20":"product-type-variable"},"_links":{"self":[{"href":"https:\/\/mod.wisdar.net\/tr\/wp-json\/wp\/v2\/product\/62764","targetHints":{"allow":["GET"]}}],"collection":[{"href":"https:\/\/mod.wisdar.net\/tr\/wp-json\/wp\/v2\/product"}],"about":[{"href":"https:\/\/mod.wisdar.net\/tr\/wp-json\/wp\/v2\/types\/product"}],"replies":[{"embeddable":true,"href":"https:\/\/mod.wisdar.net\/tr\/wp-json\/wp\/v2\/comments?post=62764"}],"wp:featuredmedia":[{"embeddable":true,"href":"https:\/\/mod.wisdar.net\/tr\/wp-json\/wp\/v2\/media\/62757"}],"wp:attachment":[{"href":"https:\/\/mod.wisdar.net\/tr\/wp-json\/wp\/v2\/media?parent=62764"}],"wp:term":[{"taxonomy":"product_brand","embeddable":true,"href":"https:\/\/mod.wisdar.net\/tr\/wp-json\/wp\/v2\/product_brand?post=62764"},{"taxonomy":"product_cat","embeddable":true,"href":"https:\/\/mod.wisdar.net\/tr\/wp-json\/wp\/v2\/product_cat?post=62764"},{"taxonomy":"product_tag","embeddable":true,"href":"https:\/\/mod.wisdar.net\/tr\/wp-json\/wp\/v2\/product_tag?post=62764"}],"curies":[{"name":"wp","href":"https:\/\/api.w.org\/{rel}","templated":true}]}}