{"id":62811,"date":"2025-11-07T20:16:06","date_gmt":"2025-11-02T13:08:26","guid":{"rendered":"https:\/\/modesthanim.com\/product\/mor-melosh-fermuarli-ve-pileli-etek-takimi\/"},"modified":"2026-03-26T06:32:53","modified_gmt":"2026-03-26T06:32:53","slug":"mor-melosh-fermuarli-ve-pileli-etek-takimi","status":"publish","type":"product","link":"https:\/\/mod.wisdar.net\/tr\/urun\/mor-melosh-fermuarli-ve-pileli-etek-takimi\/","title":{"rendered":"Mor Melosh Fermuarl\u0131 ve Pileli Etek Tak\u0131m\u0131"},"content":{"rendered":"<p>Beden 1 (36-38) Beden 2 (40-42) Beden 3 (44-46)<br \/>\n\u00dcst Uzunluk: 62 cm<br \/>\nKol Uzunlu\u011fu: Beden 1: 60 cm \u2013 Beden 2: 60 cm \u2013 Beden 3: 60 cm<br \/>\nG\u00f6\u011f\u00fcs: Beden 1: 112 cm \u2013 Beden 2: 116 cm \u2013 Beden 3: 120 cm<br \/>\nEtek Uzunlu\u011fu: Beden 1: 96 cm<br \/>\nEtek Beli: Beden 1: 64 cm \u2013 Beden 2: 70 cm \u2013 Beden 3: 74 cm<br \/>\nEtek Kal\u00e7as\u0131: Beden 1: 118 cm \u2013 Beden 2: 122 cm \u2013 Beden 3: 126 cm<\/p>\n<p>\u2014 Teknik Detaylar \u2014<br \/>\nKuma\u015f: LYOCELL<br \/>\nKar\u0131\u015f\u0131m: %55 PAMUK, %45 LYOCELL<\/p>\n","protected":false},"excerpt":{"rendered":"<p>Beden 1 (36-38) Beden 2 (40-42) Beden 3 (44-46) \u00dcst Uzunluk: 62 cm Kol Uzunlu\u011fu: Beden 1: 60 cm \u2013 Beden 2: 60 cm \u2013 Beden 3: 60 cm G\u00f6\u011f\u00fcs: Beden 1: 112 cm \u2013 Beden 2: 116 cm \u2013 Beden 3: 120 cm Etek Uzunlu\u011fu: Beden 1: 96 cm Etek Beli: Beden 1: 64 [&hellip;]<\/p>\n","protected":false},"featured_media":62805,"comment_status":"open","ping_status":"closed","template":"","meta":[],"product_brand":[],"product_cat":[1900],"product_tag":[7309,7547,7054,6747],"class_list":{"0":"post-62811","1":"product","2":"type-product","3":"status-publish","4":"has-post-thumbnail","6":"product_cat-koordinatlar-setler","7":"product_tag-fermuarli","8":"product_tag-kadin-giyim","9":"product_tag-mor","10":"product_tag-pile-detayli","11":"pa_brand-hilay","12":"pa_color-mor","13":"pa_size-4446","14":"pa_size-4463","15":"pa_size-4680","17":"first","18":"outofstock","19":"shipping-taxable","20":"product-type-variable"},"_links":{"self":[{"href":"https:\/\/mod.wisdar.net\/tr\/wp-json\/wp\/v2\/product\/62811","targetHints":{"allow":["GET"]}}],"collection":[{"href":"https:\/\/mod.wisdar.net\/tr\/wp-json\/wp\/v2\/product"}],"about":[{"href":"https:\/\/mod.wisdar.net\/tr\/wp-json\/wp\/v2\/types\/product"}],"replies":[{"embeddable":true,"href":"https:\/\/mod.wisdar.net\/tr\/wp-json\/wp\/v2\/comments?post=62811"}],"wp:featuredmedia":[{"embeddable":true,"href":"https:\/\/mod.wisdar.net\/tr\/wp-json\/wp\/v2\/media\/62805"}],"wp:attachment":[{"href":"https:\/\/mod.wisdar.net\/tr\/wp-json\/wp\/v2\/media?parent=62811"}],"wp:term":[{"taxonomy":"product_brand","embeddable":true,"href":"https:\/\/mod.wisdar.net\/tr\/wp-json\/wp\/v2\/product_brand?post=62811"},{"taxonomy":"product_cat","embeddable":true,"href":"https:\/\/mod.wisdar.net\/tr\/wp-json\/wp\/v2\/product_cat?post=62811"},{"taxonomy":"product_tag","embeddable":true,"href":"https:\/\/mod.wisdar.net\/tr\/wp-json\/wp\/v2\/product_tag?post=62811"}],"curies":[{"name":"wp","href":"https:\/\/api.w.org\/{rel}","templated":true}]}}