{"id":62875,"date":"2025-11-02T12:59:49","date_gmt":"2025-11-02T12:59:49","guid":{"rendered":"https:\/\/modesthanim.com\/product\/coklu-cicek-desenli-elbise-nane-yesili\/"},"modified":"2026-02-18T22:02:16","modified_gmt":"2026-02-18T22:02:16","slug":"coklu-cicek-desenli-elbise-nane-yesili","status":"publish","type":"product","link":"https:\/\/mod.wisdar.net\/tr\/urun\/coklu-cicek-desenli-elbise-nane-yesili\/","title":{"rendered":"\u00c7oklu \u00c7i\u00e7ek Desenli Elbise \u2013 Nane Ye\u015fili"},"content":{"rendered":"<p>Bu elbise, canl\u0131 \u00e7i\u00e7ek desenleriyle enerjik bir g\u00f6r\u00fcn\u00fcm sunar ve feminen ve \u015f\u0131k tarz\u0131yla \u00f6ne \u00e7\u0131kar. Hafif yap\u0131s\u0131 ve ak\u0131c\u0131 kesimi, g\u00fcn boyu konfor sa\u011flar.<\/p>\n<p>\u2014 Teknik Detaylar \u2014<br \/>\nDesen: \u00c7oklu \u00c7i\u00e7ek Deseni<br \/>\nYaka Tipi: Yuvarlak Yaka<br \/>\nKol Tipi: Uzun Kollu<br \/>\nCep: Cepsiz<br \/>\nAstar: Astarl\u0131<br \/>\n\u00dcr\u00fcn Uzunlu\u011fu: 140 cm<br \/>\nKal\u0131p: Normal Kal\u0131p<br \/>\nModelin Giydi\u011fi Beden: 38<br \/>\nModel \u00d6l\u00e7\u00fcleri: {&#8216;Boy&#8217;: &#8216;175 cm&#8217;, &#8216;G\u00f6\u011f\u00fcs&#8217;: &#8217;80 cm&#8217;, &#8216;Bel&#8217;: &#8217;62 cm&#8217;, &#8216;Kal\u00e7a&#8217;: &#8217;89 cm&#8217;}<\/p>\n","protected":false},"excerpt":{"rendered":"<p>Bu elbise, canl\u0131 \u00e7i\u00e7ek desenleriyle enerjik bir g\u00f6r\u00fcn\u00fcm sunar ve feminen ve \u015f\u0131k tarz\u0131yla \u00f6ne \u00e7\u0131kar. Hafif yap\u0131s\u0131 ve ak\u0131c\u0131 kesimi, g\u00fcn boyu konfor sa\u011flar. \u2014 Teknik Detaylar \u2014 Desen: \u00c7oklu \u00c7i\u00e7ek Deseni Yaka Tipi: Yuvarlak Yaka Kol Tipi: Uzun Kollu Cep: Cepsiz Astar: Astarl\u0131 \u00dcr\u00fcn Uzunlu\u011fu: 140 cm Kal\u0131p: Normal Kal\u0131p Modelin Giydi\u011fi Beden: [&hellip;]<\/p>\n","protected":false},"featured_media":62867,"comment_status":"open","ping_status":"closed","template":"","meta":[],"product_brand":[],"product_cat":[6249],"product_tag":[7508,6751,8399],"class_list":{"0":"post-62875","1":"product","2":"type-product","3":"status-publish","4":"has-post-thumbnail","6":"product_cat-elbiseler","7":"product_tag-cicekli","8":"product_tag-rahat","9":"product_tag-sik-2","10":"pa_color-mint","11":"pa_size-4706","12":"pa_size-4711","13":"pa_size-4713","14":"pa_size-4751","16":"first","17":"instock","18":"sale","19":"shipping-taxable","20":"purchasable","21":"product-type-variable"},"_links":{"self":[{"href":"https:\/\/mod.wisdar.net\/tr\/wp-json\/wp\/v2\/product\/62875","targetHints":{"allow":["GET"]}}],"collection":[{"href":"https:\/\/mod.wisdar.net\/tr\/wp-json\/wp\/v2\/product"}],"about":[{"href":"https:\/\/mod.wisdar.net\/tr\/wp-json\/wp\/v2\/types\/product"}],"replies":[{"embeddable":true,"href":"https:\/\/mod.wisdar.net\/tr\/wp-json\/wp\/v2\/comments?post=62875"}],"wp:featuredmedia":[{"embeddable":true,"href":"https:\/\/mod.wisdar.net\/tr\/wp-json\/wp\/v2\/media\/62867"}],"wp:attachment":[{"href":"https:\/\/mod.wisdar.net\/tr\/wp-json\/wp\/v2\/media?parent=62875"}],"wp:term":[{"taxonomy":"product_brand","embeddable":true,"href":"https:\/\/mod.wisdar.net\/tr\/wp-json\/wp\/v2\/product_brand?post=62875"},{"taxonomy":"product_cat","embeddable":true,"href":"https:\/\/mod.wisdar.net\/tr\/wp-json\/wp\/v2\/product_cat?post=62875"},{"taxonomy":"product_tag","embeddable":true,"href":"https:\/\/mod.wisdar.net\/tr\/wp-json\/wp\/v2\/product_tag?post=62875"}],"curies":[{"name":"wp","href":"https:\/\/api.w.org\/{rel}","templated":true}]}}