{"id":62895,"date":"2025-11-01T21:41:25","date_gmt":"2025-11-01T21:41:25","guid":{"rendered":"https:\/\/modesthanim.com\/product\/mavi-cicek-desenli-bluz\/"},"modified":"2026-02-18T23:37:42","modified_gmt":"2026-02-18T23:37:42","slug":"mavi-cicek-desenli-bluz","status":"publish","type":"product","link":"https:\/\/mod.wisdar.net\/tr\/urun\/mavi-cicek-desenli-bluz\/","title":{"rendered":"Mavi \u00c7i\u00e7ek Desenli Bluz"},"content":{"rendered":"<p>\u00d6zel tasar\u0131m \u00e7i\u00e7ek desenli pamuk bluz. Kuma\u015f i\u00e7eri\u011fi: %100 pamuk. Ayarlanabilir kemer ve hareketli ku\u015fak \u00f6zellikleri. Beden 1: 36-38-40 uyumlu. Beden 2: 40-42-44 uyumlu. Beden 1 i\u00e7in \u00fcr\u00fcn \u00f6l\u00e7\u00fcmleri: G\u00f6\u011f\u00fcs 110 cm, Bel 118 cm, Boy 76 cm. Model Beden 1 giymektedir. Modelin \u00f6l\u00e7\u00fcmleri: Boy 180 cm, G\u00f6\u011f\u00fcs 86 cm, Kal\u00e7a 94 cm.<\/p>\n","protected":false},"excerpt":{"rendered":"<p>\u00d6zel tasar\u0131m \u00e7i\u00e7ek desenli pamuk bluz. Kuma\u015f i\u00e7eri\u011fi: %100 pamuk. Ayarlanabilir kemer ve hareketli ku\u015fak \u00f6zellikleri. Beden 1: 36-38-40 uyumlu. Beden 2: 40-42-44 uyumlu. Beden 1 i\u00e7in \u00fcr\u00fcn \u00f6l\u00e7\u00fcmleri: G\u00f6\u011f\u00fcs 110 cm, Bel 118 cm, Boy 76 cm. Model Beden 1 giymektedir. Modelin \u00f6l\u00e7\u00fcmleri: Boy 180 cm, G\u00f6\u011f\u00fcs 86 cm, Kal\u00e7a 94 cm.<\/p>\n","protected":false},"featured_media":62885,"comment_status":"open","ping_status":"closed","template":"","meta":[],"product_brand":[],"product_cat":[1909],"product_tag":[7508,7488],"class_list":{"0":"post-62895","1":"product","2":"type-product","3":"status-publish","4":"has-post-thumbnail","6":"product_cat-bluzlar-ve-gomlekler","7":"product_tag-cicekli","8":"product_tag-pamuk","9":"pa_brand-nurkalay","10":"pa_color-mavi","11":"pa_size-4446","12":"pa_size-4463","14":"first","15":"instock","16":"sale","17":"shipping-taxable","18":"purchasable","19":"product-type-variable"},"_links":{"self":[{"href":"https:\/\/mod.wisdar.net\/tr\/wp-json\/wp\/v2\/product\/62895","targetHints":{"allow":["GET"]}}],"collection":[{"href":"https:\/\/mod.wisdar.net\/tr\/wp-json\/wp\/v2\/product"}],"about":[{"href":"https:\/\/mod.wisdar.net\/tr\/wp-json\/wp\/v2\/types\/product"}],"replies":[{"embeddable":true,"href":"https:\/\/mod.wisdar.net\/tr\/wp-json\/wp\/v2\/comments?post=62895"}],"wp:featuredmedia":[{"embeddable":true,"href":"https:\/\/mod.wisdar.net\/tr\/wp-json\/wp\/v2\/media\/62885"}],"wp:attachment":[{"href":"https:\/\/mod.wisdar.net\/tr\/wp-json\/wp\/v2\/media?parent=62895"}],"wp:term":[{"taxonomy":"product_brand","embeddable":true,"href":"https:\/\/mod.wisdar.net\/tr\/wp-json\/wp\/v2\/product_brand?post=62895"},{"taxonomy":"product_cat","embeddable":true,"href":"https:\/\/mod.wisdar.net\/tr\/wp-json\/wp\/v2\/product_cat?post=62895"},{"taxonomy":"product_tag","embeddable":true,"href":"https:\/\/mod.wisdar.net\/tr\/wp-json\/wp\/v2\/product_tag?post=62895"}],"curies":[{"name":"wp","href":"https:\/\/api.w.org\/{rel}","templated":true}]}}