{"id":62917,"date":"2025-11-01T21:41:12","date_gmt":"2025-11-01T21:41:12","guid":{"rendered":"https:\/\/modesthanim.com\/product\/fisto-detayli-cizgili-tunik-cagla\/"},"modified":"2026-04-10T17:02:22","modified_gmt":"2026-04-10T17:02:22","slug":"fisto-detayli-cizgili-tunik-cagla","status":"publish","type":"product","link":"https:\/\/mod.wisdar.net\/tr\/urun\/fisto-detayli-cizgili-tunik-cagla\/","title":{"rendered":"Fisto Detayl\u0131 \u00c7izgili Tunik \u2013 \u00c7a\u011fla"},"content":{"rendered":"<p>Fisto ve f\u0131rf\u0131r detayl\u0131 \u00e7izgili g\u00f6mlek. Belde ince kemer \u00f6zelli\u011fi. %100 pamuktan \u00fcretilmi\u015ftir. 2 beden \u00f6l\u00e7\u00fcleri: G\u00f6\u011f\u00fcs 116 cm, Bel 116 cm, Kal\u00e7a 120 cm, Uzunluk 75 cm. Mevcut bedenler: 1 (36-38), 2 (38-40), 3 (40-42), 4 (42-44). Modelin \u00f6l\u00e7\u00fcleri: Boy: 177 cm, G\u00f6\u011f\u00fcs: 90 cm, Bel: 62 cm, Kal\u00e7a: 93 cm. Model 2 beden giymektedir.<\/p>\n","protected":false},"excerpt":{"rendered":"<p>Fisto ve f\u0131rf\u0131r detayl\u0131 \u00e7izgili g\u00f6mlek. Belde ince kemer \u00f6zelli\u011fi. %100 pamuktan \u00fcretilmi\u015ftir. 2 beden \u00f6l\u00e7\u00fcleri: G\u00f6\u011f\u00fcs 116 cm, Bel 116 cm, Kal\u00e7a 120 cm, Uzunluk 75 cm. Mevcut bedenler: 1 (36-38), 2 (38-40), 3 (40-42), 4 (42-44). Modelin \u00f6l\u00e7\u00fcleri: Boy: 177 cm, G\u00f6\u011f\u00fcs: 90 cm, Bel: 62 cm, Kal\u00e7a: 93 cm. Model 2 beden [&hellip;]<\/p>\n","protected":false},"featured_media":62910,"comment_status":"open","ping_status":"closed","template":"","meta":[],"product_brand":[],"product_cat":[1909],"product_tag":[7912,7668,7488],"class_list":{"0":"post-62917","1":"product","2":"type-product","3":"status-publish","4":"has-post-thumbnail","6":"product_cat-bluzlar-ve-gomlekler","7":"product_tag-cizgili","8":"product_tag-kemerli","9":"product_tag-pamuk","10":"pa_brand-nurkalay","11":"pa_size-4446","12":"pa_size-4463","13":"pa_size-4680","14":"pa_size-4694","16":"first","17":"instock","18":"sale","19":"shipping-taxable","20":"purchasable","21":"product-type-variable"},"_links":{"self":[{"href":"https:\/\/mod.wisdar.net\/tr\/wp-json\/wp\/v2\/product\/62917","targetHints":{"allow":["GET"]}}],"collection":[{"href":"https:\/\/mod.wisdar.net\/tr\/wp-json\/wp\/v2\/product"}],"about":[{"href":"https:\/\/mod.wisdar.net\/tr\/wp-json\/wp\/v2\/types\/product"}],"replies":[{"embeddable":true,"href":"https:\/\/mod.wisdar.net\/tr\/wp-json\/wp\/v2\/comments?post=62917"}],"wp:featuredmedia":[{"embeddable":true,"href":"https:\/\/mod.wisdar.net\/tr\/wp-json\/wp\/v2\/media\/62910"}],"wp:attachment":[{"href":"https:\/\/mod.wisdar.net\/tr\/wp-json\/wp\/v2\/media?parent=62917"}],"wp:term":[{"taxonomy":"product_brand","embeddable":true,"href":"https:\/\/mod.wisdar.net\/tr\/wp-json\/wp\/v2\/product_brand?post=62917"},{"taxonomy":"product_cat","embeddable":true,"href":"https:\/\/mod.wisdar.net\/tr\/wp-json\/wp\/v2\/product_cat?post=62917"},{"taxonomy":"product_tag","embeddable":true,"href":"https:\/\/mod.wisdar.net\/tr\/wp-json\/wp\/v2\/product_tag?post=62917"}],"curies":[{"name":"wp","href":"https:\/\/api.w.org\/{rel}","templated":true}]}}