{"id":62949,"date":"2025-11-01T21:30:17","date_gmt":"2025-11-01T21:30:17","guid":{"rendered":"https:\/\/modesthanim.com\/product\/bej-zincir-nakisli-elastik-kol-modal-gomlek-tunik\/"},"modified":"2026-02-18T23:22:54","modified_gmt":"2026-02-18T23:22:54","slug":"bej-zincir-nakisli-elastik-kol-modal-gomlek-tunik","status":"publish","type":"product","link":"https:\/\/mod.wisdar.net\/tr\/urun\/bej-zincir-nakisli-elastik-kol-modal-gomlek-tunik\/","title":{"rendered":"Bej Zincir Nak\u0131\u015fl\u0131 Elastik Kol Modal G\u00f6mlek Tunik"},"content":{"rendered":"<p>Bej Zincir Nak\u0131\u015fl\u0131 Elastik Kol Modal G\u00f6mlek Tunik ile modern ve rahat bir stil yakalay\u0131n. ALLDAY&#8217;in G\u00f6mlek Tunik kategorisindeki di\u011fer modelleri ke\u015ffedin. K\u0131yafetinizi bug\u00fcn bu par\u00e7a ile tamamlay\u0131n!<\/p>\n<p>\u2014 Teknik Detaylar \u2014<br \/>\nMevsim: 25-Yaz Rpt<br \/>\nCep Detay\u0131: Cepsiz<br \/>\nYaka: G\u00f6mlek<br \/>\nKol Tipi: Ba\u011fl\u0131<br \/>\nBoyut \/ Uzunluk: 80 CM<br \/>\nTasar\u0131m D\u00f6nemi: 25-Yaz<br \/>\nKal\u0131p: RAHAT<br \/>\nBel: Bel<br \/>\nDesen: D\u00fcz<br \/>\nTema: 3.DO\u011eAL<br \/>\n\u00c7izgi: G\u00dcNL\u00dcK<br \/>\n\u00dcr\u00fcn Lig: A Kalite<br \/>\nSat\u0131\u015f Sezonu: Yaz<br \/>\nMalzeme T\u00fcr\u00fc: Dokuma<\/p>\n","protected":false},"excerpt":{"rendered":"<p>Bej Zincir Nak\u0131\u015fl\u0131 Elastik Kol Modal G\u00f6mlek Tunik ile modern ve rahat bir stil yakalay\u0131n. ALLDAY&#8217;in G\u00f6mlek Tunik kategorisindeki di\u011fer modelleri ke\u015ffedin. K\u0131yafetinizi bug\u00fcn bu par\u00e7a ile tamamlay\u0131n! \u2014 Teknik Detaylar \u2014 Mevsim: 25-Yaz Rpt Cep Detay\u0131: Cepsiz Yaka: G\u00f6mlek Kol Tipi: Ba\u011fl\u0131 Boyut \/ Uzunluk: 80 CM Tasar\u0131m D\u00f6nemi: 25-Yaz Kal\u0131p: RAHAT Bel: Bel [&hellip;]<\/p>\n","protected":false},"featured_media":62944,"comment_status":"open","ping_status":"closed","template":"","meta":[],"product_brand":[],"product_cat":[1909],"product_tag":[6753,7376],"class_list":{"0":"post-62949","1":"product","2":"type-product","3":"status-publish","4":"has-post-thumbnail","6":"product_cat-bluzlar-ve-gomlekler","7":"product_tag-bej","8":"product_tag-modal","9":"pa_brand-allday","10":"pa_color-bej","11":"pa_size-4701","12":"pa_size-4706","13":"pa_size-4711","14":"pa_size-4713","15":"pa_size-4751","17":"first","18":"instock","19":"sale","20":"shipping-taxable","21":"purchasable","22":"product-type-variable"},"_links":{"self":[{"href":"https:\/\/mod.wisdar.net\/tr\/wp-json\/wp\/v2\/product\/62949","targetHints":{"allow":["GET"]}}],"collection":[{"href":"https:\/\/mod.wisdar.net\/tr\/wp-json\/wp\/v2\/product"}],"about":[{"href":"https:\/\/mod.wisdar.net\/tr\/wp-json\/wp\/v2\/types\/product"}],"replies":[{"embeddable":true,"href":"https:\/\/mod.wisdar.net\/tr\/wp-json\/wp\/v2\/comments?post=62949"}],"wp:featuredmedia":[{"embeddable":true,"href":"https:\/\/mod.wisdar.net\/tr\/wp-json\/wp\/v2\/media\/62944"}],"wp:attachment":[{"href":"https:\/\/mod.wisdar.net\/tr\/wp-json\/wp\/v2\/media?parent=62949"}],"wp:term":[{"taxonomy":"product_brand","embeddable":true,"href":"https:\/\/mod.wisdar.net\/tr\/wp-json\/wp\/v2\/product_brand?post=62949"},{"taxonomy":"product_cat","embeddable":true,"href":"https:\/\/mod.wisdar.net\/tr\/wp-json\/wp\/v2\/product_cat?post=62949"},{"taxonomy":"product_tag","embeddable":true,"href":"https:\/\/mod.wisdar.net\/tr\/wp-json\/wp\/v2\/product_tag?post=62949"}],"curies":[{"name":"wp","href":"https:\/\/api.w.org\/{rel}","templated":true}]}}