{"id":62960,"date":"2025-11-01T21:28:31","date_gmt":"2025-11-01T21:28:31","guid":{"rendered":"https:\/\/modesthanim.com\/product\/vizon-kollu-sik-dugmeli-gomlek\/"},"modified":"2026-02-18T23:20:27","modified_gmt":"2026-02-18T23:20:27","slug":"vizon-kollu-sik-dugmeli-gomlek","status":"publish","type":"product","link":"https:\/\/mod.wisdar.net\/tr\/urun\/vizon-kollu-sik-dugmeli-gomlek\/","title":{"rendered":"Vizon Kollu \u015e\u0131k D\u00fc\u011fmeli G\u00f6mlek"},"content":{"rendered":"<p>Vizon Kollu \u015e\u0131k D\u00fc\u011fmeli G\u00f6mle\u011fimizle modern ve rahat bir stil yakalay\u0131n. ALLDAY&#8217;in G\u00f6mlek kategorisindeki di\u011fer modelleri ke\u015ffedin. K\u0131yafetinizi Vizon Kollu \u015e\u0131k D\u00fc\u011fmeli G\u00f6mlek ile tamamlamak i\u00e7in \u015fimdi ke\u015ffedin!<\/p>\n<p>\u2014 Teknik Detaylar \u2014<br \/>\nMevsim: 26-K\u0131\u015f D\u00f6ng\u00fcs\u00fc<br \/>\nKuma\u015f \u0130\u00e7eri\u011fi: %100 PES<br \/>\nKuma\u015f Grubu: Pamuk Polyester<br \/>\nCep Detay\u0131: Cepsiz<br \/>\nYaka: G\u00f6mlek<br \/>\nKol Deseni: B\u00fczg\u00fcl\u00fc<br \/>\nBeden \/ Boy: 80 CM<br \/>\nTasar\u0131m D\u00f6nemi: 25-Yaz<br \/>\nKal\u0131p: RAHAT<br \/>\nBel: Y\u0131rtma\u00e7<br \/>\nDesen: D\u00fcz<br \/>\nTema: H\u0131zl\u0131 Moda<br \/>\nSeri: \u00d6ZEL G\u00dcN<br \/>\n\u00dcr\u00fcn Lig: A Kalite<br \/>\nMevsimlik Sat\u0131\u015f D\u00f6nemi: \u0130lkbahar<br \/>\nMateryal Tipi: Dokuma<\/p>\n","protected":false},"excerpt":{"rendered":"<p>Vizon Kollu \u015e\u0131k D\u00fc\u011fmeli G\u00f6mle\u011fimizle modern ve rahat bir stil yakalay\u0131n. ALLDAY&#8217;in G\u00f6mlek kategorisindeki di\u011fer modelleri ke\u015ffedin. K\u0131yafetinizi Vizon Kollu \u015e\u0131k D\u00fc\u011fmeli G\u00f6mlek ile tamamlamak i\u00e7in \u015fimdi ke\u015ffedin! \u2014 Teknik Detaylar \u2014 Mevsim: 26-K\u0131\u015f D\u00f6ng\u00fcs\u00fc Kuma\u015f \u0130\u00e7eri\u011fi: %100 PES Kuma\u015f Grubu: Pamuk Polyester Cep Detay\u0131: Cepsiz Yaka: G\u00f6mlek Kol Deseni: B\u00fczg\u00fcl\u00fc Beden \/ Boy: 80 [&hellip;]<\/p>\n","protected":false},"featured_media":62955,"comment_status":"open","ping_status":"closed","template":"","meta":[],"product_brand":[],"product_cat":[1909],"product_tag":[8107,7147],"class_list":{"0":"post-62960","1":"product","2":"type-product","3":"status-publish","4":"has-post-thumbnail","6":"product_cat-bluzlar-ve-gomlekler","7":"product_tag-sik","8":"product_tag-vizon","9":"pa_brand-allday","10":"pa_color-vizon","11":"pa_size-4701","12":"pa_size-4706","13":"pa_size-4711","14":"pa_size-4713","15":"pa_size-4751","17":"first","18":"instock","19":"sale","20":"shipping-taxable","21":"purchasable","22":"product-type-variable"},"_links":{"self":[{"href":"https:\/\/mod.wisdar.net\/tr\/wp-json\/wp\/v2\/product\/62960","targetHints":{"allow":["GET"]}}],"collection":[{"href":"https:\/\/mod.wisdar.net\/tr\/wp-json\/wp\/v2\/product"}],"about":[{"href":"https:\/\/mod.wisdar.net\/tr\/wp-json\/wp\/v2\/types\/product"}],"replies":[{"embeddable":true,"href":"https:\/\/mod.wisdar.net\/tr\/wp-json\/wp\/v2\/comments?post=62960"}],"wp:featuredmedia":[{"embeddable":true,"href":"https:\/\/mod.wisdar.net\/tr\/wp-json\/wp\/v2\/media\/62955"}],"wp:attachment":[{"href":"https:\/\/mod.wisdar.net\/tr\/wp-json\/wp\/v2\/media?parent=62960"}],"wp:term":[{"taxonomy":"product_brand","embeddable":true,"href":"https:\/\/mod.wisdar.net\/tr\/wp-json\/wp\/v2\/product_brand?post=62960"},{"taxonomy":"product_cat","embeddable":true,"href":"https:\/\/mod.wisdar.net\/tr\/wp-json\/wp\/v2\/product_cat?post=62960"},{"taxonomy":"product_tag","embeddable":true,"href":"https:\/\/mod.wisdar.net\/tr\/wp-json\/wp\/v2\/product_tag?post=62960"}],"curies":[{"name":"wp","href":"https:\/\/api.w.org\/{rel}","templated":true}]}}