{"id":62981,"date":"2025-11-02T14:55:35","date_gmt":"2025-11-02T14:55:35","guid":{"rendered":"https:\/\/modesthanim.com\/product\/kruvaze-detayli-gomlek-lacivert\/"},"modified":"2026-04-05T21:29:24","modified_gmt":"2026-04-05T21:29:24","slug":"kruvaze-detayli-gomlek-lacivert","status":"publish","type":"product","link":"https:\/\/mod.wisdar.net\/tr\/urun\/kruvaze-detayli-gomlek-lacivert\/","title":{"rendered":"Kruvaze Detayl\u0131 G\u00f6mlek \u2013 Lacivert"},"content":{"rendered":"<p>Do\u011fal kuma\u015f yap\u0131s\u0131 ile hafif ve nefes alabilir bir kullan\u0131m sunar. Gizli d\u00fc\u011fme pat\u0131 ve rahat kal\u0131b\u0131 hem \u015f\u0131k hem de konforlu bir tarz vaat eder.<\/p>\n<p>Kuma\u015f \u0130\u00e7eri\u011fi: %76 Pamuk, %22 Polyester, %2 Elastan<br \/>\nDesen: D\u00fcz<br \/>\nYaka Tipi: Bisiklet Yaka<br \/>\nKol Tipi: Uzun Kol<br \/>\nCep: Cepsiz<br \/>\nAstar: Astar\u0131z<br \/>\n\u00dcr\u00fcn Uzunlu\u011fu: 65 cm<br \/>\nKal\u0131p: Normal Kal\u0131p<br \/>\nModelin Giydi\u011fi Beden: 38<br \/>\nModel \u00d6l\u00e7\u00fcleri: Boy: 174 cm, G\u00f6\u011f\u00fcs: 81 cm, Bel: 61 cm, Kal\u00e7a: 92 cm<\/p>\n","protected":false},"excerpt":{"rendered":"<p>Do\u011fal kuma\u015f yap\u0131s\u0131 ile hafif ve nefes alabilir bir kullan\u0131m sunar. Gizli d\u00fc\u011fme pat\u0131 ve rahat kal\u0131b\u0131 hem \u015f\u0131k hem de konforlu bir tarz vaat eder. Kuma\u015f \u0130\u00e7eri\u011fi: %76 Pamuk, %22 Polyester, %2 Elastan Desen: D\u00fcz Yaka Tipi: Bisiklet Yaka Kol Tipi: Uzun Kol Cep: Cepsiz Astar: Astar\u0131z \u00dcr\u00fcn Uzunlu\u011fu: 65 cm Kal\u0131p: Normal Kal\u0131p [&hellip;]<\/p>\n","protected":false},"featured_media":62976,"comment_status":"open","ping_status":"closed","template":"","meta":[],"product_brand":[],"product_cat":[1909],"product_tag":[7238,6751,8107],"class_list":{"0":"post-62981","1":"product","2":"type-product","3":"status-publish","4":"has-post-thumbnail","6":"product_cat-bluzlar-ve-gomlekler","7":"product_tag-lacivert","8":"product_tag-rahat","9":"product_tag-sik","10":"pa_brand-tugba","11":"pa_color-lacivert","12":"pa_size-4706","13":"pa_size-4711","14":"pa_size-4713","16":"first","17":"instock","18":"sale","19":"shipping-taxable","20":"purchasable","21":"product-type-variable"},"_links":{"self":[{"href":"https:\/\/mod.wisdar.net\/tr\/wp-json\/wp\/v2\/product\/62981","targetHints":{"allow":["GET"]}}],"collection":[{"href":"https:\/\/mod.wisdar.net\/tr\/wp-json\/wp\/v2\/product"}],"about":[{"href":"https:\/\/mod.wisdar.net\/tr\/wp-json\/wp\/v2\/types\/product"}],"replies":[{"embeddable":true,"href":"https:\/\/mod.wisdar.net\/tr\/wp-json\/wp\/v2\/comments?post=62981"}],"wp:featuredmedia":[{"embeddable":true,"href":"https:\/\/mod.wisdar.net\/tr\/wp-json\/wp\/v2\/media\/62976"}],"wp:attachment":[{"href":"https:\/\/mod.wisdar.net\/tr\/wp-json\/wp\/v2\/media?parent=62981"}],"wp:term":[{"taxonomy":"product_brand","embeddable":true,"href":"https:\/\/mod.wisdar.net\/tr\/wp-json\/wp\/v2\/product_brand?post=62981"},{"taxonomy":"product_cat","embeddable":true,"href":"https:\/\/mod.wisdar.net\/tr\/wp-json\/wp\/v2\/product_cat?post=62981"},{"taxonomy":"product_tag","embeddable":true,"href":"https:\/\/mod.wisdar.net\/tr\/wp-json\/wp\/v2\/product_tag?post=62981"}],"curies":[{"name":"wp","href":"https:\/\/api.w.org\/{rel}","templated":true}]}}