{"id":62992,"date":"2025-11-02T14:54:45","date_gmt":"2025-11-02T14:54:45","guid":{"rendered":"https:\/\/modesthanim.com\/product\/cicek-desenli-bluz-haki\/"},"modified":"2026-03-17T21:23:21","modified_gmt":"2026-03-17T21:23:21","slug":"cicek-desenli-bluz-haki","status":"publish","type":"product","link":"https:\/\/mod.wisdar.net\/tr\/urun\/cicek-desenli-bluz-haki\/","title":{"rendered":"\u00c7i\u00e7ek Desenli Bluz \u2013 Haki"},"content":{"rendered":"<p>Canl\u0131 \u00e7i\u00e7ek desenleriyle enerjik bir duru\u015f sergileyen bu bluz, feminen tarz\u0131 \u00f6n plana \u00e7\u0131kar\u0131r. Hafif ve d\u00f6k\u00fcml\u00fc yap\u0131s\u0131yla g\u00fcn boyu konfor sunar. Hem g\u00fcnl\u00fck hem de \u015f\u0131k kombinlerde kolayca kullan\u0131labilir.<\/p>\n<p>\u2014 Technical Details \u2014<br \/>\nDesen: \u00c7i\u00e7ek Desen<br \/>\nYaka Tipi: S\u0131f\u0131r Yaka<br \/>\nKol Tipi: Reglan Kol<br \/>\nCep: Cepsiz<br \/>\nAstar: Astars\u0131z<br \/>\n\u00dcr\u00fcn Boyu: 65 cm<br \/>\nKal\u0131p Tipi: Rahat Kal\u0131p<br \/>\nMankenin Giydi\u011fi Beden: 38<br \/>\nManken \u00d6l\u00e7\u00fcleri: {&#8216;Boy&#8217;: &#8216;179 cm&#8217;, &#8216;G\u00f6\u011f\u00fcs&#8217;: &#8217;84 cm&#8217;, &#8216;Bel&#8217;: &#8217;62 cm&#8217;, &#8216;Basen&#8217;: &#8217;90 cm&#8217;}<br \/>\nBeden \u00d6l\u00e7\u00fcleri: {&#8217;38&#8217;: {&#8216;G\u00d6\u011e\u00dcS&#8217;: 102, &#8216;BEL&#8217;: 108, &#8216;BASEN&#8217;: 116, &#8216;BOY&#8217;: 65, &#8216;KOL BOYU&#8217;: 73}, &#8217;40&#8217;: {&#8216;G\u00d6\u011e\u00dcS&#8217;: 106, &#8216;BEL&#8217;: 112, &#8216;BASEN&#8217;: 120, &#8216;BOY&#8217;: 65.5, &#8216;KOL BOYU&#8217;: 73.5}, &#8217;42&#8217;: {&#8216;G\u00d6\u011e\u00dcS&#8217;: 110, &#8216;BEL&#8217;: 116, &#8216;BASEN&#8217;: 124, &#8216;BOY&#8217;: 66, &#8216;KOL BOYU&#8217;: 74}, &#8217;44&#8217;: {&#8216;G\u00d6\u011e\u00dcS&#8217;: 114, &#8216;BEL&#8217;: 120, &#8216;BASEN&#8217;: 128, &#8216;BOY&#8217;: 66.5, &#8216;KOL BOYU&#8217;: 74.5}}<\/p>\n","protected":false},"excerpt":{"rendered":"<p>Canl\u0131 \u00e7i\u00e7ek desenleriyle enerjik bir duru\u015f sergileyen bu bluz, feminen tarz\u0131 \u00f6n plana \u00e7\u0131kar\u0131r. Hafif ve d\u00f6k\u00fcml\u00fc yap\u0131s\u0131yla g\u00fcn boyu konfor sunar. Hem g\u00fcnl\u00fck hem de \u015f\u0131k kombinlerde kolayca kullan\u0131labilir. \u2014 Technical Details \u2014 Desen: \u00c7i\u00e7ek Desen Yaka Tipi: S\u0131f\u0131r Yaka Kol Tipi: Reglan Kol Cep: Cepsiz Astar: Astars\u0131z \u00dcr\u00fcn Boyu: 65 cm Kal\u0131p Tipi: [&hellip;]<\/p>\n","protected":false},"featured_media":62985,"comment_status":"open","ping_status":"closed","template":"","meta":[],"product_brand":[],"product_cat":[1909],"product_tag":[7508,7419,6744,8399],"class_list":{"0":"post-62992","1":"product","2":"type-product","3":"status-publish","4":"has-post-thumbnail","6":"product_cat-bluzlar-ve-gomlekler","7":"product_tag-cicekli","8":"product_tag-gunluk","9":"product_tag-kadin-modasi","10":"product_tag-sik-2","11":"pa_color-haki","12":"pa_size-4706","13":"pa_size-4711","14":"pa_size-4713","15":"pa_size-4751","17":"first","18":"instock","19":"sale","20":"shipping-taxable","21":"purchasable","22":"product-type-variable"},"_links":{"self":[{"href":"https:\/\/mod.wisdar.net\/tr\/wp-json\/wp\/v2\/product\/62992","targetHints":{"allow":["GET"]}}],"collection":[{"href":"https:\/\/mod.wisdar.net\/tr\/wp-json\/wp\/v2\/product"}],"about":[{"href":"https:\/\/mod.wisdar.net\/tr\/wp-json\/wp\/v2\/types\/product"}],"replies":[{"embeddable":true,"href":"https:\/\/mod.wisdar.net\/tr\/wp-json\/wp\/v2\/comments?post=62992"}],"wp:featuredmedia":[{"embeddable":true,"href":"https:\/\/mod.wisdar.net\/tr\/wp-json\/wp\/v2\/media\/62985"}],"wp:attachment":[{"href":"https:\/\/mod.wisdar.net\/tr\/wp-json\/wp\/v2\/media?parent=62992"}],"wp:term":[{"taxonomy":"product_brand","embeddable":true,"href":"https:\/\/mod.wisdar.net\/tr\/wp-json\/wp\/v2\/product_brand?post=62992"},{"taxonomy":"product_cat","embeddable":true,"href":"https:\/\/mod.wisdar.net\/tr\/wp-json\/wp\/v2\/product_cat?post=62992"},{"taxonomy":"product_tag","embeddable":true,"href":"https:\/\/mod.wisdar.net\/tr\/wp-json\/wp\/v2\/product_tag?post=62992"}],"curies":[{"name":"wp","href":"https:\/\/api.w.org\/{rel}","templated":true}]}}