{"id":63001,"date":"2025-11-07T20:16:06","date_gmt":"2025-11-02T14:49:08","guid":{"rendered":"https:\/\/modesthanim.com\/product\/allerli-siyah-gomlek\/"},"modified":"2026-04-02T20:17:44","modified_gmt":"2026-04-02T20:17:44","slug":"allerli-siyah-gomlek","status":"publish","type":"product","link":"https:\/\/mod.wisdar.net\/tr\/urun\/allerli-siyah-gomlek\/","title":{"rendered":"Allerli Siyah G\u00f6mlek"},"content":{"rendered":"<p>Malzeme: PAMUK<\/p>\n<p>Renkler, ayd\u0131nlatma farkl\u0131l\u0131klar\u0131 nedeniyle konsept \u00e7ekimlerinde farkl\u0131l\u0131k g\u00f6sterebilir.<\/p>\n<p>Model \u00d6l\u00e7\u00fcmleri: Boy: 170cm<\/p>\n<p>\u00dcr\u00fcn Uzunlu\u011fu: 70cm<\/p>\n<p>Numune Bedeni: 38\/1\/M<\/p>\n<p>Y\u0131kama: S\u0131cakta (40C veya 105F) y\u0131kanabilir,<\/p>\n<p>Normal ayarlarda kurutma makinesinde kurutulabilir,<\/p>\n<p>D\u00fc\u015f\u00fck \u0131s\u0131da buharla veya kuru olarak \u00fct\u00fclenebilir,<\/p>\n<p>Kuru temizleme yap\u0131labilir.<\/p>\n","protected":false},"excerpt":{"rendered":"<p>Malzeme: PAMUK Renkler, ayd\u0131nlatma farkl\u0131l\u0131klar\u0131 nedeniyle konsept \u00e7ekimlerinde farkl\u0131l\u0131k g\u00f6sterebilir. Model \u00d6l\u00e7\u00fcmleri: Boy: 170cm \u00dcr\u00fcn Uzunlu\u011fu: 70cm Numune Bedeni: 38\/1\/M Y\u0131kama: S\u0131cakta (40C veya 105F) y\u0131kanabilir, Normal ayarlarda kurutma makinesinde kurutulabilir, D\u00fc\u015f\u00fck \u0131s\u0131da buharla veya kuru olarak \u00fct\u00fclenebilir, Kuru temizleme yap\u0131labilir.<\/p>\n","protected":false},"featured_media":62997,"comment_status":"open","ping_status":"closed","template":"","meta":[],"product_brand":[],"product_cat":[1909],"product_tag":[7419,7488],"class_list":{"0":"post-63001","1":"product","2":"type-product","3":"status-publish","4":"has-post-thumbnail","6":"product_cat-bluzlar-ve-gomlekler","7":"product_tag-gunluk","8":"product_tag-pamuk","9":"pa_brand-meri-store","10":"pa_color-siyah","11":"pa_size-4701","12":"pa_size-4706","13":"pa_size-4711","14":"pa_size-4713","16":"first","17":"outofstock","18":"shipping-taxable","19":"product-type-variable"},"_links":{"self":[{"href":"https:\/\/mod.wisdar.net\/tr\/wp-json\/wp\/v2\/product\/63001","targetHints":{"allow":["GET"]}}],"collection":[{"href":"https:\/\/mod.wisdar.net\/tr\/wp-json\/wp\/v2\/product"}],"about":[{"href":"https:\/\/mod.wisdar.net\/tr\/wp-json\/wp\/v2\/types\/product"}],"replies":[{"embeddable":true,"href":"https:\/\/mod.wisdar.net\/tr\/wp-json\/wp\/v2\/comments?post=63001"}],"wp:featuredmedia":[{"embeddable":true,"href":"https:\/\/mod.wisdar.net\/tr\/wp-json\/wp\/v2\/media\/62997"}],"wp:attachment":[{"href":"https:\/\/mod.wisdar.net\/tr\/wp-json\/wp\/v2\/media?parent=63001"}],"wp:term":[{"taxonomy":"product_brand","embeddable":true,"href":"https:\/\/mod.wisdar.net\/tr\/wp-json\/wp\/v2\/product_brand?post=63001"},{"taxonomy":"product_cat","embeddable":true,"href":"https:\/\/mod.wisdar.net\/tr\/wp-json\/wp\/v2\/product_cat?post=63001"},{"taxonomy":"product_tag","embeddable":true,"href":"https:\/\/mod.wisdar.net\/tr\/wp-json\/wp\/v2\/product_tag?post=63001"}],"curies":[{"name":"wp","href":"https:\/\/api.w.org\/{rel}","templated":true}]}}