{"id":63019,"date":"2025-11-07T20:16:06","date_gmt":"2025-11-02T14:47:47","guid":{"rendered":"https:\/\/modesthanim.com\/product\/allerli-kahve-gomlek\/"},"modified":"2026-04-02T20:34:01","modified_gmt":"2026-04-02T20:34:01","slug":"allerli-kahve-gomlek","status":"publish","type":"product","link":"https:\/\/mod.wisdar.net\/tr\/urun\/allerli-kahve-gomlek\/","title":{"rendered":"Allerli Kahve G\u00f6mlek"},"content":{"rendered":"<p>\u00dcr\u00fcn \u0130\u00e7eri\u011fi: PAMUK<\/p>\n<p>Renkler, ayd\u0131nlatma farklar\u0131 nedeniyle konsept \u00e7ekimlerinde farkl\u0131l\u0131k g\u00f6sterebilir.<\/p>\n<p>Model \u00d6l\u00e7\u00fcmleri: Boy: 170cm<\/p>\n<p>\u00dcr\u00fcn Uzunlu\u011fu: 70cm<\/p>\n<p>Numune Bedeni: 38\/1\/M<\/p>\n<p>Y\u0131kama: S\u0131cak (40C veya 105F) y\u0131kanabilir,<br \/>\nNormalde kurutma yap\u0131labilir,<br \/>\nD\u00fc\u015f\u00fck \u0131s\u0131da \u00fct\u00fcleme veya kuru \u00fct\u00fcleme m\u00fcmk\u00fcnd\u00fcr,<br \/>\nKuru temizleme yap\u0131labilir<\/p>\n","protected":false},"excerpt":{"rendered":"<p>\u00dcr\u00fcn \u0130\u00e7eri\u011fi: PAMUK Renkler, ayd\u0131nlatma farklar\u0131 nedeniyle konsept \u00e7ekimlerinde farkl\u0131l\u0131k g\u00f6sterebilir. Model \u00d6l\u00e7\u00fcmleri: Boy: 170cm \u00dcr\u00fcn Uzunlu\u011fu: 70cm Numune Bedeni:<\/p>\n","protected":false},"featured_media":63015,"comment_status":"open","ping_status":"closed","template":"","meta":[],"product_brand":[],"product_cat":[1909],"product_tag":[7419],"class_list":{"0":"post-63019","1":"product","2":"type-product","3":"status-publish","4":"has-post-thumbnail","6":"product_cat-bluzlar-ve-gomlekler","7":"product_tag-gunluk","8":"pa_brand-meri-store","9":"pa_size-4701","10":"pa_size-4706","11":"pa_size-4711","12":"pa_size-4713","14":"first","15":"outofstock","16":"shipping-taxable","17":"product-type-variable"},"_links":{"self":[{"href":"https:\/\/mod.wisdar.net\/tr\/wp-json\/wp\/v2\/product\/63019","targetHints":{"allow":["GET"]}}],"collection":[{"href":"https:\/\/mod.wisdar.net\/tr\/wp-json\/wp\/v2\/product"}],"about":[{"href":"https:\/\/mod.wisdar.net\/tr\/wp-json\/wp\/v2\/types\/product"}],"replies":[{"embeddable":true,"href":"https:\/\/mod.wisdar.net\/tr\/wp-json\/wp\/v2\/comments?post=63019"}],"version-history":[{"count":0,"href":"https:\/\/mod.wisdar.net\/tr\/wp-json\/wp\/v2\/product\/63019\/revisions"}],"wp:featuredmedia":[{"embeddable":true,"href":"https:\/\/mod.wisdar.net\/tr\/wp-json\/wp\/v2\/media\/63015"}],"wp:attachment":[{"href":"https:\/\/mod.wisdar.net\/tr\/wp-json\/wp\/v2\/media?parent=63019"}],"wp:term":[{"taxonomy":"product_brand","embeddable":true,"href":"https:\/\/mod.wisdar.net\/tr\/wp-json\/wp\/v2\/product_brand?post=63019"},{"taxonomy":"product_cat","embeddable":true,"href":"https:\/\/mod.wisdar.net\/tr\/wp-json\/wp\/v2\/product_cat?post=63019"},{"taxonomy":"product_tag","embeddable":true,"href":"https:\/\/mod.wisdar.net\/tr\/wp-json\/wp\/v2\/product_tag?post=63019"}],"curies":[{"name":"wp","href":"https:\/\/api.w.org\/{rel}","templated":true}]}}