{"id":63045,"date":"2025-11-02T14:44:29","date_gmt":"2025-11-02T14:44:29","guid":{"rendered":"https:\/\/modesthanim.com\/product\/ekru-suslemeli-yaka-gomlek\/"},"modified":"2026-01-15T08:42:26","modified_gmt":"2026-01-15T08:42:26","slug":"ekru-suslemeli-yaka-gomlek","status":"publish","type":"product","link":"https:\/\/mod.wisdar.net\/tr\/urun\/ekru-suslemeli-yaka-gomlek\/","title":{"rendered":"Ekru S\u00fcslemeli Yaka G\u00f6mlek"},"content":{"rendered":"<p>\u00dcr\u00fcn uzunlu\u011fu: 70 cm<\/p>\n<p>Kol: 61 cm.<\/p>\n<p>Modelin giydi\u011fi \u00f6rnek beden &#8216;1&#8217;. Bedenler aras\u0131 1-3 cm fark olabilir.<\/p>\n<p>MODEL \u00d6L\u00c7\u00dcLER\u0130;<\/p>\n<p>Boy: 1.67 m<\/p>\n<p>A\u011f\u0131rl\u0131k: 52 kg<\/p>\n<p>G\u00f6\u011f\u00fcs: 88 cm<\/p>\n<p>Bel: 64 cm<\/p>\n<p>Kal\u00e7a: 88 cm<\/p>\n<p>YIKAMA TAL\u0130MATLARI;<\/p>\n<p>\u00c7ama\u015f\u0131r suyu kullanmay\u0131n\u0131z.<\/p>\n<p>D\u00fc\u015f\u00fck \u0131s\u0131da \u00fct\u00fclenebilir.<\/p>\n<p>Kuru temizleme yap\u0131labilir.<\/p>\n<p>\u0130ADE VE DE\u011e\u0130\u015e\u0130MLER;<\/p>\n<p>Fi\u015fsiz iade veya de\u011fi\u015fim yap\u0131lmamaktad\u0131r.<\/p>\n<p>\u00dcr\u00fcn\u00fc teslim ald\u0131ktan sonra herhangi bir nedenle iade veya de\u011fi\u015fim yapmak isterseniz, bunu teslimat tarihinden itibaren 14 g\u00fcn i\u00e7inde yapabilirsiniz.<\/p>\n<p>Zarar g\u00f6rm\u00fc\u015f veya eksik \u00fcr\u00fcnler i\u00e7in talepler, online ma\u011fazam\u0131z arac\u0131l\u0131\u011f\u0131yla 24 saat i\u00e7inde yap\u0131lmal\u0131d\u0131r.<\/p>\n<p>\u2014 Teknik Detaylar \u2014<br \/>\nTedarik\u00e7i \u00dcr\u00fcn Kodu: 0021<\/p>\n","protected":false},"excerpt":{"rendered":"<p>\u00dcr\u00fcn uzunlu\u011fu: 70 cm Kol: 61 cm. Modelin giydi\u011fi \u00f6rnek beden &#8216;1&#8217;. Bedenler aras\u0131 1-3 cm fark olabilir. MODEL \u00d6L\u00c7\u00dcLER\u0130; Boy: 1.67 m A\u011f\u0131rl\u0131k: 52 kg G\u00f6\u011f\u00fcs: 88 cm Bel: 64 cm Kal\u00e7a: 88 cm YIKAMA TAL\u0130MATLARI; \u00c7ama\u015f\u0131r suyu kullanmay\u0131n\u0131z. D\u00fc\u015f\u00fck \u0131s\u0131da \u00fct\u00fclenebilir. Kuru temizleme yap\u0131labilir. \u0130ADE VE DE\u011e\u0130\u015e\u0130MLER; Fi\u015fsiz iade veya de\u011fi\u015fim yap\u0131lmamaktad\u0131r. \u00dcr\u00fcn\u00fc [&hellip;]<\/p>\n","protected":false},"featured_media":63042,"comment_status":"open","ping_status":"closed","template":"","meta":[],"product_brand":[],"product_cat":[1909],"product_tag":[6757],"class_list":{"0":"post-63045","1":"product","2":"type-product","3":"status-publish","4":"has-post-thumbnail","6":"product_cat-bluzlar-ve-gomlekler","7":"product_tag-ekru","8":"pa_brand-markasiz","9":"pa_color-ekru","10":"pa_size-4446","11":"pa_size-4463","12":"pa_size-4680","13":"pa_size-4694","15":"first","16":"instock","17":"sale","18":"shipping-taxable","19":"purchasable","20":"product-type-variable"},"_links":{"self":[{"href":"https:\/\/mod.wisdar.net\/tr\/wp-json\/wp\/v2\/product\/63045","targetHints":{"allow":["GET"]}}],"collection":[{"href":"https:\/\/mod.wisdar.net\/tr\/wp-json\/wp\/v2\/product"}],"about":[{"href":"https:\/\/mod.wisdar.net\/tr\/wp-json\/wp\/v2\/types\/product"}],"replies":[{"embeddable":true,"href":"https:\/\/mod.wisdar.net\/tr\/wp-json\/wp\/v2\/comments?post=63045"}],"wp:featuredmedia":[{"embeddable":true,"href":"https:\/\/mod.wisdar.net\/tr\/wp-json\/wp\/v2\/media\/63042"}],"wp:attachment":[{"href":"https:\/\/mod.wisdar.net\/tr\/wp-json\/wp\/v2\/media?parent=63045"}],"wp:term":[{"taxonomy":"product_brand","embeddable":true,"href":"https:\/\/mod.wisdar.net\/tr\/wp-json\/wp\/v2\/product_brand?post=63045"},{"taxonomy":"product_cat","embeddable":true,"href":"https:\/\/mod.wisdar.net\/tr\/wp-json\/wp\/v2\/product_cat?post=63045"},{"taxonomy":"product_tag","embeddable":true,"href":"https:\/\/mod.wisdar.net\/tr\/wp-json\/wp\/v2\/product_tag?post=63045"}],"curies":[{"name":"wp","href":"https:\/\/api.w.org\/{rel}","templated":true}]}}