{"id":63113,"date":"2025-11-12T17:56:30","date_gmt":"2025-11-12T17:56:30","guid":{"rendered":"https:\/\/modesthanim.com\/product\/ftz-women-kadin-fileli-koton-gomlek-takim-ekru-30769\/"},"modified":"2026-04-14T05:20:51","modified_gmt":"2026-04-14T05:20:51","slug":"ftz-women-kadin-fileli-koton-gomlek-takim-ekru-30769","status":"publish","type":"product","link":"https:\/\/mod.wisdar.net\/tr\/urun\/ftz-women-kadin-fileli-koton-gomlek-takim-ekru-30769\/","title":{"rendered":"FTZ Women Kad\u0131n Fileli Koton G\u00f6mlek Tak\u0131m  Ekru 30769"},"content":{"rendered":"<p>Kuma\u015f : %40 Viskon %30 Pamuk %30 Akrilik<br \/>\nKol : 43 cm<br \/>\nYaka Tipi : G\u00f6mlek Yaka<br \/>\nDesen : Pul<br \/>\nKal\u0131p : Standart<br \/>\nModel \u00d6l\u00e7\u00fcs\u00fc<br \/>\nBeden: 36\u00a0 Boy: 1.73 cm\u00a0 \u00a0 G\u00f6\u011f\u00fcs: 85 cm\u00a0 \u00a0 Bel: 63 cm\u00a0 \u00a0Kal\u00e7a: 95 cm<br \/>\n\u00dcr\u00fcn \u00d6l\u00e7\u00fcs\u00fc<br \/>\nBoy: 78\u00a0cm\u00a0 \u00a0 G\u00f6\u011f\u00fcs: 60 cm\u00a0 \u00a0 Bel: 65\u00a0cm\u00a0 \u00a0Kal\u00e7a: 69\u00a0cm<br \/>\nY\u0131kama Talimat\u0131 :<br \/>\n\u2013 Makine ile So\u011fuk Y\u0131kama Yap\u0131n\u0131z (30C veya 65F ile 85F)<br \/>\n\u2013 Kurutma Makinesinde Kurutulamaz<br \/>\n\u2013 Kuru Temizleme , Trikloretilen Ay\u0131r\u0131\u00e7\u0131s\u0131yla Az \u00c7\u00f6z\u00fcc\u00fc Kullan\u0131n\u0131z<br \/>\n\u2013 D\u00fc\u015f\u00fck Is\u0131da \u00dct\u00fcleme Yap\u0131n\u0131z<br \/>\n\u2013 \u00c7ama\u015f\u0131r Suyu Kullanmay\u0131n\u0131z<\/p>\n<p>\u2014 Technical Details \u2014<br \/>\nKuma\u015f Tipi: Poplin<br \/>\nKal\u0131p: Regular<br \/>\nKal\u0131p \u00d6zellikleri: Regular<br \/>\nBoy: 78<br \/>\nDesen: File<br \/>\nAstar Durumu: Astars\u0131z<br \/>\nBel: 65<br \/>\nCep: Var<br \/>\nKal\u0131nl\u0131k: \u0130nce<br \/>\nKemer Ku\u015fak Durumu: Kemersiz<br \/>\nKol Boyu: 43<br \/>\nKol Tipi: Standart<br \/>\nMateryal: Viskon Kar\u0131\u015f\u0131ml\u0131<br \/>\nPar\u00e7a Say\u0131s\u0131: 1<br \/>\nBeden Aral\u0131\u011f\u0131: (38-40\/42-44)<\/p>\n","protected":false},"excerpt":{"rendered":"<p>Kuma\u015f : %40 Viskon %30 Pamuk %30 Akrilik Kol : 43 cm Yaka Tipi : G\u00f6mlek Yaka Desen : Pul Kal\u0131p : Standart Model \u00d6l\u00e7\u00fcs\u00fc Beden: 36\u00a0 Boy: 1.73 cm\u00a0 \u00a0 G\u00f6\u011f\u00fcs: 85 cm\u00a0 \u00a0 Bel: 63 cm\u00a0 \u00a0Kal\u00e7a: 95 cm \u00dcr\u00fcn \u00d6l\u00e7\u00fcs\u00fc Boy: 78\u00a0cm\u00a0 \u00a0 G\u00f6\u011f\u00fcs: 60 cm\u00a0 \u00a0 Bel: 65\u00a0cm\u00a0 \u00a0Kal\u00e7a: 69\u00a0cm Y\u0131kama [&hellip;]<\/p>\n","protected":false},"featured_media":63106,"comment_status":"open","ping_status":"closed","template":"","meta":[],"product_brand":[],"product_cat":[1909],"product_tag":[6757,7488],"class_list":{"0":"post-63113","1":"product","2":"type-product","3":"status-publish","4":"has-post-thumbnail","6":"product_cat-bluzlar-ve-gomlekler","7":"product_tag-ekru","8":"product_tag-pamuk","9":"pa_brand-ftz-women","10":"pa_color-ekru","11":"pa_size-4706","12":"pa_size-4711","13":"pa_size-4713","14":"pa_size-4751","16":"first","17":"instock","18":"sale","19":"shipping-taxable","20":"purchasable","21":"product-type-variable"},"_links":{"self":[{"href":"https:\/\/mod.wisdar.net\/tr\/wp-json\/wp\/v2\/product\/63113","targetHints":{"allow":["GET"]}}],"collection":[{"href":"https:\/\/mod.wisdar.net\/tr\/wp-json\/wp\/v2\/product"}],"about":[{"href":"https:\/\/mod.wisdar.net\/tr\/wp-json\/wp\/v2\/types\/product"}],"replies":[{"embeddable":true,"href":"https:\/\/mod.wisdar.net\/tr\/wp-json\/wp\/v2\/comments?post=63113"}],"wp:featuredmedia":[{"embeddable":true,"href":"https:\/\/mod.wisdar.net\/tr\/wp-json\/wp\/v2\/media\/63106"}],"wp:attachment":[{"href":"https:\/\/mod.wisdar.net\/tr\/wp-json\/wp\/v2\/media?parent=63113"}],"wp:term":[{"taxonomy":"product_brand","embeddable":true,"href":"https:\/\/mod.wisdar.net\/tr\/wp-json\/wp\/v2\/product_brand?post=63113"},{"taxonomy":"product_cat","embeddable":true,"href":"https:\/\/mod.wisdar.net\/tr\/wp-json\/wp\/v2\/product_cat?post=63113"},{"taxonomy":"product_tag","embeddable":true,"href":"https:\/\/mod.wisdar.net\/tr\/wp-json\/wp\/v2\/product_tag?post=63113"}],"curies":[{"name":"wp","href":"https:\/\/api.w.org\/{rel}","templated":true}]}}