{"id":63122,"date":"2025-11-02T14:37:00","date_gmt":"2025-11-02T14:37:00","guid":{"rendered":"https:\/\/modesthanim.com\/product\/beyaz-genis-paca-kot-pantolon-3\/"},"modified":"2026-04-14T05:12:17","modified_gmt":"2026-04-14T05:12:17","slug":"beyaz-genis-paca-kot-pantolon-3","status":"publish","type":"product","link":"https:\/\/mod.wisdar.net\/tr\/urun\/beyaz-genis-paca-kot-pantolon-3\/","title":{"rendered":"Beyaz Geni\u015f Pa\u00e7a Kot Pantolon"},"content":{"rendered":"<p>Beyaz Geni\u015f Pa\u00e7a Kot Pantolonumuz ile modern ve rahat bir stil yakalay\u0131n. Kombininizi tamamlamak i\u00e7in ALLDAY&#8217;in Pantolon kategorisindeki di\u011fer modelleri ke\u015ffedin. \u015eimdi ke\u015ffet!<\/p>\n<p>\u2014 Teknik Detaylar \u2014<br \/>\nSezon: 25-Yaz Rpt<br \/>\nKuma\u015f \u0130\u00e7eri\u011fi: %98 Pamuk, %2 Ea<br \/>\nKuma\u015f Grubu: Tencel<br \/>\nCep Detay\u0131: Yan Cep<br \/>\nBeden \/ Uzunluk: 100 CM<br \/>\nTasar\u0131m D\u00f6nemi: 25-Yaz<br \/>\nKal\u0131p: RAHAT KALIP<br \/>\nPa\u00e7a: Geni\u015f Pa\u00e7a<br \/>\nBel: Lastikli<br \/>\nDesen: D\u00fcz<br \/>\nTema: 1.SPOR<br \/>\n\u00c7izgi: G\u00dcNL\u00dcK<br \/>\n\u00dcr\u00fcn Lig: A Kalite<br \/>\nSezon Sat\u0131\u015f D\u00f6nemi: \u0130lkbahar<br \/>\nY\u0131kama Talimatlar\u0131: 40\u00b0&#8217;ye kadar y\u0131kanabilir<br \/>\nMalzeme T\u00fcr\u00fc: Kot<\/p>\n","protected":false},"excerpt":{"rendered":"<p>Beyaz Geni\u015f Pa\u00e7a Kot Pantolonumuz ile modern ve rahat bir stil yakalay\u0131n. Kombininizi tamamlamak i\u00e7in ALLDAY&#8217;in Pantolon kategorisindeki di\u011fer modelleri ke\u015ffedin. \u015eimdi ke\u015ffet! \u2014 Teknik Detaylar \u2014 Sezon: 25-Yaz Rpt Kuma\u015f \u0130\u00e7eri\u011fi: %98 Pamuk, %2 Ea Kuma\u015f Grubu: Tencel Cep Detay\u0131: Yan Cep Beden \/ Uzunluk: 100 CM Tasar\u0131m D\u00f6nemi: 25-Yaz Kal\u0131p: RAHAT KALIP Pa\u00e7a: [&hellip;]<\/p>\n","protected":false},"featured_media":63118,"comment_status":"open","ping_status":"closed","template":"","meta":[],"product_brand":[],"product_cat":[1882],"product_tag":[7294,7490,7844,7419,6749],"class_list":{"0":"post-63122","1":"product","2":"type-product","3":"status-publish","4":"has-post-thumbnail","6":"product_cat-alt-giyim","7":"product_tag-beyaz","8":"product_tag-bol-paca-2","9":"product_tag-denim","10":"product_tag-gunluk","11":"product_tag-pantolon","12":"pa_brand-allday","13":"pa_color-beyaz","14":"pa_size-4701","15":"pa_size-4706","16":"pa_size-4711","17":"pa_size-4713","18":"pa_size-4751","20":"first","21":"instock","22":"sale","23":"shipping-taxable","24":"purchasable","25":"product-type-variable"},"_links":{"self":[{"href":"https:\/\/mod.wisdar.net\/tr\/wp-json\/wp\/v2\/product\/63122","targetHints":{"allow":["GET"]}}],"collection":[{"href":"https:\/\/mod.wisdar.net\/tr\/wp-json\/wp\/v2\/product"}],"about":[{"href":"https:\/\/mod.wisdar.net\/tr\/wp-json\/wp\/v2\/types\/product"}],"replies":[{"embeddable":true,"href":"https:\/\/mod.wisdar.net\/tr\/wp-json\/wp\/v2\/comments?post=63122"}],"wp:featuredmedia":[{"embeddable":true,"href":"https:\/\/mod.wisdar.net\/tr\/wp-json\/wp\/v2\/media\/63118"}],"wp:attachment":[{"href":"https:\/\/mod.wisdar.net\/tr\/wp-json\/wp\/v2\/media?parent=63122"}],"wp:term":[{"taxonomy":"product_brand","embeddable":true,"href":"https:\/\/mod.wisdar.net\/tr\/wp-json\/wp\/v2\/product_brand?post=63122"},{"taxonomy":"product_cat","embeddable":true,"href":"https:\/\/mod.wisdar.net\/tr\/wp-json\/wp\/v2\/product_cat?post=63122"},{"taxonomy":"product_tag","embeddable":true,"href":"https:\/\/mod.wisdar.net\/tr\/wp-json\/wp\/v2\/product_tag?post=63122"}],"curies":[{"name":"wp","href":"https:\/\/api.w.org\/{rel}","templated":true}]}}