{"id":63176,"date":"2025-11-02T14:30:40","date_gmt":"2025-11-02T14:30:40","guid":{"rendered":"https:\/\/modesthanim.com\/product\/genis-paca-pileli-pantolon-yesil\/"},"modified":"2026-03-06T12:04:22","modified_gmt":"2026-03-06T12:04:22","slug":"genis-paca-pileli-pantolon-yesil","status":"publish","type":"product","link":"https:\/\/mod.wisdar.net\/tr\/urun\/genis-paca-pileli-pantolon-yesil\/","title":{"rendered":"Geni\u015f Pa\u00e7a Pileli Pantolon \u2013 Ye\u015fil"},"content":{"rendered":"<p>Rahat bir kullan\u0131m ve \u015f\u0131k pile detaylar\u0131 sunan bu geni\u015f pa\u00e7a pantolonlar, modern ve \u015f\u0131k bir g\u00f6r\u00fcn\u00fcm sunar. Y\u00fcksek bel tasar\u0131m\u0131 silueti uzat\u0131rken, g\u00fcn boyu konfor sa\u011flar. Hem ofis hem de g\u00fcnl\u00fck stil i\u00e7in vazge\u00e7ilmez bir par\u00e7a.<\/p>\n<p>\u2014 Teknik Detaylar \u2014<br \/>\nDesen: D\u00fcz<br \/>\nBel Tipi: Normal Bel<br \/>\nBacak Tipi: Geni\u015f Pa\u00e7a<br \/>\nCep: Yan Cep<br \/>\nAstar: Astars\u0131z<br \/>\n\u00dcr\u00fcn Uzunlu\u011fu: 95 cm<br \/>\nKal\u0131p: Normal Kal\u0131p<br \/>\nModelin Giydi\u011fi Beden: 38<br \/>\nModel \u00d6l\u00e7\u00fcleri: {&#8216;Boy&#8217;: &#8216;174 cm&#8217;, &#8216;G\u00f6\u011f\u00fcs&#8217;: &#8217;82 cm&#8217;, &#8216;Bel&#8217;: &#8217;63 cm&#8217;, &#8216;Kal\u00e7a&#8217;: &#8217;90 cm&#8217;}<\/p>\n","protected":false},"excerpt":{"rendered":"<p>Rahat bir kullan\u0131m ve \u015f\u0131k pile detaylar\u0131 sunan bu geni\u015f pa\u00e7a pantolonlar, modern ve \u015f\u0131k bir g\u00f6r\u00fcn\u00fcm sunar. Y\u00fcksek bel tasar\u0131m\u0131 silueti uzat\u0131rken, g\u00fcn boyu konfor sa\u011flar. Hem ofis hem de g\u00fcnl\u00fck stil i\u00e7in vazge\u00e7ilmez bir par\u00e7a. \u2014 Teknik Detaylar \u2014 Desen: D\u00fcz Bel Tipi: Normal Bel Bacak Tipi: Geni\u015f Pa\u00e7a Cep: Yan Cep Astar: [&hellip;]<\/p>\n","protected":false},"featured_media":63170,"comment_status":"open","ping_status":"closed","template":"","meta":[],"product_brand":[],"product_cat":[1882],"product_tag":[6761,6754,6749,6747,6751,8107,7825],"class_list":{"0":"post-63176","1":"product","2":"type-product","3":"status-publish","4":"has-post-thumbnail","6":"product_cat-alt-giyim","7":"product_tag-bol-paca","8":"product_tag-ofis-kiyafeti","9":"product_tag-pantolon","10":"product_tag-pile-detayli","11":"product_tag-rahat","12":"product_tag-sik","13":"product_tag-yesil","14":"pa_color-yesil","15":"pa_size-4706","16":"pa_size-4711","17":"pa_size-4713","18":"pa_size-4751","19":"pa_size-4749","20":"pa_size-4747","22":"first","23":"instock","24":"sale","25":"shipping-taxable","26":"purchasable","27":"product-type-variable"},"_links":{"self":[{"href":"https:\/\/mod.wisdar.net\/tr\/wp-json\/wp\/v2\/product\/63176","targetHints":{"allow":["GET"]}}],"collection":[{"href":"https:\/\/mod.wisdar.net\/tr\/wp-json\/wp\/v2\/product"}],"about":[{"href":"https:\/\/mod.wisdar.net\/tr\/wp-json\/wp\/v2\/types\/product"}],"replies":[{"embeddable":true,"href":"https:\/\/mod.wisdar.net\/tr\/wp-json\/wp\/v2\/comments?post=63176"}],"wp:featuredmedia":[{"embeddable":true,"href":"https:\/\/mod.wisdar.net\/tr\/wp-json\/wp\/v2\/media\/63170"}],"wp:attachment":[{"href":"https:\/\/mod.wisdar.net\/tr\/wp-json\/wp\/v2\/media?parent=63176"}],"wp:term":[{"taxonomy":"product_brand","embeddable":true,"href":"https:\/\/mod.wisdar.net\/tr\/wp-json\/wp\/v2\/product_brand?post=63176"},{"taxonomy":"product_cat","embeddable":true,"href":"https:\/\/mod.wisdar.net\/tr\/wp-json\/wp\/v2\/product_cat?post=63176"},{"taxonomy":"product_tag","embeddable":true,"href":"https:\/\/mod.wisdar.net\/tr\/wp-json\/wp\/v2\/product_tag?post=63176"}],"curies":[{"name":"wp","href":"https:\/\/api.w.org\/{rel}","templated":true}]}}