{"id":63185,"date":"2025-11-02T14:28:36","date_gmt":"2025-11-02T14:28:36","guid":{"rendered":"https:\/\/modesthanim.com\/product\/gizli-cepli-pileli-pantolon-haki\/"},"modified":"2026-04-15T20:50:43","modified_gmt":"2026-04-15T20:50:43","slug":"gizli-cepli-pileli-pantolon-haki","status":"publish","type":"product","link":"https:\/\/mod.wisdar.net\/tr\/urun\/gizli-cepli-pileli-pantolon-haki\/","title":{"rendered":"Gizli Cepli Pileli Pantolon \u2013 Haki"},"content":{"rendered":"<p>Bu pantolonlar, pile detaylar\u0131 ile dinamik bir g\u00f6r\u00fcn\u00fcm kazan\u0131r ve gizli cepler ile hem \u015f\u0131kl\u0131\u011f\u0131 hem de i\u015flevselli\u011fi bir arada sunar. Rahat kesimi t\u00fcm g\u00fcn konfor sa\u011flar. Hem g\u00fcnl\u00fck hem de ofis tarzlar\u0131na zarif bir dokunu\u015f katar.<\/p>\n<p>\u2014 Teknik Detaylar \u2014<br \/>\nDesen: D\u00fcz<br \/>\nBel Tipi: Normal Bel<br \/>\nBacak Tipi: Geni\u015f Bacak<br \/>\nCepler: Gizli Cep<br \/>\nAstar: Astars\u0131z<br \/>\n\u00dcr\u00fcn Uzunlu\u011fu: 109 cm<br \/>\nKal\u0131p: Rahat Kal\u0131p<br \/>\nModelin Giydi\u011fi Beden: 38<br \/>\nModel \u00d6l\u00e7\u00fcleri: Boy: 176 cm, G\u00f6\u011f\u00fcs: 86 cm, Bel: 61 cm, Kal\u00e7a: 90 cm<\/p>\n","protected":false},"excerpt":{"rendered":"<p>Bu pantolonlar, pile detaylar\u0131 ile dinamik bir g\u00f6r\u00fcn\u00fcm kazan\u0131r ve gizli cepler ile hem \u015f\u0131kl\u0131\u011f\u0131 hem de i\u015flevselli\u011fi bir arada sunar. Rahat kesimi t\u00fcm g\u00fcn konfor sa\u011flar. Hem g\u00fcnl\u00fck hem de ofis tarzlar\u0131na zarif bir dokunu\u015f katar. \u2014 Teknik Detaylar \u2014 Desen: D\u00fcz Bel Tipi: Normal Bel Bacak Tipi: Geni\u015f Bacak Cepler: Gizli Cep Astar: [&hellip;]<\/p>\n","protected":false},"featured_media":63183,"comment_status":"open","ping_status":"closed","template":"","meta":[],"product_brand":[],"product_cat":[1882],"product_tag":[6755,7419,6754,6749,6747,6751],"class_list":{"0":"post-63185","1":"product","2":"type-product","3":"status-publish","4":"has-post-thumbnail","6":"product_cat-alt-giyim","7":"product_tag-gizli-cepler","8":"product_tag-gunluk","9":"product_tag-ofis-kiyafeti","10":"product_tag-pantolon","11":"product_tag-pile-detayli","12":"product_tag-rahat","13":"pa_brand-tugba","14":"pa_color-khaki","15":"pa_size-4706","16":"pa_size-4711","17":"pa_size-4713","18":"pa_size-4751","19":"pa_size-4749","20":"pa_size-4747","22":"first","23":"instock","24":"sale","25":"shipping-taxable","26":"purchasable","27":"product-type-variable"},"_links":{"self":[{"href":"https:\/\/mod.wisdar.net\/tr\/wp-json\/wp\/v2\/product\/63185","targetHints":{"allow":["GET"]}}],"collection":[{"href":"https:\/\/mod.wisdar.net\/tr\/wp-json\/wp\/v2\/product"}],"about":[{"href":"https:\/\/mod.wisdar.net\/tr\/wp-json\/wp\/v2\/types\/product"}],"replies":[{"embeddable":true,"href":"https:\/\/mod.wisdar.net\/tr\/wp-json\/wp\/v2\/comments?post=63185"}],"wp:featuredmedia":[{"embeddable":true,"href":"https:\/\/mod.wisdar.net\/tr\/wp-json\/wp\/v2\/media\/63183"}],"wp:attachment":[{"href":"https:\/\/mod.wisdar.net\/tr\/wp-json\/wp\/v2\/media?parent=63185"}],"wp:term":[{"taxonomy":"product_brand","embeddable":true,"href":"https:\/\/mod.wisdar.net\/tr\/wp-json\/wp\/v2\/product_brand?post=63185"},{"taxonomy":"product_cat","embeddable":true,"href":"https:\/\/mod.wisdar.net\/tr\/wp-json\/wp\/v2\/product_cat?post=63185"},{"taxonomy":"product_tag","embeddable":true,"href":"https:\/\/mod.wisdar.net\/tr\/wp-json\/wp\/v2\/product_tag?post=63185"}],"curies":[{"name":"wp","href":"https:\/\/api.w.org\/{rel}","templated":true}]}}