{"id":63198,"date":"2025-11-07T20:16:06","date_gmt":"2025-11-02T14:26:34","guid":{"rendered":"https:\/\/modesthanim.com\/product\/bel-lastikli-plikase-detayli-pantolon-haki\/"},"modified":"2026-03-31T04:21:55","modified_gmt":"2026-03-31T04:21:55","slug":"bel-lastikli-plikase-detayli-pantolon-haki","status":"publish","type":"product","link":"https:\/\/mod.wisdar.net\/tr\/urun\/bel-lastikli-plikase-detayli-pantolon-haki\/","title":{"rendered":"Bel Lastikli Plika\u015fe Detayl\u0131 Pantolon \u2013 Haki"},"content":{"rendered":"<p>\u00d6n y\u00fczeydeki plika\u015fe detaylar\u0131yla klasik formuna hareket kazand\u0131ran bu pantolon, bel lasti\u011fiyle g\u00fcn boyu konfor sunar.<\/p>\n<p>\u2014 Technical Details \u2014<br \/>\nDesen: D\u00fcz<br \/>\nBel Tipi: Normal Bel<br \/>\nPa\u00e7a Tipi: Bol Pa\u00e7a<br \/>\nCep: Yan Cep<br \/>\nAstar: Astars\u0131z<br \/>\n\u00dcr\u00fcn Boyu: 100 cm<br \/>\nKal\u0131p Tipi: Normal Kal\u0131p<br \/>\nMankenin Giydi\u011fi Beden: 36<br \/>\nManken \u00d6l\u00e7\u00fcleri: Boy: 177 cm, G\u00f6\u011f\u00fcs: 88 cm, Bel: 58 cm, Basen: 93 cm<\/p>\n","protected":false},"excerpt":{"rendered":"<p>\u00d6n y\u00fczeydeki plika\u015fe detaylar\u0131yla klasik formuna hareket kazand\u0131ran bu pantolon, bel lasti\u011fiyle g\u00fcn boyu konfor sunar. \u2014 Technical Details \u2014 Desen: D\u00fcz Bel Tipi: Normal Bel Pa\u00e7a Tipi: Bol Pa\u00e7a Cep: Yan Cep Astar: Astars\u0131z \u00dcr\u00fcn Boyu: 100 cm Kal\u0131p Tipi: Normal Kal\u0131p Mankenin Giydi\u011fi Beden: 36 Manken \u00d6l\u00e7\u00fcleri: Boy: 177 cm, G\u00f6\u011f\u00fcs: 88 cm, [&hellip;]<\/p>\n","protected":false},"featured_media":63192,"comment_status":"open","ping_status":"closed","template":"","meta":[],"product_brand":[],"product_cat":[1882],"product_tag":[7419,6759],"class_list":{"0":"post-63198","1":"product","2":"type-product","3":"status-publish","4":"has-post-thumbnail","6":"product_cat-alt-giyim","7":"product_tag-gunluk","8":"product_tag-konfor","9":"pa_brand-tugba","10":"pa_color-haki","11":"pa_size-4701","12":"pa_size-4706","13":"pa_size-4711","14":"pa_size-4713","15":"pa_size-4751","17":"first","18":"instock","19":"sale","20":"shipping-taxable","21":"purchasable","22":"product-type-variable"},"_links":{"self":[{"href":"https:\/\/mod.wisdar.net\/tr\/wp-json\/wp\/v2\/product\/63198","targetHints":{"allow":["GET"]}}],"collection":[{"href":"https:\/\/mod.wisdar.net\/tr\/wp-json\/wp\/v2\/product"}],"about":[{"href":"https:\/\/mod.wisdar.net\/tr\/wp-json\/wp\/v2\/types\/product"}],"replies":[{"embeddable":true,"href":"https:\/\/mod.wisdar.net\/tr\/wp-json\/wp\/v2\/comments?post=63198"}],"wp:featuredmedia":[{"embeddable":true,"href":"https:\/\/mod.wisdar.net\/tr\/wp-json\/wp\/v2\/media\/63192"}],"wp:attachment":[{"href":"https:\/\/mod.wisdar.net\/tr\/wp-json\/wp\/v2\/media?parent=63198"}],"wp:term":[{"taxonomy":"product_brand","embeddable":true,"href":"https:\/\/mod.wisdar.net\/tr\/wp-json\/wp\/v2\/product_brand?post=63198"},{"taxonomy":"product_cat","embeddable":true,"href":"https:\/\/mod.wisdar.net\/tr\/wp-json\/wp\/v2\/product_cat?post=63198"},{"taxonomy":"product_tag","embeddable":true,"href":"https:\/\/mod.wisdar.net\/tr\/wp-json\/wp\/v2\/product_tag?post=63198"}],"curies":[{"name":"wp","href":"https:\/\/api.w.org\/{rel}","templated":true}]}}