{"id":63208,"date":"2025-11-02T14:25:35","date_gmt":"2025-11-02T14:25:35","guid":{"rendered":"https:\/\/modesthanim.com\/product\/bol-paca-beli-kemerli-pantolon-gul-kurusu\/"},"modified":"2026-04-15T21:41:23","modified_gmt":"2026-04-15T21:41:23","slug":"bol-paca-beli-kemerli-pantolon-gul-kurusu","status":"publish","type":"product","link":"https:\/\/mod.wisdar.net\/tr\/urun\/bol-paca-beli-kemerli-pantolon-gul-kurusu\/","title":{"rendered":"Bol Pa\u00e7a Beli Kemerli Pantolon \u2013 G\u00fcl Kurusu"},"content":{"rendered":"<p>Y\u00fcksek belli formu ve \u00e7\u0131kar\u0131labilir kemer detay\u0131yla belinizi vurgulayan bu pantolon, bol pa\u00e7a kesimiyle modern ve \u00f6zg\u00fcr bir siluet sunar.<\/p>\n<p>Kuma\u015f \u0130\u00e7eri\u011fi: %58 Lyocell, %42 Viskon<br \/>\nDesen: D\u00fcz<br \/>\nBel Tipi: Normal Bel<br \/>\nPa\u00e7a Tipi: Bol Pa\u00e7a<br \/>\nCep: Yan Cep<br \/>\nAstar: Astars\u0131z<br \/>\n\u00dcr\u00fcn Boyu: 110 cm<br \/>\nKal\u0131p Tipi: Rahat Kal\u0131p<br \/>\nMankenin Giydi\u011fi Beden: 36<br \/>\nManken \u00d6l\u00e7\u00fcleri: Boy: 177 cm, G\u00f6\u011f\u00fcs: 88 cm, Bel: 61 cm, Basen: 93 cm<\/p>\n<p>\u2014 Technical Details \u2014<br \/>\nDesen: D\u00fcz<br \/>\nBel Tipi: Normal Bel<br \/>\nPa\u00e7a Tipi: Bol Pa\u00e7a<br \/>\nCep: Yan Cep<br \/>\nAstar: Astars\u0131z<br \/>\n\u00dcr\u00fcn Boyu: 110 cm<br \/>\nKal\u0131p Tipi: Rahat Kal\u0131p<br \/>\nMankenin Giydi\u011fi Beden: 36<br \/>\nManken \u00d6l\u00e7\u00fcleri: Boy: 177 cm, G\u00f6\u011f\u00fcs: 88 cm, Bel: 61 cm, Basen: 93 cm<\/p>\n","protected":false},"excerpt":{"rendered":"<p>Y\u00fcksek belli formu ve \u00e7\u0131kar\u0131labilir kemer detay\u0131yla belinizi vurgulayan bu pantolon, bol pa\u00e7a kesimiyle modern ve \u00f6zg\u00fcr bir siluet sunar. Kuma\u015f \u0130\u00e7eri\u011fi: %58 Lyocell, %42 Viskon Desen: D\u00fcz Bel Tipi: Normal Bel Pa\u00e7a Tipi: Bol Pa\u00e7a Cep: Yan Cep Astar: Astars\u0131z \u00dcr\u00fcn Boyu: 110 cm Kal\u0131p Tipi: Rahat Kal\u0131p Mankenin Giydi\u011fi Beden: 36 Manken \u00d6l\u00e7\u00fcleri: [&hellip;]<\/p>\n","protected":false},"featured_media":63204,"comment_status":"open","ping_status":"closed","template":"","meta":[],"product_brand":[],"product_cat":[1882],"product_tag":[7490,7668,6749],"class_list":{"0":"post-63208","1":"product","2":"type-product","3":"status-publish","4":"has-post-thumbnail","6":"product_cat-alt-giyim","7":"product_tag-bol-paca-2","8":"product_tag-kemerli","9":"product_tag-pantolon","10":"pa_brand-tugba","11":"pa_color-gul-kurusu","12":"pa_size-4701","13":"pa_size-4706","14":"pa_size-4711","15":"pa_size-4713","16":"pa_size-4751","18":"first","19":"instock","20":"sale","21":"shipping-taxable","22":"purchasable","23":"product-type-variable"},"_links":{"self":[{"href":"https:\/\/mod.wisdar.net\/tr\/wp-json\/wp\/v2\/product\/63208","targetHints":{"allow":["GET"]}}],"collection":[{"href":"https:\/\/mod.wisdar.net\/tr\/wp-json\/wp\/v2\/product"}],"about":[{"href":"https:\/\/mod.wisdar.net\/tr\/wp-json\/wp\/v2\/types\/product"}],"replies":[{"embeddable":true,"href":"https:\/\/mod.wisdar.net\/tr\/wp-json\/wp\/v2\/comments?post=63208"}],"wp:featuredmedia":[{"embeddable":true,"href":"https:\/\/mod.wisdar.net\/tr\/wp-json\/wp\/v2\/media\/63204"}],"wp:attachment":[{"href":"https:\/\/mod.wisdar.net\/tr\/wp-json\/wp\/v2\/media?parent=63208"}],"wp:term":[{"taxonomy":"product_brand","embeddable":true,"href":"https:\/\/mod.wisdar.net\/tr\/wp-json\/wp\/v2\/product_brand?post=63208"},{"taxonomy":"product_cat","embeddable":true,"href":"https:\/\/mod.wisdar.net\/tr\/wp-json\/wp\/v2\/product_cat?post=63208"},{"taxonomy":"product_tag","embeddable":true,"href":"https:\/\/mod.wisdar.net\/tr\/wp-json\/wp\/v2\/product_tag?post=63208"}],"curies":[{"name":"wp","href":"https:\/\/api.w.org\/{rel}","templated":true}]}}