{"id":63228,"date":"2025-11-07T20:16:06","date_gmt":"2025-11-01T21:08:58","guid":{"rendered":"https:\/\/modesthanim.com\/product\/cift-pilili-pantolon-aci-kahve\/"},"modified":"2026-04-10T16:12:20","modified_gmt":"2026-04-10T16:12:20","slug":"cift-pilili-pantolon-aci-kahve","status":"publish","type":"product","link":"https:\/\/mod.wisdar.net\/tr\/urun\/cift-pilili-pantolon-aci-kahve\/","title":{"rendered":"\u00c7ift Pilili Pantolon Ac\u0131 Kahve"},"content":{"rendered":"<p>ince polyvisvone dokuma kuma\u015ftan, \u00f6n\u00fc d\u00fc\u011fmeli, fermuar kapamal\u0131, pile detayl\u0131, yanlar\u0131 cepli, straight kesim pantolon.<\/p>\n<p>36 Beden Uzunluk: 110 cm, Bel: 36 cm, Basen: 57 cm.<br \/>\n38 Beden Uzunluk: 110 cm, Bel: 38 cm, Basen: 59 cm.<br \/>\n40 Beden Uzunluk: 111 cm, Bel: 40 cm, Basen: 61 cm.<br \/>\n42 Beden Uzunluk: 111 cm, Bel: 42 cm, Basen: 65 cm.<\/p>\n","protected":false},"excerpt":{"rendered":"<p>ince polyvisvone dokuma kuma\u015ftan, \u00f6n\u00fc d\u00fc\u011fmeli, fermuar kapamal\u0131, pile detayl\u0131, yanlar\u0131 cepli, straight kesim pantolon. 36 Beden Uzunluk: 110 cm, Bel: 36 cm, Basen: 57 cm. 38 Beden Uzunluk: 110 cm, Bel: 38 cm, Basen: 59 cm. 40 Beden Uzunluk: 111 cm, Bel: 40 cm, Basen: 61 cm. 42 Beden Uzunluk: 111 cm, Bel: 42 [&hellip;]<\/p>\n","protected":false},"featured_media":63224,"comment_status":"open","ping_status":"closed","template":"","meta":[],"product_brand":[],"product_cat":[1882],"product_tag":[6749,6747],"class_list":{"0":"post-63228","1":"product","2":"type-product","3":"status-publish","4":"has-post-thumbnail","6":"product_cat-alt-giyim","7":"product_tag-pantolon","8":"product_tag-pile-detayli","9":"pa_brand-fahhar","10":"pa_color-aci-kahve-1","11":"pa_size-4701","12":"pa_size-4706","13":"pa_size-4711","14":"pa_size-4713","16":"first","17":"instock","18":"sale","19":"shipping-taxable","20":"purchasable","21":"product-type-variable"},"_links":{"self":[{"href":"https:\/\/mod.wisdar.net\/tr\/wp-json\/wp\/v2\/product\/63228","targetHints":{"allow":["GET"]}}],"collection":[{"href":"https:\/\/mod.wisdar.net\/tr\/wp-json\/wp\/v2\/product"}],"about":[{"href":"https:\/\/mod.wisdar.net\/tr\/wp-json\/wp\/v2\/types\/product"}],"replies":[{"embeddable":true,"href":"https:\/\/mod.wisdar.net\/tr\/wp-json\/wp\/v2\/comments?post=63228"}],"wp:featuredmedia":[{"embeddable":true,"href":"https:\/\/mod.wisdar.net\/tr\/wp-json\/wp\/v2\/media\/63224"}],"wp:attachment":[{"href":"https:\/\/mod.wisdar.net\/tr\/wp-json\/wp\/v2\/media?parent=63228"}],"wp:term":[{"taxonomy":"product_brand","embeddable":true,"href":"https:\/\/mod.wisdar.net\/tr\/wp-json\/wp\/v2\/product_brand?post=63228"},{"taxonomy":"product_cat","embeddable":true,"href":"https:\/\/mod.wisdar.net\/tr\/wp-json\/wp\/v2\/product_cat?post=63228"},{"taxonomy":"product_tag","embeddable":true,"href":"https:\/\/mod.wisdar.net\/tr\/wp-json\/wp\/v2\/product_tag?post=63228"}],"curies":[{"name":"wp","href":"https:\/\/api.w.org\/{rel}","templated":true}]}}