{"id":63250,"date":"2025-11-07T20:16:06","date_gmt":"2025-11-01T21:03:07","guid":{"rendered":"https:\/\/modesthanim.com\/product\/bej-renkte-pintuck-dikisli-oturan-suet-pantolon\/"},"modified":"2026-02-19T20:46:56","modified_gmt":"2026-02-19T20:46:56","slug":"bej-renkte-pintuck-dikisli-oturan-suet-pantolon","status":"publish","type":"product","link":"https:\/\/mod.wisdar.net\/tr\/urun\/bej-renkte-pintuck-dikisli-oturan-suet-pantolon\/","title":{"rendered":"Bej Renkte Pintuck Diki\u015fli Oturan S\u00fcet Pantolon"},"content":{"rendered":"<p>Bej renkteki bu s\u00fcet pantolonlar, s\u00fcet benzeri kuma\u015f\u0131 ile yumu\u015fak ve modern bir dokunu\u015f sunar. Arka bel k\u0131sm\u0131ndaki elastik detay g\u00fcn boyu rahatl\u0131k sa\u011flar, oturan kesimi v\u00fccudu sararak \u015f\u0131k bir siluet olu\u015fturur. \u00d6n taraftaki pintuck diki\u015fler hareket katarken, yan cepler kullan\u0131m kolayl\u0131\u011f\u0131 sa\u011flar. Gizli fermuar kapamas\u0131 temiz ve sade bir g\u00f6r\u00fcn\u00fcm\u00fc tamamlar. Gard\u0131robunuz i\u00e7in \u015f\u0131k ve rahat bir ekleme.<\/p>\n","protected":false},"excerpt":{"rendered":"<p>Bej renkteki bu s\u00fcet pantolonlar, s\u00fcet benzeri kuma\u015f\u0131 ile yumu\u015fak ve modern bir dokunu\u015f sunar. Arka bel k\u0131sm\u0131ndaki elastik detay g\u00fcn boyu rahatl\u0131k sa\u011flar, oturan kesimi v\u00fccudu sararak \u015f\u0131k bir siluet olu\u015fturur. \u00d6n taraftaki pintuck diki\u015fler hareket katarken, yan cepler kullan\u0131m kolayl\u0131\u011f\u0131 sa\u011flar. Gizli fermuar kapamas\u0131 temiz ve sade bir g\u00f6r\u00fcn\u00fcm\u00fc tamamlar. Gard\u0131robunuz i\u00e7in \u015f\u0131k [&hellip;]<\/p>\n","protected":false},"featured_media":63242,"comment_status":"open","ping_status":"closed","template":"","meta":[],"product_brand":[],"product_cat":[1882],"product_tag":[6753,8404,6749,6751,8107,7052],"class_list":{"0":"post-63250","1":"product","2":"type-product","3":"status-publish","4":"has-post-thumbnail","6":"product_cat-alt-giyim","7":"product_tag-bej","8":"product_tag-dar-kesim-2","9":"product_tag-pantolon","10":"product_tag-rahat","11":"product_tag-sik","12":"product_tag-suet","13":"pa_brand-kadriye-basturk","14":"pa_color-bej","15":"pa_size-4701","16":"pa_size-4706","17":"pa_size-4711","18":"pa_size-4713","20":"first","21":"outofstock","22":"shipping-taxable","23":"product-type-variable"},"_links":{"self":[{"href":"https:\/\/mod.wisdar.net\/tr\/wp-json\/wp\/v2\/product\/63250","targetHints":{"allow":["GET"]}}],"collection":[{"href":"https:\/\/mod.wisdar.net\/tr\/wp-json\/wp\/v2\/product"}],"about":[{"href":"https:\/\/mod.wisdar.net\/tr\/wp-json\/wp\/v2\/types\/product"}],"replies":[{"embeddable":true,"href":"https:\/\/mod.wisdar.net\/tr\/wp-json\/wp\/v2\/comments?post=63250"}],"wp:featuredmedia":[{"embeddable":true,"href":"https:\/\/mod.wisdar.net\/tr\/wp-json\/wp\/v2\/media\/63242"}],"wp:attachment":[{"href":"https:\/\/mod.wisdar.net\/tr\/wp-json\/wp\/v2\/media?parent=63250"}],"wp:term":[{"taxonomy":"product_brand","embeddable":true,"href":"https:\/\/mod.wisdar.net\/tr\/wp-json\/wp\/v2\/product_brand?post=63250"},{"taxonomy":"product_cat","embeddable":true,"href":"https:\/\/mod.wisdar.net\/tr\/wp-json\/wp\/v2\/product_cat?post=63250"},{"taxonomy":"product_tag","embeddable":true,"href":"https:\/\/mod.wisdar.net\/tr\/wp-json\/wp\/v2\/product_tag?post=63250"}],"curies":[{"name":"wp","href":"https:\/\/api.w.org\/{rel}","templated":true}]}}