{"id":63283,"date":"2025-11-07T20:16:06","date_gmt":"2025-11-01T20:44:32","guid":{"rendered":"https:\/\/modesthanim.com\/product\/cok-parcali-etek-siyah\/"},"modified":"2026-03-17T22:11:48","modified_gmt":"2026-03-17T22:11:48","slug":"cok-parcali-etek-siyah","status":"publish","type":"product","link":"https:\/\/mod.wisdar.net\/tr\/urun\/cok-parcali-etek-siyah\/","title":{"rendered":"\u00c7ok Par\u00e7al\u0131 Etek Siyah"},"content":{"rendered":"<p>36 BEDEN  Bel: 36  Basen: 57 cm, Uzunluk 92cm<\/p>\n<p>38 BEDEN  Bel:38 cm, Basen:60 cm, Uzunluk:94 cm.<\/p>\n<p>40 BEDEN  Bel 40 :cm,Basen: 67 cm,Uzunluk:95 cm.<\/p>\n<p>42BEDEN Bel:42 cm , Basen: 70 cm, Uzunluk:97 cm.<\/p>\n","protected":false},"excerpt":{"rendered":"<p>36 BEDEN Bel: 36 Basen: 57 cm, Uzunluk 92cm 38 BEDEN Bel:38 cm, Basen:60 cm, Uzunluk:94 cm. 40 BEDEN Bel 40 :cm,Basen: 67 cm,Uzunluk:95 cm. 42BEDEN Bel:42 cm , Basen: 70 cm, Uzunluk:97 cm.<\/p>\n","protected":false},"featured_media":63276,"comment_status":"open","ping_status":"closed","template":"","meta":[],"product_brand":[],"product_cat":[1969],"product_tag":[7074],"class_list":{"0":"post-63283","1":"product","2":"type-product","3":"status-publish","4":"has-post-thumbnail","6":"product_cat-etekler","7":"product_tag-siyah","8":"pa_brand-fahhar","9":"pa_color-siyah","10":"pa_size-4701","11":"pa_size-4706","12":"pa_size-4711","13":"pa_size-4713","15":"first","16":"outofstock","17":"shipping-taxable","18":"product-type-variable"},"_links":{"self":[{"href":"https:\/\/mod.wisdar.net\/tr\/wp-json\/wp\/v2\/product\/63283","targetHints":{"allow":["GET"]}}],"collection":[{"href":"https:\/\/mod.wisdar.net\/tr\/wp-json\/wp\/v2\/product"}],"about":[{"href":"https:\/\/mod.wisdar.net\/tr\/wp-json\/wp\/v2\/types\/product"}],"replies":[{"embeddable":true,"href":"https:\/\/mod.wisdar.net\/tr\/wp-json\/wp\/v2\/comments?post=63283"}],"wp:featuredmedia":[{"embeddable":true,"href":"https:\/\/mod.wisdar.net\/tr\/wp-json\/wp\/v2\/media\/63276"}],"wp:attachment":[{"href":"https:\/\/mod.wisdar.net\/tr\/wp-json\/wp\/v2\/media?parent=63283"}],"wp:term":[{"taxonomy":"product_brand","embeddable":true,"href":"https:\/\/mod.wisdar.net\/tr\/wp-json\/wp\/v2\/product_brand?post=63283"},{"taxonomy":"product_cat","embeddable":true,"href":"https:\/\/mod.wisdar.net\/tr\/wp-json\/wp\/v2\/product_cat?post=63283"},{"taxonomy":"product_tag","embeddable":true,"href":"https:\/\/mod.wisdar.net\/tr\/wp-json\/wp\/v2\/product_tag?post=63283"}],"curies":[{"name":"wp","href":"https:\/\/api.w.org\/{rel}","templated":true}]}}