{"id":63305,"date":"2025-11-07T20:16:06","date_gmt":"2025-11-01T20:43:50","guid":{"rendered":"https:\/\/modesthanim.com\/product\/cok-katmanli-haki-etek\/"},"modified":"2026-02-19T20:47:18","modified_gmt":"2026-02-19T20:47:18","slug":"cok-katmanli-haki-etek","status":"publish","type":"product","link":"https:\/\/mod.wisdar.net\/tr\/urun\/cok-katmanli-haki-etek\/","title":{"rendered":"\u00c7ok Katmanl\u0131 Haki Etek"},"content":{"rendered":"<p>Elastik bel band\u0131, \u00e7ift katmanl\u0131, %100 pamuklu voile kuma\u015f ve maxi boy. Beden 1 (36-38): Uzunluk: 89 cm, Normal Bel: 34 cm, Esnek Bel: 39 cm, Kal\u00e7a: 63 cm. Beden 2 (40-42): Uzunluk: 91 cm, Normal Bel: 36 cm, Esnek Bel: 41 cm, Kal\u00e7a: 65 cm.<\/p>\n","protected":false},"excerpt":{"rendered":"<p>Elastik bel band\u0131, \u00e7ift katmanl\u0131, %100 pamuklu voile kuma\u015f ve maxi boy. Beden 1 (36-38): Uzunluk: 89 cm, Normal Bel: 34 cm, Esnek Bel: 39 cm, Kal\u00e7a: 63 cm. Beden 2 (40-42): Uzunluk: 91 cm, Normal Bel: 36 cm, Esnek Bel: 41 cm, Kal\u00e7a: 65 cm.<\/p>\n","protected":false},"featured_media":63300,"comment_status":"open","ping_status":"closed","template":"","meta":[],"product_brand":[],"product_cat":[1969],"product_tag":[8088,7488],"class_list":{"0":"post-63305","1":"product","2":"type-product","3":"status-publish","4":"has-post-thumbnail","6":"product_cat-etekler","7":"product_tag-lastikli-bel-2","8":"product_tag-pamuk","9":"pa_brand-fahhar","10":"pa_color-haki","11":"pa_size-1-36-38","12":"pa_size-2-40-42","14":"first","15":"outofstock","16":"shipping-taxable","17":"product-type-variable"},"_links":{"self":[{"href":"https:\/\/mod.wisdar.net\/tr\/wp-json\/wp\/v2\/product\/63305","targetHints":{"allow":["GET"]}}],"collection":[{"href":"https:\/\/mod.wisdar.net\/tr\/wp-json\/wp\/v2\/product"}],"about":[{"href":"https:\/\/mod.wisdar.net\/tr\/wp-json\/wp\/v2\/types\/product"}],"replies":[{"embeddable":true,"href":"https:\/\/mod.wisdar.net\/tr\/wp-json\/wp\/v2\/comments?post=63305"}],"wp:featuredmedia":[{"embeddable":true,"href":"https:\/\/mod.wisdar.net\/tr\/wp-json\/wp\/v2\/media\/63300"}],"wp:attachment":[{"href":"https:\/\/mod.wisdar.net\/tr\/wp-json\/wp\/v2\/media?parent=63305"}],"wp:term":[{"taxonomy":"product_brand","embeddable":true,"href":"https:\/\/mod.wisdar.net\/tr\/wp-json\/wp\/v2\/product_brand?post=63305"},{"taxonomy":"product_cat","embeddable":true,"href":"https:\/\/mod.wisdar.net\/tr\/wp-json\/wp\/v2\/product_cat?post=63305"},{"taxonomy":"product_tag","embeddable":true,"href":"https:\/\/mod.wisdar.net\/tr\/wp-json\/wp\/v2\/product_tag?post=63305"}],"curies":[{"name":"wp","href":"https:\/\/api.w.org\/{rel}","templated":true}]}}