{"id":63338,"date":"2025-11-01T20:36:00","date_gmt":"2025-11-01T20:36:00","guid":{"rendered":"https:\/\/modesthanim.com\/product\/ekru-renkli-baskili-kalin-katlanmis-kenarli-sweatshirt\/"},"modified":"2026-04-10T15:43:54","modified_gmt":"2026-04-10T15:43:54","slug":"ekru-renkli-baskili-kalin-katlanmis-kenarli-sweatshirt","status":"publish","type":"product","link":"https:\/\/mod.wisdar.net\/tr\/urun\/ekru-renkli-baskili-kalin-katlanmis-kenarli-sweatshirt\/","title":{"rendered":"Ekru Renkli Bask\u0131l\u0131 Kal\u0131n Katlanm\u0131\u015f Kenarl\u0131 Sweatshirt"},"content":{"rendered":"<p>100% pamuk \u00f6rg\u00fc kuma\u015ftan \u00fcretilmi\u015f bu sweatshirt, bisiklet yaka, altta kal\u0131n katlanm\u0131\u015f kenar detay\u0131, bask\u0131l\u0131 \u00f6n y\u00fcz, y\u0131rtma\u00e7 detayl\u0131 uzun kollar\u0131 ile konfor sunar.<\/p>\n<p>Beden 1 (36-38): Uzunluk: 72 cm, Arka Uzunluk: 76 cm, Kol Uzunlu\u011fu: 50 cm, Omuz Geni\u015fli\u011fi: 64 cm, G\u00f6\u011f\u00fcs: 60 cm, Bel: 58 cm.<\/p>\n<p>Beden 2 (40-42): Uzunluk: 74 cm, Arka Uzunluk: 78 cm, Kol Uzunlu\u011fu: 52 cm, Omuz Geni\u015fli\u011fi: 66 cm, G\u00f6\u011f\u00fcs: 62 cm, Bel: 60 cm.<\/p>\n<p>\u2014 Teknik Detaylar \u2014<br \/>\nBeden 1 (36-38): {&#8216;Uzunluk&#8217;: &#8217;72 cm&#8217;, &#8216;Arka Uzunluk&#8217;: &#8217;76 cm&#8217;, &#8216;Kol Uzunlu\u011fu&#8217;: &#8217;50 cm&#8217;, &#8216;Omuz Geni\u015fli\u011fi&#8217;: &#8217;64 cm&#8217;, &#8216;G\u00f6\u011f\u00fcs&#8217;: &#8217;60 cm&#8217;, &#8216;Bel&#8217;: &#8217;58 cm&#8217;}<br \/>\nBeden 2 (40-42): {&#8216;Uzunluk&#8217;: &#8217;74 cm&#8217;, &#8216;Arka Uzunluk&#8217;: &#8217;78 cm&#8217;, &#8216;Kol Uzunlu\u011fu&#8217;: &#8217;52 cm&#8217;, &#8216;Omuz Geni\u015fli\u011fi&#8217;: &#8217;66 cm&#8217;, &#8216;G\u00f6\u011f\u00fcs&#8217;: &#8217;62 cm&#8217;, &#8216;Bel&#8217;: &#8217;60 cm&#8217;}<\/p>\n","protected":false},"excerpt":{"rendered":"<p>100% pamuk \u00f6rg\u00fc kuma\u015ftan \u00fcretilmi\u015f bu sweatshirt, bisiklet yaka, altta kal\u0131n katlanm\u0131\u015f kenar detay\u0131, bask\u0131l\u0131 \u00f6n y\u00fcz, y\u0131rtma\u00e7 detayl\u0131 uzun kollar\u0131 ile konfor sunar. Beden 1 (36-38): Uzunluk: 72 cm, Arka Uzunluk: 76 cm, Kol Uzunlu\u011fu: 50 cm, Omuz Geni\u015fli\u011fi: 64 cm, G\u00f6\u011f\u00fcs: 60 cm, Bel: 58 cm. Beden 2 (40-42): Uzunluk: 74 cm, Arka [&hellip;]<\/p>\n","protected":false},"featured_media":63325,"comment_status":"open","ping_status":"closed","template":"","meta":[],"product_brand":[],"product_cat":[1909,1927],"product_tag":[8022,6757,7488,6751,7422],"class_list":{"0":"post-63338","1":"product","2":"type-product","3":"status-publish","4":"has-post-thumbnail","6":"product_cat-bluzlar-ve-gomlekler","7":"product_cat-hoodies-sweatshirtler","8":"product_tag-baskili-2","9":"product_tag-ekru","10":"product_tag-pamuk","11":"product_tag-rahat","12":"product_tag-sweatshirt","13":"pa_brand-fahhar","14":"pa_color-ekru","15":"pa_size-1-36-38","16":"pa_size-2-40-42","18":"first","19":"instock","20":"sale","21":"shipping-taxable","22":"purchasable","23":"product-type-variable"},"_links":{"self":[{"href":"https:\/\/mod.wisdar.net\/tr\/wp-json\/wp\/v2\/product\/63338","targetHints":{"allow":["GET"]}}],"collection":[{"href":"https:\/\/mod.wisdar.net\/tr\/wp-json\/wp\/v2\/product"}],"about":[{"href":"https:\/\/mod.wisdar.net\/tr\/wp-json\/wp\/v2\/types\/product"}],"replies":[{"embeddable":true,"href":"https:\/\/mod.wisdar.net\/tr\/wp-json\/wp\/v2\/comments?post=63338"}],"wp:featuredmedia":[{"embeddable":true,"href":"https:\/\/mod.wisdar.net\/tr\/wp-json\/wp\/v2\/media\/63325"}],"wp:attachment":[{"href":"https:\/\/mod.wisdar.net\/tr\/wp-json\/wp\/v2\/media?parent=63338"}],"wp:term":[{"taxonomy":"product_brand","embeddable":true,"href":"https:\/\/mod.wisdar.net\/tr\/wp-json\/wp\/v2\/product_brand?post=63338"},{"taxonomy":"product_cat","embeddable":true,"href":"https:\/\/mod.wisdar.net\/tr\/wp-json\/wp\/v2\/product_cat?post=63338"},{"taxonomy":"product_tag","embeddable":true,"href":"https:\/\/mod.wisdar.net\/tr\/wp-json\/wp\/v2\/product_tag?post=63338"}],"curies":[{"name":"wp","href":"https:\/\/api.w.org\/{rel}","templated":true}]}}