{"id":63355,"date":"2025-11-07T20:16:06","date_gmt":"2025-11-01T20:32:10","guid":{"rendered":"https:\/\/modesthanim.com\/product\/fermuarli-ve-kanguru-cebi-bulunan-ekru-kapusonlu-hirka\/"},"modified":"2026-02-19T06:08:38","modified_gmt":"2026-02-19T06:08:38","slug":"fermuarli-ve-kanguru-cebi-bulunan-ekru-kapusonlu-hirka","status":"publish","type":"product","link":"https:\/\/mod.wisdar.net\/tr\/urun\/fermuarli-ve-kanguru-cebi-bulunan-ekru-kapusonlu-hirka\/","title":{"rendered":"Fermuarl\u0131 ve Kanguru Cebi Bulunan Ekru Kap\u00fc\u015fonlu H\u0131rka"},"content":{"rendered":"<p>Bu Ekru Kap\u00fc\u015fonlu H\u0131rka, yumu\u015fak \u00e7ift y\u00fcz interlok kuma\u015ftan \u00fcretilmi\u015ftir. Pratik kullan\u0131m i\u00e7in bir kap\u00fc\u015fon ve fermuar kapatma \u00f6zelli\u011fi ta\u015f\u0131r, kanguru cepler ise konforu art\u0131r\u0131r. Kollar ve etek b\u00f6lgesindeki pens detaylar\u0131 formu \u015fekillendirir ve hareket \u00f6zg\u00fcrl\u00fc\u011f\u00fc sa\u011flayan rahat bir oturu\u015f sunar. G\u00fcnl\u00fck stilinize i\u015flevsel ve rahat bir katk\u0131.<\/p>\n<p>\u2014 Teknik Detaylar \u2014<br \/>\n\u00dcr\u00fcn Tipi: Rahat kesim kap\u00fc\u015fonlu h\u0131rka<br \/>\nKuma\u015f: \u00c7ift y\u00fcz interlok kuma\u015f<br \/>\nYaka: Kap\u00fc\u015fonlu<br \/>\nKapatma: Fermuarl\u0131 kapatma<br \/>\nCepler: Kanguru cepleri<br \/>\nKol ve Etek: Pens detayl\u0131<br \/>\nKal\u0131p: Rahat kesim<\/p>\n","protected":false},"excerpt":{"rendered":"<p>Bu Ekru Kap\u00fc\u015fonlu H\u0131rka, yumu\u015fak \u00e7ift y\u00fcz interlok kuma\u015ftan \u00fcretilmi\u015ftir. Pratik kullan\u0131m i\u00e7in bir kap\u00fc\u015fon ve fermuar kapatma \u00f6zelli\u011fi ta\u015f\u0131r, kanguru cepler ise konforu art\u0131r\u0131r. Kollar ve etek b\u00f6lgesindeki pens detaylar\u0131 formu \u015fekillendirir ve hareket \u00f6zg\u00fcrl\u00fc\u011f\u00fc sa\u011flayan rahat bir oturu\u015f sunar. G\u00fcnl\u00fck stilinize i\u015flevsel ve rahat bir katk\u0131. \u2014 Teknik Detaylar \u2014 \u00dcr\u00fcn Tipi: Rahat [&hellip;]<\/p>\n","protected":false},"featured_media":63349,"comment_status":"open","ping_status":"closed","template":"","meta":[],"product_brand":[],"product_cat":[1909,1927],"product_tag":[6757,7418,7419,6751],"class_list":{"0":"post-63355","1":"product","2":"type-product","3":"status-publish","4":"has-post-thumbnail","6":"product_cat-bluzlar-ve-gomlekler","7":"product_cat-hoodies-sweatshirtler","8":"product_tag-ekru","9":"product_tag-fermuar","10":"product_tag-gunluk","11":"product_tag-rahat","12":"pa_brand-kadriye-basturk","13":"pa_color-ekru","14":"pa_size-4446","15":"pa_size-4463","17":"first","18":"outofstock","19":"shipping-taxable","20":"product-type-variable"},"_links":{"self":[{"href":"https:\/\/mod.wisdar.net\/tr\/wp-json\/wp\/v2\/product\/63355","targetHints":{"allow":["GET"]}}],"collection":[{"href":"https:\/\/mod.wisdar.net\/tr\/wp-json\/wp\/v2\/product"}],"about":[{"href":"https:\/\/mod.wisdar.net\/tr\/wp-json\/wp\/v2\/types\/product"}],"replies":[{"embeddable":true,"href":"https:\/\/mod.wisdar.net\/tr\/wp-json\/wp\/v2\/comments?post=63355"}],"wp:featuredmedia":[{"embeddable":true,"href":"https:\/\/mod.wisdar.net\/tr\/wp-json\/wp\/v2\/media\/63349"}],"wp:attachment":[{"href":"https:\/\/mod.wisdar.net\/tr\/wp-json\/wp\/v2\/media?parent=63355"}],"wp:term":[{"taxonomy":"product_brand","embeddable":true,"href":"https:\/\/mod.wisdar.net\/tr\/wp-json\/wp\/v2\/product_brand?post=63355"},{"taxonomy":"product_cat","embeddable":true,"href":"https:\/\/mod.wisdar.net\/tr\/wp-json\/wp\/v2\/product_cat?post=63355"},{"taxonomy":"product_tag","embeddable":true,"href":"https:\/\/mod.wisdar.net\/tr\/wp-json\/wp\/v2\/product_tag?post=63355"}],"curies":[{"name":"wp","href":"https:\/\/api.w.org\/{rel}","templated":true}]}}