{"id":63404,"date":"2025-11-07T20:16:06","date_gmt":"2025-11-01T19:56:32","guid":{"rendered":"https:\/\/modesthanim.com\/product\/deve-tuyu-renkli-ekose-astarli-kusakli-uzun-trenckot\/"},"modified":"2026-04-15T21:42:27","modified_gmt":"2026-04-15T21:42:27","slug":"deve-tuyu-renkli-ekose-astarli-kusakli-uzun-trenckot","status":"publish","type":"product","link":"https:\/\/mod.wisdar.net\/tr\/urun\/deve-tuyu-renkli-ekose-astarli-kusakli-uzun-trenckot\/","title":{"rendered":"Deve T\u00fcy\u00fc Renkli, Ekose Astarl\u0131 Ku\u015fakl\u0131 Uzun Tren\u00e7kot"},"content":{"rendered":"<p>Pamuk kar\u0131\u015f\u0131ml\u0131 gabardin kuma\u015ftan \u00fcretilmi\u015f bu deve t\u00fcy\u00fc renkli uzun tren\u00e7kot, hem estetik bir g\u00f6r\u00fcn\u00fcm hem de konfor sunar. Geni\u015f yakas\u0131 ve uyumlu desenli astar\u0131 \u015f\u0131k bir g\u00f6r\u00fcn\u00fcm sa\u011flarken, arka etek k\u0131sm\u0131ndaki y\u0131rtma\u00e7 hareket \u00f6zg\u00fcrl\u00fc\u011f\u00fc sa\u011flar. Katlanabilir kol u\u00e7lar\u0131 pratik bir kullan\u0131m sunar. D\u00fc\u011fme kapatma ve ayarlanabilir ku\u015fak ile belinizi istedi\u011finiz gibi \u015fekillendirebilirsiniz. Geni\u015f ve rahat kesimi g\u00fcnl\u00fck k\u0131yafetlere kolayca uyum sa\u011flar.<\/p>\n<p>\u2014 Teknik Detaylar \u2014<br \/>\n\u00dcr\u00fcn Tipi: Tren\u00e7kot<br \/>\nKuma\u015f: Pamuk kar\u0131\u015f\u0131ml\u0131 gabardin kuma\u015f<br \/>\nYaka: Geni\u015f yaka<br \/>\nAstar: Uyumlu desenli astar<br \/>\nArka Detay: Arka etek k\u0131sm\u0131nda y\u0131rtma\u00e7<br \/>\nKol Detay\u0131: Katlanabilir kol u\u00e7lar\u0131<br \/>\nKapatma: D\u00fc\u011fme kapatma<br \/>\nDi\u011fer: Ayarlanabilir ku\u015fak<br \/>\nKesim: Uzun rahat kesim<\/p>\n","protected":false},"excerpt":{"rendered":"<p>Pamuk kar\u0131\u015f\u0131ml\u0131 gabardin kuma\u015ftan \u00fcretilmi\u015f bu deve t\u00fcy\u00fc renkli uzun tren\u00e7kot, hem estetik bir g\u00f6r\u00fcn\u00fcm hem de konfor sunar. Geni\u015f yakas\u0131 ve uyumlu desenli astar\u0131 \u015f\u0131k bir g\u00f6r\u00fcn\u00fcm sa\u011flarken, arka etek k\u0131sm\u0131ndaki y\u0131rtma\u00e7 hareket \u00f6zg\u00fcrl\u00fc\u011f\u00fc sa\u011flar. Katlanabilir kol u\u00e7lar\u0131 pratik bir kullan\u0131m sunar. D\u00fc\u011fme kapatma ve ayarlanabilir ku\u015fak ile belinizi istedi\u011finiz gibi \u015fekillendirebilirsiniz. Geni\u015f ve [&hellip;]<\/p>\n","protected":false},"featured_media":63392,"comment_status":"open","ping_status":"closed","template":"","meta":[],"product_brand":[],"product_cat":[2047],"product_tag":[7668,7327,6776],"class_list":{"0":"post-63404","1":"product","2":"type-product","3":"status-publish","4":"has-post-thumbnail","6":"product_cat-paltolar","7":"product_tag-kemerli","8":"product_tag-oversize","9":"product_tag-trenckot","10":"pa_brand-kadriye-basturk","11":"pa_color-camel","12":"pa_size-4446","13":"pa_size-4463","15":"first","16":"outofstock","17":"shipping-taxable","18":"product-type-variable"},"_links":{"self":[{"href":"https:\/\/mod.wisdar.net\/tr\/wp-json\/wp\/v2\/product\/63404","targetHints":{"allow":["GET"]}}],"collection":[{"href":"https:\/\/mod.wisdar.net\/tr\/wp-json\/wp\/v2\/product"}],"about":[{"href":"https:\/\/mod.wisdar.net\/tr\/wp-json\/wp\/v2\/types\/product"}],"replies":[{"embeddable":true,"href":"https:\/\/mod.wisdar.net\/tr\/wp-json\/wp\/v2\/comments?post=63404"}],"wp:featuredmedia":[{"embeddable":true,"href":"https:\/\/mod.wisdar.net\/tr\/wp-json\/wp\/v2\/media\/63392"}],"wp:attachment":[{"href":"https:\/\/mod.wisdar.net\/tr\/wp-json\/wp\/v2\/media?parent=63404"}],"wp:term":[{"taxonomy":"product_brand","embeddable":true,"href":"https:\/\/mod.wisdar.net\/tr\/wp-json\/wp\/v2\/product_brand?post=63404"},{"taxonomy":"product_cat","embeddable":true,"href":"https:\/\/mod.wisdar.net\/tr\/wp-json\/wp\/v2\/product_cat?post=63404"},{"taxonomy":"product_tag","embeddable":true,"href":"https:\/\/mod.wisdar.net\/tr\/wp-json\/wp\/v2\/product_tag?post=63404"}],"curies":[{"name":"wp","href":"https:\/\/api.w.org\/{rel}","templated":true}]}}