{"id":63412,"date":"2025-11-01T19:52:34","date_gmt":"2025-11-01T19:52:34","guid":{"rendered":"https:\/\/modesthanim.com\/product\/kemerli-blazer-ceket-haki\/"},"modified":"2026-04-03T14:50:01","modified_gmt":"2026-04-03T14:50:01","slug":"kemerli-blazer-ceket-haki","status":"publish","type":"product","link":"https:\/\/mod.wisdar.net\/tr\/urun\/kemerli-blazer-ceket-haki\/","title":{"rendered":"Kemerli Blazer Ceket \u2013 Haki"},"content":{"rendered":"<p>Klasik zarafet, modern \u00e7izgilerle \u015fekillendirildi: Kemerli Blazer Ceket, stil sahibi kad\u0131nlar i\u00e7in vazge\u00e7ilmez bir par\u00e7a olmaya aday. Beldeki kemer detay\u0131, v\u00fccut \u015feklini zarif bir \u015fekilde vurgulayarak feminen ve g\u00fc\u00e7l\u00fc bir siluet sunar.<\/p>\n<p>Kuma\u015f \u0130\u00e7eri\u011fi: %93 Reyon, %7 Polyester<br \/>\nDesen: D\u00fcz<br \/>\nYaka Tipi: Blazer Yaka<br \/>\nKol Tipi: Uzun Kol<br \/>\nCep: D\u00fcnya Cebi<br \/>\nAstar: Astars\u0131z<br \/>\n\u00dcr\u00fcn Uzunlu\u011fu: 85 cm<br \/>\nKal\u0131p: Normal Kal\u0131p<br \/>\nModelin Giydi\u011fi Beden: 38<br \/>\nModel \u00d6l\u00e7\u00fcleri: Boy: 176 cm, G\u00f6\u011f\u00fcs: 80 cm, Bel: 61 cm, Kal\u00e7a: 87 cm<\/p>\n","protected":false},"excerpt":{"rendered":"<p>Klasik zarafet, modern \u00e7izgilerle \u015fekillendirildi: Kemerli Blazer Ceket, stil sahibi kad\u0131nlar i\u00e7in vazge\u00e7ilmez bir par\u00e7a olmaya aday. Beldeki kemer detay\u0131, v\u00fccut \u015feklini zarif bir \u015fekilde vurgulayarak feminen ve g\u00fc\u00e7l\u00fc bir siluet sunar. Kuma\u015f \u0130\u00e7eri\u011fi: %93 Reyon, %7 Polyester Desen: D\u00fcz Yaka Tipi: Blazer Yaka Kol Tipi: Uzun Kol Cep: D\u00fcnya Cebi Astar: Astars\u0131z \u00dcr\u00fcn Uzunlu\u011fu: [&hellip;]<\/p>\n","protected":false},"featured_media":63407,"comment_status":"open","ping_status":"closed","template":"","meta":[],"product_brand":[],"product_cat":[2050],"product_tag":[7943,7547],"class_list":{"0":"post-63412","1":"product","2":"type-product","3":"status-publish","4":"has-post-thumbnail","6":"product_cat-blazer-ceketler","7":"product_tag-blazer","8":"product_tag-kadin-giyim","9":"pa_brand-tugba","10":"pa_color-haki","11":"pa_size-4706","12":"pa_size-4711","13":"pa_size-4713","14":"pa_size-4751","15":"pa_size-4749","16":"pa_size-4747","18":"first","19":"instock","20":"sale","21":"shipping-taxable","22":"purchasable","23":"product-type-variable"},"_links":{"self":[{"href":"https:\/\/mod.wisdar.net\/tr\/wp-json\/wp\/v2\/product\/63412","targetHints":{"allow":["GET"]}}],"collection":[{"href":"https:\/\/mod.wisdar.net\/tr\/wp-json\/wp\/v2\/product"}],"about":[{"href":"https:\/\/mod.wisdar.net\/tr\/wp-json\/wp\/v2\/types\/product"}],"replies":[{"embeddable":true,"href":"https:\/\/mod.wisdar.net\/tr\/wp-json\/wp\/v2\/comments?post=63412"}],"wp:featuredmedia":[{"embeddable":true,"href":"https:\/\/mod.wisdar.net\/tr\/wp-json\/wp\/v2\/media\/63407"}],"wp:attachment":[{"href":"https:\/\/mod.wisdar.net\/tr\/wp-json\/wp\/v2\/media?parent=63412"}],"wp:term":[{"taxonomy":"product_brand","embeddable":true,"href":"https:\/\/mod.wisdar.net\/tr\/wp-json\/wp\/v2\/product_brand?post=63412"},{"taxonomy":"product_cat","embeddable":true,"href":"https:\/\/mod.wisdar.net\/tr\/wp-json\/wp\/v2\/product_cat?post=63412"},{"taxonomy":"product_tag","embeddable":true,"href":"https:\/\/mod.wisdar.net\/tr\/wp-json\/wp\/v2\/product_tag?post=63412"}],"curies":[{"name":"wp","href":"https:\/\/api.w.org\/{rel}","templated":true}]}}