{"id":63427,"date":"2025-11-12T17:47:51","date_gmt":"2025-11-12T17:47:51","guid":{"rendered":"https:\/\/modesthanim.com\/product\/percinli-kemerli-ceket-lacivert\/"},"modified":"2026-04-10T14:10:49","modified_gmt":"2026-04-10T14:10:49","slug":"percinli-kemerli-ceket-lacivert","status":"publish","type":"product","link":"https:\/\/mod.wisdar.net\/tr\/urun\/percinli-kemerli-ceket-lacivert\/","title":{"rendered":"Per\u00e7inli Kemerli Ceket \u2013 Lacivert"},"content":{"rendered":"<p>Per\u00e7in detaylar\u0131 ile zenginle\u015ftirilmi\u015f bu kemerli ceket, g\u00fc\u00e7l\u00fc ve \u015f\u0131k bir duru\u015f sunar. Beldeki kemer detay\u0131 v\u00fccut hatlar\u0131n\u0131 zarif bir \u015fekilde vurgular. Hem \u015fehir \u015f\u0131kl\u0131\u011f\u0131na hem de ofis tarz\u0131na kolayca uyum sa\u011flar.<\/p>\n<p>Kuma\u015f \u0130\u00e7eri\u011fi: %97 Pamuk, %3 Elastan<br \/>\nDesen: D\u00fcz<br \/>\nYaka Tipi: Blazer Yaka<br \/>\nKol Tipi: Uzun Kol<br \/>\nCep: Yama Cep<br \/>\nAstar: Astars\u0131z<br \/>\n\u00dcr\u00fcn Uzunlu\u011fu: 80 cm<br \/>\nKal\u0131p: Normal Kal\u0131p<br \/>\nModelin Giydi\u011fi Beden: 36<br \/>\nModel \u00d6l\u00e7\u00fcleri: Boy: 176 cm, G\u00f6\u011f\u00fcs: 80 cm, Bel: 62 cm, Kal\u00e7a: 90 cm<\/p>\n","protected":false},"excerpt":{"rendered":"<p>Per\u00e7in detaylar\u0131 ile zenginle\u015ftirilmi\u015f bu kemerli ceket, g\u00fc\u00e7l\u00fc ve \u015f\u0131k bir duru\u015f sunar. Beldeki kemer detay\u0131 v\u00fccut hatlar\u0131n\u0131 zarif bir \u015fekilde vurgular. Hem \u015fehir \u015f\u0131kl\u0131\u011f\u0131na hem de ofis tarz\u0131na kolayca uyum sa\u011flar. Kuma\u015f \u0130\u00e7eri\u011fi: %97 Pamuk, %3 Elastan Desen: D\u00fcz Yaka Tipi: Blazer Yaka Kol Tipi: Uzun Kol Cep: Yama Cep Astar: Astars\u0131z \u00dcr\u00fcn Uzunlu\u011fu: [&hellip;]<\/p>\n","protected":false},"featured_media":63419,"comment_status":"open","ping_status":"closed","template":"","meta":[],"product_brand":[],"product_cat":[2044],"product_tag":[7668,8282],"class_list":{"0":"post-63427","1":"product","2":"type-product","3":"status-publish","4":"has-post-thumbnail","6":"product_cat-ceketler","7":"product_tag-kemerli","8":"product_tag-lacivert-2","9":"pa_brand-tugba","10":"pa_color-lacivert","11":"pa_size-4701","12":"pa_size-4706","13":"pa_size-4711","14":"pa_size-4713","15":"pa_size-4751","17":"first","18":"instock","19":"sale","20":"shipping-taxable","21":"purchasable","22":"product-type-variable"},"_links":{"self":[{"href":"https:\/\/mod.wisdar.net\/tr\/wp-json\/wp\/v2\/product\/63427","targetHints":{"allow":["GET"]}}],"collection":[{"href":"https:\/\/mod.wisdar.net\/tr\/wp-json\/wp\/v2\/product"}],"about":[{"href":"https:\/\/mod.wisdar.net\/tr\/wp-json\/wp\/v2\/types\/product"}],"replies":[{"embeddable":true,"href":"https:\/\/mod.wisdar.net\/tr\/wp-json\/wp\/v2\/comments?post=63427"}],"wp:featuredmedia":[{"embeddable":true,"href":"https:\/\/mod.wisdar.net\/tr\/wp-json\/wp\/v2\/media\/63419"}],"wp:attachment":[{"href":"https:\/\/mod.wisdar.net\/tr\/wp-json\/wp\/v2\/media?parent=63427"}],"wp:term":[{"taxonomy":"product_brand","embeddable":true,"href":"https:\/\/mod.wisdar.net\/tr\/wp-json\/wp\/v2\/product_brand?post=63427"},{"taxonomy":"product_cat","embeddable":true,"href":"https:\/\/mod.wisdar.net\/tr\/wp-json\/wp\/v2\/product_cat?post=63427"},{"taxonomy":"product_tag","embeddable":true,"href":"https:\/\/mod.wisdar.net\/tr\/wp-json\/wp\/v2\/product_tag?post=63427"}],"curies":[{"name":"wp","href":"https:\/\/api.w.org\/{rel}","templated":true}]}}