{"id":63465,"date":"2025-11-01T19:17:36","date_gmt":"2025-11-01T19:17:36","guid":{"rendered":"https:\/\/modesthanim.com\/product\/yaprak-desenli-baskili-yagmurluk-siyah\/"},"modified":"2026-04-10T13:42:12","modified_gmt":"2026-04-10T13:42:12","slug":"yaprak-desenli-baskili-yagmurluk-siyah","status":"publish","type":"product","link":"https:\/\/mod.wisdar.net\/tr\/urun\/yaprak-desenli-baskili-yagmurluk-siyah\/","title":{"rendered":"Yaprak Desenli Bask\u0131l\u0131 Ya\u011fmurluk \u2013 Siyah"},"content":{"rendered":"<p>G\u00fcnl\u00fck kullan\u0131mdan a\u00e7\u0131k hava etkinliklerine kadar ideal olan bu ya\u011fmurluk, i\u015flevsellik ve trend bir g\u00f6r\u00fcn\u00fcm\u00fc bir arada sunar.<\/p>\n<p>Kuma\u015f \u0130\u00e7eri\u011fi: %65 Pamuk, %35 Naylon<br \/>\nDesen: D\u00fcz \u2013 Bask\u0131 Deseni<br \/>\nYaka Tipi: Kap\u00fc\u015fonlu Yaka<br \/>\nKol Tipi: Uzun Kol<br \/>\nCep: Yama Cep<br \/>\nAstar: Astars\u0131z<br \/>\n\u00dcr\u00fcn Uzunlu\u011fu: 90 cm<br \/>\nKal\u0131p: Rahat Kal\u0131p<br \/>\nModelin Giydi\u011fi Beden: 38<\/p>\n<p>Model \u00d6l\u00e7\u00fcleri: Boy: 176 cm, G\u00f6\u011f\u00fcs: 82 cm, Bel: 61 cm, Kal\u00e7a: 88 cm<\/p>\n<p>\u2014 Teknik Detaylar \u2014<br \/>\nDesen: D\u00fcz \u2013 Bask\u0131 Deseni<br \/>\nYaka Tipi: Kap\u00fc\u015fonlu Yaka<br \/>\nKol Tipi: Uzun Kol<br \/>\nCep: Yama Cep<br \/>\nAstar: Astars\u0131z<br \/>\n\u00dcr\u00fcn Uzunlu\u011fu: 90 cm<br \/>\nKal\u0131p: Rahat Kal\u0131p<br \/>\nModelin Giydi\u011fi Beden: 38<br \/>\nModel \u00d6l\u00e7\u00fcleri: Boy: 176 cm, G\u00f6\u011f\u00fcs: 82 cm, Bel: 61 cm, Kal\u00e7a: 88 cm<br \/>\nBeden \u00d6l\u00e7\u00fcleri (cm): Beden 38: Omuz: 56, G\u00f6\u011f\u00fcs: 112, Bel: 114, Kal\u00e7a: 122, Uzunluk: 90, Kol Uzunlu\u011fu: 50.5; Beden 40: Omuz: 56.5, G\u00f6\u011f\u00fcs: 116, Bel: 118, Kal\u00e7a: 126, Uzunluk: 90.5, Kol Uzunlu\u011fu: 51; Beden 42: Omuz: 57, G\u00f6\u011f\u00fcs: 120, Bel: 122, Kal\u00e7a: 130, Uzunluk: 91, Kol Uzunlu\u011fu: 51.5; Beden 44: Omuz: 57.5, G\u00f6\u011f\u00fcs: 124, Bel: 126, Kal\u00e7a: 134, Uzunluk: 91.5, Kol Uzunlu\u011fu: 52; Beden 46: Omuz: 58, G\u00f6\u011f\u00fcs: 130, Bel: 132, Kal\u00e7a: 140, Uzunluk: 92, Kol Uzunlu\u011fu: 52.5<\/p>\n","protected":false},"excerpt":{"rendered":"<p>G\u00fcnl\u00fck kullan\u0131mdan a\u00e7\u0131k hava etkinliklerine kadar ideal olan bu ya\u011fmurluk, i\u015flevsellik ve trend bir g\u00f6r\u00fcn\u00fcm\u00fc bir arada sunar. Kuma\u015f \u0130\u00e7eri\u011fi: %65 Pamuk, %35 Naylon Desen: D\u00fcz \u2013 Bask\u0131 Deseni Yaka Tipi: Kap\u00fc\u015fonlu Yaka Kol Tipi: Uzun Kol Cep: Yama Cep Astar: Astars\u0131z \u00dcr\u00fcn Uzunlu\u011fu: 90 cm Kal\u0131p: Rahat Kal\u0131p Modelin Giydi\u011fi Beden: 38 Model \u00d6l\u00e7\u00fcleri: [&hellip;]<\/p>\n","protected":false},"featured_media":63459,"comment_status":"open","ping_status":"closed","template":"","meta":[],"product_brand":[],"product_cat":[2047],"product_tag":[8105],"class_list":{"0":"post-63465","1":"product","2":"type-product","3":"status-publish","4":"has-post-thumbnail","6":"product_cat-paltolar","7":"product_tag-trend","8":"pa_brand-tugba","9":"pa_color-siyah","10":"pa_size-4706","11":"pa_size-4711","12":"pa_size-4713","13":"pa_size-4751","14":"pa_size-4749","16":"first","17":"instock","18":"sale","19":"shipping-taxable","20":"purchasable","21":"product-type-variable"},"_links":{"self":[{"href":"https:\/\/mod.wisdar.net\/tr\/wp-json\/wp\/v2\/product\/63465","targetHints":{"allow":["GET"]}}],"collection":[{"href":"https:\/\/mod.wisdar.net\/tr\/wp-json\/wp\/v2\/product"}],"about":[{"href":"https:\/\/mod.wisdar.net\/tr\/wp-json\/wp\/v2\/types\/product"}],"replies":[{"embeddable":true,"href":"https:\/\/mod.wisdar.net\/tr\/wp-json\/wp\/v2\/comments?post=63465"}],"wp:featuredmedia":[{"embeddable":true,"href":"https:\/\/mod.wisdar.net\/tr\/wp-json\/wp\/v2\/media\/63459"}],"wp:attachment":[{"href":"https:\/\/mod.wisdar.net\/tr\/wp-json\/wp\/v2\/media?parent=63465"}],"wp:term":[{"taxonomy":"product_brand","embeddable":true,"href":"https:\/\/mod.wisdar.net\/tr\/wp-json\/wp\/v2\/product_brand?post=63465"},{"taxonomy":"product_cat","embeddable":true,"href":"https:\/\/mod.wisdar.net\/tr\/wp-json\/wp\/v2\/product_cat?post=63465"},{"taxonomy":"product_tag","embeddable":true,"href":"https:\/\/mod.wisdar.net\/tr\/wp-json\/wp\/v2\/product_tag?post=63465"}],"curies":[{"name":"wp","href":"https:\/\/api.w.org\/{rel}","templated":true}]}}