{"id":63486,"date":"2025-11-07T20:16:06","date_gmt":"2025-11-01T12:43:48","guid":{"rendered":"https:\/\/modesthanim.com\/product\/yuvarlak-yaka-kolsuz-orgu-body-siyah\/"},"modified":"2026-03-17T12:29:32","modified_gmt":"2026-03-17T12:29:32","slug":"yuvarlak-yaka-kolsuz-orgu-body-siyah","status":"publish","type":"product","link":"https:\/\/mod.wisdar.net\/tr\/urun\/yuvarlak-yaka-kolsuz-orgu-body-siyah\/","title":{"rendered":"Yuvarlak Yaka Kolsuz \u00d6rg\u00fc Body Siyah"},"content":{"rendered":"<p>Yuvarlak Yaka Kolsuz \u00d6rg\u00fc Body Siyah, minimal tasar\u0131m\u0131 ve rahat kal\u0131b\u0131 ile gard\u0131robunuzun vazge\u00e7ilmez bir par\u00e7as\u0131d\u0131r. Hafif ve esnek yap\u0131s\u0131 g\u00fcn boyu konfor sa\u011flarken, yuvarlak yaka basit ama \u015f\u0131k bir g\u00f6r\u00fcn\u00fcm yarat\u0131r. Kolsuz formu, ceketler, g\u00f6mlekler veya h\u0131rkalarla kolay katmanlama yap\u0131lmas\u0131n\u0131 sa\u011flar ve mevsim ne olursa olsun g\u00fcnl\u00fck k\u0131yafetler veya katmanl\u0131 stiller i\u00e7in olmazsa olmaz bir temel par\u00e7ad\u0131r.<\/p>\n<p>\u2014 Teknik Detaylar \u2014<br \/>\n\u00dcr\u00fcn Tipi: \u00d6rg\u00fc h\u0131rka<br \/>\nYaka: Yuvarlak yaka<br \/>\nKol ve Etek: \u00d6rg\u00fc ribana man\u015fetler<\/p>\n","protected":false},"excerpt":{"rendered":"<p>Yuvarlak Yaka Kolsuz \u00d6rg\u00fc Body Siyah, minimal tasar\u0131m\u0131 ve rahat kal\u0131b\u0131 ile gard\u0131robunuzun vazge\u00e7ilmez bir par\u00e7as\u0131d\u0131r. Hafif ve esnek yap\u0131s\u0131 g\u00fcn boyu konfor sa\u011flarken, yuvarlak yaka basit ama \u015f\u0131k bir g\u00f6r\u00fcn\u00fcm yarat\u0131r. Kolsuz formu, ceketler, g\u00f6mlekler veya h\u0131rkalarla kolay katmanlama yap\u0131lmas\u0131n\u0131 sa\u011flar ve mevsim ne olursa olsun g\u00fcnl\u00fck k\u0131yafetler veya katmanl\u0131 stiller i\u00e7in olmazsa olmaz [&hellip;]<\/p>\n","protected":false},"featured_media":63483,"comment_status":"open","ping_status":"closed","template":"","meta":[],"product_brand":[],"product_cat":[1909],"product_tag":[6936,7144,6751,8107],"class_list":{"0":"post-63486","1":"product","2":"type-product","3":"status-publish","4":"has-post-thumbnail","6":"product_cat-bluzlar-ve-gomlekler","7":"product_tag-cok-yonlu","8":"product_tag-minimalist","9":"product_tag-rahat","10":"product_tag-sik","11":"pa_brand-kadriye-basturk","12":"pa_color-siyah","13":"pa_size-4701","14":"pa_size-4706","15":"pa_size-4711","16":"pa_size-4713","18":"first","19":"instock","20":"sale","21":"shipping-taxable","22":"purchasable","23":"product-type-variable"},"_links":{"self":[{"href":"https:\/\/mod.wisdar.net\/tr\/wp-json\/wp\/v2\/product\/63486","targetHints":{"allow":["GET"]}}],"collection":[{"href":"https:\/\/mod.wisdar.net\/tr\/wp-json\/wp\/v2\/product"}],"about":[{"href":"https:\/\/mod.wisdar.net\/tr\/wp-json\/wp\/v2\/types\/product"}],"replies":[{"embeddable":true,"href":"https:\/\/mod.wisdar.net\/tr\/wp-json\/wp\/v2\/comments?post=63486"}],"wp:featuredmedia":[{"embeddable":true,"href":"https:\/\/mod.wisdar.net\/tr\/wp-json\/wp\/v2\/media\/63483"}],"wp:attachment":[{"href":"https:\/\/mod.wisdar.net\/tr\/wp-json\/wp\/v2\/media?parent=63486"}],"wp:term":[{"taxonomy":"product_brand","embeddable":true,"href":"https:\/\/mod.wisdar.net\/tr\/wp-json\/wp\/v2\/product_brand?post=63486"},{"taxonomy":"product_cat","embeddable":true,"href":"https:\/\/mod.wisdar.net\/tr\/wp-json\/wp\/v2\/product_cat?post=63486"},{"taxonomy":"product_tag","embeddable":true,"href":"https:\/\/mod.wisdar.net\/tr\/wp-json\/wp\/v2\/product_tag?post=63486"}],"curies":[{"name":"wp","href":"https:\/\/api.w.org\/{rel}","templated":true}]}}