{"id":63502,"date":"2025-11-07T20:16:06","date_gmt":"2025-11-01T12:41:27","guid":{"rendered":"https:\/\/modesthanim.com\/product\/haki-esra-pantolon-takimi\/"},"modified":"2026-01-15T08:18:34","modified_gmt":"2026-01-15T08:18:34","slug":"haki-esra-pantolon-takimi","status":"publish","type":"product","link":"https:\/\/mod.wisdar.net\/tr\/urun\/haki-esra-pantolon-takimi\/","title":{"rendered":"Haki Esra Pantolon Tak\u0131m\u0131"},"content":{"rendered":"<p>Tak\u0131m, birinci s\u0131n\u0131f Tencel kuma\u015ftan yap\u0131lm\u0131\u015ft\u0131r. Pan\u00e7o, d\u00fc\u011fmeli ve tam boydur. Pan\u00e7onun yarasa kollar\u0131 vard\u0131r. Pan\u00e7onun arkas\u0131 daha uzundur. Pantolonlar\u0131n cepleri bulunmaktad\u0131r. Pan\u00e7onun \u00f6n uzunlu\u011fu 50cm, arka uzunlu\u011fu 87cm&#8217;dir. Pantolonun uzunlu\u011fu 107cm, bel \u00f6l\u00e7\u00fcs\u00fc 37cm&#8217;dir.<\/p>\n","protected":false},"excerpt":{"rendered":"<p>Tak\u0131m, birinci s\u0131n\u0131f Tencel kuma\u015ftan yap\u0131lm\u0131\u015ft\u0131r. Pan\u00e7o, d\u00fc\u011fmeli ve tam boydur. Pan\u00e7onun yarasa kollar\u0131 vard\u0131r. Pan\u00e7onun arkas\u0131 daha uzundur. Pantolonlar\u0131n cepleri bulunmaktad\u0131r. Pan\u00e7onun \u00f6n uzunlu\u011fu 50cm, arka uzunlu\u011fu 87cm&#8217;dir. Pantolonun uzunlu\u011fu 107cm, bel \u00f6l\u00e7\u00fcs\u00fc 37cm&#8217;dir.<\/p>\n","protected":false},"featured_media":63499,"comment_status":"open","ping_status":"closed","template":"","meta":[],"product_brand":[],"product_cat":[1853],"product_tag":[],"class_list":{"0":"post-63502","1":"product","2":"type-product","3":"status-publish","4":"has-post-thumbnail","6":"product_cat-womens-fashion-ar","8":"first","9":"instock","10":"sale","11":"shipping-taxable","12":"purchasable","13":"product-type-variable"},"_links":{"self":[{"href":"https:\/\/mod.wisdar.net\/tr\/wp-json\/wp\/v2\/product\/63502","targetHints":{"allow":["GET"]}}],"collection":[{"href":"https:\/\/mod.wisdar.net\/tr\/wp-json\/wp\/v2\/product"}],"about":[{"href":"https:\/\/mod.wisdar.net\/tr\/wp-json\/wp\/v2\/types\/product"}],"replies":[{"embeddable":true,"href":"https:\/\/mod.wisdar.net\/tr\/wp-json\/wp\/v2\/comments?post=63502"}],"wp:featuredmedia":[{"embeddable":true,"href":"https:\/\/mod.wisdar.net\/tr\/wp-json\/wp\/v2\/media\/63499"}],"wp:attachment":[{"href":"https:\/\/mod.wisdar.net\/tr\/wp-json\/wp\/v2\/media?parent=63502"}],"wp:term":[{"taxonomy":"product_brand","embeddable":true,"href":"https:\/\/mod.wisdar.net\/tr\/wp-json\/wp\/v2\/product_brand?post=63502"},{"taxonomy":"product_cat","embeddable":true,"href":"https:\/\/mod.wisdar.net\/tr\/wp-json\/wp\/v2\/product_cat?post=63502"},{"taxonomy":"product_tag","embeddable":true,"href":"https:\/\/mod.wisdar.net\/tr\/wp-json\/wp\/v2\/product_tag?post=63502"}],"curies":[{"name":"wp","href":"https:\/\/api.w.org\/{rel}","templated":true}]}}