{"id":63552,"date":"2025-12-31T01:56:21","date_gmt":"2025-12-31T01:56:21","guid":{"rendered":"https:\/\/modesthanim.com\/product\/siyah-nehir-pantolon-takimi\/"},"modified":"2026-04-02T22:02:14","modified_gmt":"2026-04-02T22:02:14","slug":"siyah-nehir-pantolon-takimi","status":"publish","type":"product","link":"https:\/\/mod.wisdar.net\/tr\/urun\/siyah-nehir-pantolon-takimi\/","title":{"rendered":"Siyah Nehir Pantolon Tak\u0131m\u0131"},"content":{"rendered":"<p>Tak\u0131m, birinci s\u0131n\u0131f ipek cupra kuma\u015ftan yap\u0131lm\u0131\u015ft\u0131r. Tunik, arkada fermuar \u00f6zelli\u011fine sahiptir. Bir bro\u015f ve \u00e7\u0131kar\u0131labilir bir kemer i\u00e7erir. Pantolonun elastik bel band\u0131 vard\u0131r. Tunik uzunlu\u011fu: 81cm, Omuz: 38cm, G\u00f6\u011f\u00fcs: 51cm Pantolon uzunlu\u011fu: 109cm, Bel: 32cm<\/p>\n","protected":false},"excerpt":{"rendered":"<p>Tak\u0131m, birinci s\u0131n\u0131f ipek cupra kuma\u015ftan yap\u0131lm\u0131\u015ft\u0131r. Tunik, arkada fermuar \u00f6zelli\u011fine sahiptir. Bir bro\u015f ve \u00e7\u0131kar\u0131labilir bir kemer i\u00e7erir. Pantolonun elastik bel band\u0131 vard\u0131r. Tunik uzunlu\u011fu: 81cm, Omuz: 38cm, G\u00f6\u011f\u00fcs: 51cm Pantolon uzunlu\u011fu: 109cm, Bel: 32cm<\/p>\n","protected":false},"featured_media":63549,"comment_status":"open","ping_status":"closed","template":"","meta":[],"product_brand":[],"product_cat":[1900],"product_tag":[5012],"class_list":{"0":"post-63552","1":"product","2":"type-product","3":"status-publish","4":"has-post-thumbnail","6":"product_cat-koordinatlar-setler","7":"product_tag-elegant","8":"pa_brand-butikkolik","9":"pa_color-siyah","10":"pa_size-4706","11":"pa_size-4711","12":"pa_size-4713","13":"pa_size-4751","14":"pa_size-4749","16":"first","17":"outofstock","18":"sale","19":"shipping-taxable","20":"purchasable","21":"product-type-variable"},"_links":{"self":[{"href":"https:\/\/mod.wisdar.net\/tr\/wp-json\/wp\/v2\/product\/63552","targetHints":{"allow":["GET"]}}],"collection":[{"href":"https:\/\/mod.wisdar.net\/tr\/wp-json\/wp\/v2\/product"}],"about":[{"href":"https:\/\/mod.wisdar.net\/tr\/wp-json\/wp\/v2\/types\/product"}],"replies":[{"embeddable":true,"href":"https:\/\/mod.wisdar.net\/tr\/wp-json\/wp\/v2\/comments?post=63552"}],"wp:featuredmedia":[{"embeddable":true,"href":"https:\/\/mod.wisdar.net\/tr\/wp-json\/wp\/v2\/media\/63549"}],"wp:attachment":[{"href":"https:\/\/mod.wisdar.net\/tr\/wp-json\/wp\/v2\/media?parent=63552"}],"wp:term":[{"taxonomy":"product_brand","embeddable":true,"href":"https:\/\/mod.wisdar.net\/tr\/wp-json\/wp\/v2\/product_brand?post=63552"},{"taxonomy":"product_cat","embeddable":true,"href":"https:\/\/mod.wisdar.net\/tr\/wp-json\/wp\/v2\/product_cat?post=63552"},{"taxonomy":"product_tag","embeddable":true,"href":"https:\/\/mod.wisdar.net\/tr\/wp-json\/wp\/v2\/product_tag?post=63552"}],"curies":[{"name":"wp","href":"https:\/\/api.w.org\/{rel}","templated":true}]}}