{"id":63664,"date":"2025-11-07T20:16:06","date_gmt":"2025-11-01T12:38:02","guid":{"rendered":"https:\/\/modesthanim.com\/product\/elisa-erikli-etek-takimi\/"},"modified":"2026-02-09T13:29:08","modified_gmt":"2026-02-09T13:29:08","slug":"elisa-erikli-etek-takimi","status":"publish","type":"product","link":"https:\/\/mod.wisdar.net\/tr\/urun\/elisa-erikli-etek-takimi\/","title":{"rendered":"Elisa Erikli Etek Tak\u0131m\u0131"},"content":{"rendered":"<p>Ceket yorganl\u0131 kuma\u015ftan yap\u0131lm\u0131\u015ft\u0131r. Etek s\u00fcet malzemeden \u00fcretilmi\u015ftir.<br \/>\nCeket, k\u00f6pek di\u015fi desenine sahiptir.<br \/>\nCeket omuz pedleri i\u00e7erir.<br \/>\nCeket astarl\u0131d\u0131r.<br \/>\nCeketin \u00f6n\u00fcnde ba\u011flama detay\u0131 bulunmaktad\u0131r.<br \/>\nEtek yan fermuarla donat\u0131lm\u0131\u015ft\u0131r.<br \/>\nEtek panel detaylar\u0131 i\u00e7ermektedir.<br \/>\nCeket Uzunlu\u011fu: 51cm, Omuz: 43cm, G\u00f6\u011f\u00fcs: 52cm<br \/>\nEtek Uzunlu\u011fu: 95cm, Bel: 36cm<\/p>\n","protected":false},"excerpt":{"rendered":"<p>Ceket yorganl\u0131 kuma\u015ftan yap\u0131lm\u0131\u015ft\u0131r. Etek s\u00fcet malzemeden \u00fcretilmi\u015ftir. Ceket, k\u00f6pek di\u015fi desenine sahiptir. Ceket omuz pedleri i\u00e7erir. Ceket astarl\u0131d\u0131r. Ceketin \u00f6n\u00fcnde ba\u011flama detay\u0131 bulunmaktad\u0131r. Etek yan fermuarla donat\u0131lm\u0131\u015ft\u0131r. Etek panel detaylar\u0131 i\u00e7ermektedir. Ceket Uzunlu\u011fu: 51cm, Omuz: 43cm, G\u00f6\u011f\u00fcs: 52cm Etek Uzunlu\u011fu: 95cm, Bel: 36cm<\/p>\n","protected":false},"featured_media":63661,"comment_status":"open","ping_status":"closed","template":"","meta":[],"product_brand":[],"product_cat":[1853],"product_tag":[],"class_list":{"0":"post-63664","1":"product","2":"type-product","3":"status-publish","4":"has-post-thumbnail","6":"product_cat-womens-fashion-ar","8":"first","9":"instock","10":"sale","11":"shipping-taxable","12":"purchasable","13":"product-type-variable"},"_links":{"self":[{"href":"https:\/\/mod.wisdar.net\/tr\/wp-json\/wp\/v2\/product\/63664","targetHints":{"allow":["GET"]}}],"collection":[{"href":"https:\/\/mod.wisdar.net\/tr\/wp-json\/wp\/v2\/product"}],"about":[{"href":"https:\/\/mod.wisdar.net\/tr\/wp-json\/wp\/v2\/types\/product"}],"replies":[{"embeddable":true,"href":"https:\/\/mod.wisdar.net\/tr\/wp-json\/wp\/v2\/comments?post=63664"}],"wp:featuredmedia":[{"embeddable":true,"href":"https:\/\/mod.wisdar.net\/tr\/wp-json\/wp\/v2\/media\/63661"}],"wp:attachment":[{"href":"https:\/\/mod.wisdar.net\/tr\/wp-json\/wp\/v2\/media?parent=63664"}],"wp:term":[{"taxonomy":"product_brand","embeddable":true,"href":"https:\/\/mod.wisdar.net\/tr\/wp-json\/wp\/v2\/product_brand?post=63664"},{"taxonomy":"product_cat","embeddable":true,"href":"https:\/\/mod.wisdar.net\/tr\/wp-json\/wp\/v2\/product_cat?post=63664"},{"taxonomy":"product_tag","embeddable":true,"href":"https:\/\/mod.wisdar.net\/tr\/wp-json\/wp\/v2\/product_tag?post=63664"}],"curies":[{"name":"wp","href":"https:\/\/api.w.org\/{rel}","templated":true}]}}