{"id":63687,"date":"2025-12-31T02:00:31","date_gmt":"2025-12-31T02:00:31","guid":{"rendered":"https:\/\/modesthanim.com\/product\/elisa-etek-takimi-aci-kahverengi\/"},"modified":"2026-04-02T20:40:25","modified_gmt":"2026-04-02T20:40:25","slug":"elisa-etek-takimi-aci-kahverengi","status":"publish","type":"product","link":"https:\/\/mod.wisdar.net\/tr\/urun\/elisa-etek-takimi-aci-kahverengi\/","title":{"rendered":"Elisa Etek Tak\u0131m\u0131 Ac\u0131 Kahverengi"},"content":{"rendered":"<p>Tak\u0131m ceketi kapitone kuma\u015ftan yap\u0131lm\u0131\u015ft\u0131r. Etek s\u00fcetten yap\u0131lm\u0131\u015ft\u0131r.<br \/>\nTak\u0131m ceketi k\u00f6pek di\u015fi desenine sahiptir.<br \/>\nTak\u0131m ceketinde omuz pedleri bulunmaktad\u0131r.<br \/>\nTak\u0131m ceketi astarl\u0131d\u0131r.<br \/>\nTak\u0131m ceketinde \u00f6n ba\u011flama detay\u0131 vard\u0131r.<br \/>\nTak\u0131m ete\u011finde yan fermuar bulunmaktad\u0131r.<br \/>\nTak\u0131m ete\u011finde panel detaylar\u0131 vard\u0131r.<br \/>\nTak\u0131m Ceket Uzunlu\u011fu: 51cm Omuz: 43cm G\u00f6\u011f\u00fcs: 52cm<br \/>\nTak\u0131m Etek Uzunlu\u011fu: 95cm Bel: 36cm<\/p>\n","protected":false},"excerpt":{"rendered":"<p>Tak\u0131m ceketi kapitone kuma\u015ftan yap\u0131lm\u0131\u015ft\u0131r. Etek s\u00fcetten yap\u0131lm\u0131\u015ft\u0131r. Tak\u0131m ceketi k\u00f6pek di\u015fi desenine sahiptir. Tak\u0131m ceketinde omuz pedleri bulunmaktad\u0131r. Tak\u0131m ceketi astarl\u0131d\u0131r. Tak\u0131m ceketinde \u00f6n ba\u011flama detay\u0131 vard\u0131r. Tak\u0131m ete\u011finde yan fermuar bulunmaktad\u0131r. Tak\u0131m ete\u011finde panel detaylar\u0131 vard\u0131r. Tak\u0131m Ceket Uzunlu\u011fu: 51cm Omuz: 43cm G\u00f6\u011f\u00fcs: 52cm Tak\u0131m Etek Uzunlu\u011fu: 95cm Bel: 36cm<\/p>\n","protected":false},"featured_media":63684,"comment_status":"open","ping_status":"closed","template":"","meta":[],"product_brand":[],"product_cat":[1900],"product_tag":[5012,6744],"class_list":{"0":"post-63687","1":"product","2":"type-product","3":"status-publish","4":"has-post-thumbnail","6":"product_cat-koordinatlar-setler","7":"product_tag-elegant","8":"product_tag-kadin-modasi","9":"pa_brand-butikkolik","10":"pa_color-aci-kahve-1","11":"pa_size-4446","12":"pa_size-4706","13":"pa_size-4711","14":"pa_size-4713","15":"pa_size-4751","17":"first","18":"outofstock","19":"sale","20":"shipping-taxable","21":"purchasable","22":"product-type-variable"},"_links":{"self":[{"href":"https:\/\/mod.wisdar.net\/tr\/wp-json\/wp\/v2\/product\/63687","targetHints":{"allow":["GET"]}}],"collection":[{"href":"https:\/\/mod.wisdar.net\/tr\/wp-json\/wp\/v2\/product"}],"about":[{"href":"https:\/\/mod.wisdar.net\/tr\/wp-json\/wp\/v2\/types\/product"}],"replies":[{"embeddable":true,"href":"https:\/\/mod.wisdar.net\/tr\/wp-json\/wp\/v2\/comments?post=63687"}],"wp:featuredmedia":[{"embeddable":true,"href":"https:\/\/mod.wisdar.net\/tr\/wp-json\/wp\/v2\/media\/63684"}],"wp:attachment":[{"href":"https:\/\/mod.wisdar.net\/tr\/wp-json\/wp\/v2\/media?parent=63687"}],"wp:term":[{"taxonomy":"product_brand","embeddable":true,"href":"https:\/\/mod.wisdar.net\/tr\/wp-json\/wp\/v2\/product_brand?post=63687"},{"taxonomy":"product_cat","embeddable":true,"href":"https:\/\/mod.wisdar.net\/tr\/wp-json\/wp\/v2\/product_cat?post=63687"},{"taxonomy":"product_tag","embeddable":true,"href":"https:\/\/mod.wisdar.net\/tr\/wp-json\/wp\/v2\/product_tag?post=63687"}],"curies":[{"name":"wp","href":"https:\/\/api.w.org\/{rel}","templated":true}]}}